{"id":41238,"date":"2025-09-02T12:50:32","date_gmt":"2025-09-02T11:50:32","guid":{"rendered":"https:\/\/www.ateti.pt\/loja\/?post_type=product&#038;p=41238"},"modified":"2025-11-20T11:52:22","modified_gmt":"2025-11-20T11:52:22","slug":"barras-de-cereais-original-141g-fitness","status":"publish","type":"product","link":"https:\/\/www.ateti.pt\/loja\/produto\/barras-de-cereais-original-141g-fitness\/","title":{"rendered":"Barras de Cereais Fitness Original 141g Nestl\u00e9"},"content":{"rendered":"<p><strong>Barras de Cereais Original 141g Fitness<\/strong><\/p>\n<p><strong>Quantidade:\u00a0<\/strong>6 barras de cereiais &#8211; 141g<\/p>\n<p><em>Barras de cereais de trigo e aveia integrais<\/em><\/p>\n<p><em>Energia nutritiva. As vitaminas B2, B3, B5 e B6 contribuem para o normal metabolismo produtor de energia. \u00c9 importante seguir uma alimenta\u00e7\u00e3o variada e equilibrada e um estilo de vida ativo.<\/em><\/p>\n<p><strong>Ingredientes:\u00a0<\/strong>Trigo integral (30,6%), arroz (22,5%), agente de volume (polidextrose), oligofrutose, flocos de aveia integral (7,2%), humidificante (glicerol), carbonato de c\u00e1lcio, gordura de coco, a\u00e7\u00facar, xarope de a\u00e7\u00facar invertido, extrato de malte de cevada (ceva, cevada maltada), sal, aroma natural, emulsionante (lecitina de girassol), mela\u00e7o, antioxidante (extrato rico em tocofer\u00f3is) ferro, niacina, \u00e1cido pantot\u00e9nico, vitamina B6, \u00e1cido f\u00f3lico, riboflavina. Pode conter soja, leite e frutos de casca rija.<\/p>\n<p><strong>Declara\u00e7\u00e3o Nutricional (por 100g):\u00a0<\/strong>Energia: 1333kj\/313kcal; L\u00edpidos: 4,4g; dos quais Saturados: 3,2g; Hidratos de Carbono: 52,4g; dos quais A\u00e7\u00facares: 7,1g; Fibra: 26,2g: Prote\u00ednas: 6,1g; Sal: 0,79g.<\/p>\n<p>As Barras de Cereais Original 141g Fitness s\u00e3o feitas com trigo integral e, agora, tamb\u00e9m com aveia integral. Simplesmente deliciosas. S\u00e3o perfeitas para as pequenas pausas do dia. Os cereais Nestl\u00e9 t\u00eam vindo a melhorar as suas receitas, confirmando o compromisso em oferecer um pequeno &#8211; almo\u00e7o cada vez mais saud\u00e1vel, sem comprometer o seu sabor.<\/p>\n<p>V\u00ea mais em <a href=\"https:\/\/www.ateti.pt\/loja\/categoria\/mercearia\/chocolates-biscoitos-e-cereais\/pequeno-almoco-e-cereais\/\">Pequeno Almo\u00e7o e Cereais<\/a><\/p>\n","protected":false},"excerpt":{"rendered":"<p>0,63\u20ac\/un<\/p>\n","protected":false},"featured_media":41239,"comment_status":"closed","ping_status":"closed","template":"","meta":{"_themeisle_gutenberg_block_has_review":false},"product_brand":[],"product_cat":[144,132,145],"product_tag":[],"woo-feed-brand":[],"class_list":{"0":"post-41238","1":"product","2":"type-product","3":"status-publish","4":"has-post-thumbnail","6":"product_cat-chocolates-biscoitos-e-cereais","7":"product_cat-mercearia","8":"product_cat-pequeno-almoco-e-cereais","9":"ts_product_brand-nestle","11":"first","12":"instock","13":"sale","14":"taxable","15":"shipping-taxable","16":"purchasable","17":"product-type-simple"},"_links":{"self":[{"href":"https:\/\/www.ateti.pt\/loja\/wp-json\/wp\/v2\/product\/41238","targetHints":{"allow":["GET"]}}],"collection":[{"href":"https:\/\/www.ateti.pt\/loja\/wp-json\/wp\/v2\/product"}],"about":[{"href":"https:\/\/www.ateti.pt\/loja\/wp-json\/wp\/v2\/types\/product"}],"replies":[{"embeddable":true,"href":"https:\/\/www.ateti.pt\/loja\/wp-json\/wp\/v2\/comments?post=41238"}],"wp:featuredmedia":[{"embeddable":true,"href":"https:\/\/www.ateti.pt\/loja\/wp-json\/wp\/v2\/media\/41239"}],"wp:attachment":[{"href":"https:\/\/www.ateti.pt\/loja\/wp-json\/wp\/v2\/media?parent=41238"}],"wp:term":[{"taxonomy":"product_brand","embeddable":true,"href":"https:\/\/www.ateti.pt\/loja\/wp-json\/wp\/v2\/product_brand?post=41238"},{"taxonomy":"product_cat","embeddable":true,"href":"https:\/\/www.ateti.pt\/loja\/wp-json\/wp\/v2\/product_cat?post=41238"},{"taxonomy":"product_tag","embeddable":true,"href":"https:\/\/www.ateti.pt\/loja\/wp-json\/wp\/v2\/product_tag?post=41238"},{"taxonomy":"woo-feed-brand","embeddable":true,"href":"https:\/\/www.ateti.pt\/loja\/wp-json\/wp\/v2\/woo-feed-brand?post=41238"}],"curies":[{"name":"wp","href":"https:\/\/api.w.org\/{rel}","templated":true}]}}