{"id":40654,"date":"2022-05-16T16:08:22","date_gmt":"2022-05-16T15:08:22","guid":{"rendered":"https:\/\/www.ateti.pt\/loja\/?post_type=product&#038;p=40654"},"modified":"2023-03-29T15:48:56","modified_gmt":"2023-03-29T14:48:56","slug":"sal-rosa-dos-himalaias-fino-salutem-500g","status":"publish","type":"product","link":"https:\/\/www.ateti.pt\/loja\/produto\/sal-rosa-dos-himalaias-fino-salutem-500g\/","title":{"rendered":"Sal Rosa dos Himalaias Fino 500g Salutem"},"content":{"rendered":"<p><strong>Sal Rosa dos Himalaias Fino Salutem<\/strong><\/p>\n<p><strong>Quantidade:<\/strong> 500g<\/p>\n<p><strong>Ingredientes:\u00a0<\/strong>100% sal rosa dos Himalaias. Pode conter vest\u00edgios de gl\u00faten, frutos de casca rija, soja e s\u00e9samo.<\/p>\n<p><strong>Declara\u00e7\u00e3o Nutricional (por 100g): Minerais:\u00a0<\/strong>C\u00e1lcio: 451mg; Ferro: 8,6mg; Pot\u00e1ssio: 384mg; Magn\u00e9sio: 291mg.<\/p>\n<p><em>O sal rosa dos Himalaias, considerado o sal mais puro do mundo, possui uma cor t\u00edpica, que varia entre cristais de cor branca e tons de rosa, resultante da quantidade de mineras que apresenta, como c\u00e1lcio, pot\u00e1ssio e magn\u00e9sio.<\/em><\/p>\n<p><em>O sal-gema \u00e9 oriundo das profundezas das montanhas dos Himalaias, no Paquist\u00e3o. \u00c9 extra\u00eddo \u00e0 m\u00e3o de minas rochosas, possui cerca de 98% de NaCl e 2% de outros minerais. Devido \u00e0 presen\u00e7a de tantos minerais, este sal possui um sabor suave e agrad\u00e1vel, a solu\u00e7\u00e3o perfeita para preparar as suas refei\u00e7\u00f5es.<\/em><\/p>\n<p><em>O consumo de sal deve ser enquadrado numa alimenta\u00e7\u00e3o equilibrada e consumido de forma moderada.<\/em><\/p>\n","protected":false},"excerpt":{"rendered":"<p>2,18\u20ac\/kg<\/p>\n","protected":false},"featured_media":40655,"comment_status":"closed","ping_status":"closed","template":"","meta":{"_themeisle_gutenberg_block_has_review":false},"product_brand":[],"product_cat":[132,174],"product_tag":[593],"woo-feed-brand":[],"class_list":{"0":"post-40654","1":"product","2":"type-product","3":"status-publish","4":"has-post-thumbnail","6":"product_cat-mercearia","7":"product_cat-temperos-e-molhos","8":"product_tag-novidades","9":"ts_product_brand-salutem","11":"first","12":"instock","13":"taxable","14":"shipping-taxable","15":"purchasable","16":"product-type-simple"},"_links":{"self":[{"href":"https:\/\/www.ateti.pt\/loja\/wp-json\/wp\/v2\/product\/40654","targetHints":{"allow":["GET"]}}],"collection":[{"href":"https:\/\/www.ateti.pt\/loja\/wp-json\/wp\/v2\/product"}],"about":[{"href":"https:\/\/www.ateti.pt\/loja\/wp-json\/wp\/v2\/types\/product"}],"replies":[{"embeddable":true,"href":"https:\/\/www.ateti.pt\/loja\/wp-json\/wp\/v2\/comments?post=40654"}],"wp:featuredmedia":[{"embeddable":true,"href":"https:\/\/www.ateti.pt\/loja\/wp-json\/wp\/v2\/media\/40655"}],"wp:attachment":[{"href":"https:\/\/www.ateti.pt\/loja\/wp-json\/wp\/v2\/media?parent=40654"}],"wp:term":[{"taxonomy":"product_brand","embeddable":true,"href":"https:\/\/www.ateti.pt\/loja\/wp-json\/wp\/v2\/product_brand?post=40654"},{"taxonomy":"product_cat","embeddable":true,"href":"https:\/\/www.ateti.pt\/loja\/wp-json\/wp\/v2\/product_cat?post=40654"},{"taxonomy":"product_tag","embeddable":true,"href":"https:\/\/www.ateti.pt\/loja\/wp-json\/wp\/v2\/product_tag?post=40654"},{"taxonomy":"woo-feed-brand","embeddable":true,"href":"https:\/\/www.ateti.pt\/loja\/wp-json\/wp\/v2\/woo-feed-brand?post=40654"}],"curies":[{"name":"wp","href":"https:\/\/api.w.org\/{rel}","templated":true}]}}