{"id":40446,"date":"2022-05-05T16:48:26","date_gmt":"2022-05-05T15:48:26","guid":{"rendered":"https:\/\/www.ateti.pt\/loja\/?post_type=product&#038;p=40446"},"modified":"2023-03-29T15:55:15","modified_gmt":"2023-03-29T14:55:15","slug":"caramelo-liquido-royal-400g","status":"publish","type":"product","link":"https:\/\/www.ateti.pt\/loja\/produto\/caramelo-liquido-royal-400g\/","title":{"rendered":"Caramelo L\u00edquido 400g Royal"},"content":{"rendered":"<p><strong>Caramelo L\u00edquido Royal<\/strong><\/p>\n<p><strong>Quantidade: <\/strong>400g<\/p>\n<p><strong>Ingredientes:\u00a0<\/strong>Xarope de glicose, a\u00e7\u00facar, \u00e1gua, conservante (E-202).<\/p>\n<p><strong>Declara\u00e7\u00e3o Nutricional (por 100g):\u00a0<\/strong>Energia: 1225kj\/290kcal; L\u00edpidos: 0g; dos quais Saturados: 0g; Hidratos de Carbono: 72g; dos quais A\u00e7\u00facares: 40,5g; Fibra: 0g; Prote\u00ednas: 0g; Sal: 0g.<\/p>\n<p>&nbsp;<\/p>\n","protected":false},"excerpt":{"rendered":"<p>7,48\u20ac\/kg<\/p>\n","protected":false},"featured_media":40448,"comment_status":"closed","ping_status":"closed","template":"","meta":{"_themeisle_gutenberg_block_has_review":false},"product_brand":[],"product_cat":[25,144,132],"product_tag":[593],"woo-feed-brand":[],"class_list":{"0":"post-40446","1":"product","2":"type-product","3":"status-publish","4":"has-post-thumbnail","6":"product_cat-chocolates","7":"product_cat-chocolates-biscoitos-e-cereais","8":"product_cat-mercearia","9":"product_tag-novidades","10":"ts_product_brand-royal","12":"first","13":"instock","14":"taxable","15":"shipping-taxable","16":"purchasable","17":"product-type-simple"},"_links":{"self":[{"href":"https:\/\/www.ateti.pt\/loja\/wp-json\/wp\/v2\/product\/40446","targetHints":{"allow":["GET"]}}],"collection":[{"href":"https:\/\/www.ateti.pt\/loja\/wp-json\/wp\/v2\/product"}],"about":[{"href":"https:\/\/www.ateti.pt\/loja\/wp-json\/wp\/v2\/types\/product"}],"replies":[{"embeddable":true,"href":"https:\/\/www.ateti.pt\/loja\/wp-json\/wp\/v2\/comments?post=40446"}],"wp:featuredmedia":[{"embeddable":true,"href":"https:\/\/www.ateti.pt\/loja\/wp-json\/wp\/v2\/media\/40448"}],"wp:attachment":[{"href":"https:\/\/www.ateti.pt\/loja\/wp-json\/wp\/v2\/media?parent=40446"}],"wp:term":[{"taxonomy":"product_brand","embeddable":true,"href":"https:\/\/www.ateti.pt\/loja\/wp-json\/wp\/v2\/product_brand?post=40446"},{"taxonomy":"product_cat","embeddable":true,"href":"https:\/\/www.ateti.pt\/loja\/wp-json\/wp\/v2\/product_cat?post=40446"},{"taxonomy":"product_tag","embeddable":true,"href":"https:\/\/www.ateti.pt\/loja\/wp-json\/wp\/v2\/product_tag?post=40446"},{"taxonomy":"woo-feed-brand","embeddable":true,"href":"https:\/\/www.ateti.pt\/loja\/wp-json\/wp\/v2\/woo-feed-brand?post=40446"}],"curies":[{"name":"wp","href":"https:\/\/api.w.org\/{rel}","templated":true}]}}