{"id":40444,"date":"2025-04-04T11:00:19","date_gmt":"2025-04-04T10:00:19","guid":{"rendered":"https:\/\/www.ateti.pt\/loja\/?post_type=product&#038;p=40444"},"modified":"2026-01-16T11:26:31","modified_gmt":"2026-01-16T11:26:31","slug":"caramelo-liquido-amanhecer-150g","status":"publish","type":"product","link":"https:\/\/www.ateti.pt\/loja\/produto\/caramelo-liquido-amanhecer-150g\/","title":{"rendered":"Caramelo L\u00edquido 150g Amanhecer"},"content":{"rendered":"<p><strong>Caramelo L\u00edquido Amanhecer<\/strong><\/p>\n<p><strong>Quantidade:<\/strong> 150g<\/p>\n<p><em>Xarope de a\u00e7\u00facar e glucose caramelizado<\/em><\/p>\n<p><strong>Ingredientes:\u00a0<\/strong>A\u00e7\u00facar, xarope de glucose e \u00e1gua.<\/p>\n<p><strong>Declara\u00e7\u00e3o Nutricional (por 100g):\u00a0<\/strong>Energia: 1148kj\/270kcal; L\u00edpidos: 0g; dos quais Saturados: 0g; Hidratos de Carbono: 67,5g; dos quais A\u00e7\u00facares: 46,7g: Fibra: og; Prote\u00ednas: 0g; Sal: &lt;0,1g.<\/p>\n","protected":false},"excerpt":{"rendered":"<p>6,60\u20ac\/kg<\/p>\n","protected":false},"featured_media":40445,"comment_status":"closed","ping_status":"closed","template":"","meta":{"_themeisle_gutenberg_block_has_review":false},"product_brand":[],"product_cat":[25,144,132],"product_tag":[],"woo-feed-brand":[],"class_list":{"0":"post-40444","1":"product","2":"type-product","3":"status-publish","4":"has-post-thumbnail","6":"product_cat-chocolates","7":"product_cat-chocolates-biscoitos-e-cereais","8":"product_cat-mercearia","9":"ts_product_brand-amanhecer","11":"first","12":"instock","13":"taxable","14":"shipping-taxable","15":"purchasable","16":"product-type-simple"},"_links":{"self":[{"href":"https:\/\/www.ateti.pt\/loja\/wp-json\/wp\/v2\/product\/40444","targetHints":{"allow":["GET"]}}],"collection":[{"href":"https:\/\/www.ateti.pt\/loja\/wp-json\/wp\/v2\/product"}],"about":[{"href":"https:\/\/www.ateti.pt\/loja\/wp-json\/wp\/v2\/types\/product"}],"replies":[{"embeddable":true,"href":"https:\/\/www.ateti.pt\/loja\/wp-json\/wp\/v2\/comments?post=40444"}],"wp:featuredmedia":[{"embeddable":true,"href":"https:\/\/www.ateti.pt\/loja\/wp-json\/wp\/v2\/media\/40445"}],"wp:attachment":[{"href":"https:\/\/www.ateti.pt\/loja\/wp-json\/wp\/v2\/media?parent=40444"}],"wp:term":[{"taxonomy":"product_brand","embeddable":true,"href":"https:\/\/www.ateti.pt\/loja\/wp-json\/wp\/v2\/product_brand?post=40444"},{"taxonomy":"product_cat","embeddable":true,"href":"https:\/\/www.ateti.pt\/loja\/wp-json\/wp\/v2\/product_cat?post=40444"},{"taxonomy":"product_tag","embeddable":true,"href":"https:\/\/www.ateti.pt\/loja\/wp-json\/wp\/v2\/product_tag?post=40444"},{"taxonomy":"woo-feed-brand","embeddable":true,"href":"https:\/\/www.ateti.pt\/loja\/wp-json\/wp\/v2\/woo-feed-brand?post=40444"}],"curies":[{"name":"wp","href":"https:\/\/api.w.org\/{rel}","templated":true}]}}