{"id":40441,"date":"2025-12-08T10:20:32","date_gmt":"2025-12-08T10:20:32","guid":{"rendered":"https:\/\/www.ateti.pt\/loja\/?post_type=product&#038;p=40441"},"modified":"2025-12-31T09:24:20","modified_gmt":"2025-12-31T09:24:20","slug":"leite-condensado-cozido-amanhecer-385g","status":"publish","type":"product","link":"https:\/\/www.ateti.pt\/loja\/produto\/leite-condensado-cozido-amanhecer-385g\/","title":{"rendered":"Leite Condensado Cozido 385g Amanhecer"},"content":{"rendered":"<p><strong>Leite Condensado Cozido Amanhecer<\/strong><\/p>\n<p><strong>Quantidade:<\/strong>\u00a0385g<\/p>\n<p><strong>Ingredientes:\u00a0<\/strong>Leite, a\u00e7\u00facar. Res\u00edduo seco isento de mat\u00e9ria gorda proveniente do leite: 17%. Teor de mat\u00e9ria gorda: 7%.<\/p>\n<p><strong>Declara\u00e7\u00e3o Nutricional (por 100g):\u00a0<\/strong>Energia: 1222kj\/290kcal; L\u00edpidos: 7,3g; dos quais Saturados: 5g; Hidratos de Carbono: 49,2g; dos quais A\u00e7\u00facares: 48,2g; Fibra: &lt;0,1g; Prote\u00ednas: 6,8g; Sal: 0,3g.<\/p>\n","protected":false},"excerpt":{"rendered":"<p>5.17\u20ac\/kg<\/p>\n","protected":false},"featured_media":40443,"comment_status":"closed","ping_status":"closed","template":"","meta":{"_themeisle_gutenberg_block_has_review":false},"product_brand":[],"product_cat":[25,144,132,175],"product_tag":[],"woo-feed-brand":[],"class_list":{"0":"post-40441","1":"product","2":"type-product","3":"status-publish","4":"has-post-thumbnail","6":"product_cat-chocolates","7":"product_cat-chocolates-biscoitos-e-cereais","8":"product_cat-mercearia","9":"product_cat-sobremesas-mercearia","10":"ts_product_brand-amanhecer","12":"first","13":"instock","14":"taxable","15":"shipping-taxable","16":"purchasable","17":"product-type-simple"},"_links":{"self":[{"href":"https:\/\/www.ateti.pt\/loja\/wp-json\/wp\/v2\/product\/40441","targetHints":{"allow":["GET"]}}],"collection":[{"href":"https:\/\/www.ateti.pt\/loja\/wp-json\/wp\/v2\/product"}],"about":[{"href":"https:\/\/www.ateti.pt\/loja\/wp-json\/wp\/v2\/types\/product"}],"replies":[{"embeddable":true,"href":"https:\/\/www.ateti.pt\/loja\/wp-json\/wp\/v2\/comments?post=40441"}],"wp:featuredmedia":[{"embeddable":true,"href":"https:\/\/www.ateti.pt\/loja\/wp-json\/wp\/v2\/media\/40443"}],"wp:attachment":[{"href":"https:\/\/www.ateti.pt\/loja\/wp-json\/wp\/v2\/media?parent=40441"}],"wp:term":[{"taxonomy":"product_brand","embeddable":true,"href":"https:\/\/www.ateti.pt\/loja\/wp-json\/wp\/v2\/product_brand?post=40441"},{"taxonomy":"product_cat","embeddable":true,"href":"https:\/\/www.ateti.pt\/loja\/wp-json\/wp\/v2\/product_cat?post=40441"},{"taxonomy":"product_tag","embeddable":true,"href":"https:\/\/www.ateti.pt\/loja\/wp-json\/wp\/v2\/product_tag?post=40441"},{"taxonomy":"woo-feed-brand","embeddable":true,"href":"https:\/\/www.ateti.pt\/loja\/wp-json\/wp\/v2\/woo-feed-brand?post=40441"}],"curies":[{"name":"wp","href":"https:\/\/api.w.org\/{rel}","templated":true}]}}