{"id":40439,"date":"2022-01-27T16:00:19","date_gmt":"2022-01-27T16:00:19","guid":{"rendered":"https:\/\/www.ateti.pt\/loja\/?post_type=product&#038;p=40439"},"modified":"2026-05-15T10:36:47","modified_gmt":"2026-05-15T09:36:47","slug":"leite-condensado-tradicional-amanhecer-397g","status":"publish","type":"product","link":"https:\/\/www.ateti.pt\/loja\/produto\/leite-condensado-tradicional-amanhecer-397g\/","title":{"rendered":"Leite Condensado Tradicional 397g Amanhecer (24-08-2026)"},"content":{"rendered":"<p><strong>Leite Condensado Tradicional Amanhecer<\/strong><\/p>\n<p><strong>Quantidade: <\/strong>397g<\/p>\n<p><strong>Ingredientes:\u00a0<\/strong>Leite gordo e a\u00e7\u00facar. Cont\u00e9m leite. Res\u00edduo seco isento de mat\u00e9ria gorda proveniente do leite: 20%. Teor de mat\u00e9ria gorda: 8%<\/p>\n<p><strong>Declara\u00e7\u00e3o Nutricional (por 100g):\u00a0<\/strong>Energia: 1372kj\/325kcal; L\u00edpidos: 8g; dos quais Saturados: 5,4g; Hidratos de Carbono: 56,4g; dos quais A\u00e7\u00facares:56,4g;Fibra: 0g; Prote\u00ednas: 6,9g; Sal: 0,2g.<\/p>\n","protected":false},"excerpt":{"rendered":"<p>4,76\u20ac\/kg<\/p>\n","protected":false},"featured_media":40440,"comment_status":"closed","ping_status":"closed","template":"","meta":{"_themeisle_gutenberg_block_has_review":false},"product_brand":[],"product_cat":[25,144,132,265,175],"product_tag":[593],"woo-feed-brand":[],"class_list":{"0":"post-40439","1":"product","2":"type-product","3":"status-publish","4":"has-post-thumbnail","6":"product_cat-chocolates","7":"product_cat-chocolates-biscoitos-e-cereais","8":"product_cat-mercearia","9":"product_cat-promocoes-outlet-ate-50-desconto-supermercado-online-ate-ti","10":"product_cat-sobremesas-mercearia","11":"product_tag-novidades","12":"ts_product_brand-amanhecer","14":"first","15":"instock","16":"sale","17":"taxable","18":"shipping-taxable","19":"purchasable","20":"product-type-simple"},"_links":{"self":[{"href":"https:\/\/www.ateti.pt\/loja\/wp-json\/wp\/v2\/product\/40439","targetHints":{"allow":["GET"]}}],"collection":[{"href":"https:\/\/www.ateti.pt\/loja\/wp-json\/wp\/v2\/product"}],"about":[{"href":"https:\/\/www.ateti.pt\/loja\/wp-json\/wp\/v2\/types\/product"}],"replies":[{"embeddable":true,"href":"https:\/\/www.ateti.pt\/loja\/wp-json\/wp\/v2\/comments?post=40439"}],"wp:featuredmedia":[{"embeddable":true,"href":"https:\/\/www.ateti.pt\/loja\/wp-json\/wp\/v2\/media\/40440"}],"wp:attachment":[{"href":"https:\/\/www.ateti.pt\/loja\/wp-json\/wp\/v2\/media?parent=40439"}],"wp:term":[{"taxonomy":"product_brand","embeddable":true,"href":"https:\/\/www.ateti.pt\/loja\/wp-json\/wp\/v2\/product_brand?post=40439"},{"taxonomy":"product_cat","embeddable":true,"href":"https:\/\/www.ateti.pt\/loja\/wp-json\/wp\/v2\/product_cat?post=40439"},{"taxonomy":"product_tag","embeddable":true,"href":"https:\/\/www.ateti.pt\/loja\/wp-json\/wp\/v2\/product_tag?post=40439"},{"taxonomy":"woo-feed-brand","embeddable":true,"href":"https:\/\/www.ateti.pt\/loja\/wp-json\/wp\/v2\/woo-feed-brand?post=40439"}],"curies":[{"name":"wp","href":"https:\/\/api.w.org\/{rel}","templated":true}]}}