{"id":40417,"date":"2022-05-05T09:01:32","date_gmt":"2022-05-05T08:01:32","guid":{"rendered":"https:\/\/www.ateti.pt\/loja\/?post_type=product&#038;p=40417"},"modified":"2025-11-12T17:50:28","modified_gmt":"2025-11-12T17:50:28","slug":"pure-de-batata-com-leite-masterchef-1kg","status":"publish","type":"product","link":"https:\/\/www.ateti.pt\/loja\/produto\/pure-de-batata-com-leite-masterchef-1kg\/","title":{"rendered":"Pur\u00e9 de Batata com Leite MasterChef 1kg"},"content":{"rendered":"<p><strong>Pur\u00e9 de Batata com Leite MasterChef<\/strong><\/p>\n<p><strong>Quantidade: <\/strong>1kg<\/p>\n<p><em>Preparado em p\u00f3 para pur\u00e9 de batata com leite<\/em><\/p>\n<p><strong>Ingredientes:\u00a0<\/strong>Batata desidratada (89%), leite gordo em p\u00f3 (7,5%), sal, emulsionante (E471), estabilizador (E450), aroma, regulador de acidez (E330), antioxidante [E222 (sulfitos)] e corante (curcumina), Cont\u00e9m leite e sulfitos. Pode conter vest\u00edgios de gl\u00faten, soja, ovos e frutos de casca rija.<\/p>\n<p><strong>Declara\u00e7\u00e3o Nutricional (por 100g):\u00a0<\/strong>Energia: 1458kj\/345kcal; L\u00edpidos: 2,8g; dos quais Saturados: 2,0g; Hidratos de Carbono: 67g; dos quais A\u00e7\u00facares: 6,1g; Fibra: 7,8g; Prote\u00ednas: 9g; Sal: 2,5g.<\/p>\n<p>&nbsp;<\/p>\n","protected":false},"excerpt":{"rendered":"<p>9.49\u20ac\/kg<\/p>\n","protected":false},"featured_media":40418,"comment_status":"closed","ping_status":"closed","template":"","meta":{"_themeisle_gutenberg_block_has_review":false},"product_brand":[],"product_cat":[176,132],"product_tag":[],"woo-feed-brand":[],"class_list":{"0":"post-40417","1":"product","2":"type-product","3":"status-publish","4":"has-post-thumbnail","6":"product_cat-diversos","7":"product_cat-mercearia","8":"ts_product_brand-masterchef","10":"first","11":"instock","12":"taxable","13":"shipping-taxable","14":"purchasable","15":"product-type-simple"},"_links":{"self":[{"href":"https:\/\/www.ateti.pt\/loja\/wp-json\/wp\/v2\/product\/40417","targetHints":{"allow":["GET"]}}],"collection":[{"href":"https:\/\/www.ateti.pt\/loja\/wp-json\/wp\/v2\/product"}],"about":[{"href":"https:\/\/www.ateti.pt\/loja\/wp-json\/wp\/v2\/types\/product"}],"replies":[{"embeddable":true,"href":"https:\/\/www.ateti.pt\/loja\/wp-json\/wp\/v2\/comments?post=40417"}],"wp:featuredmedia":[{"embeddable":true,"href":"https:\/\/www.ateti.pt\/loja\/wp-json\/wp\/v2\/media\/40418"}],"wp:attachment":[{"href":"https:\/\/www.ateti.pt\/loja\/wp-json\/wp\/v2\/media?parent=40417"}],"wp:term":[{"taxonomy":"product_brand","embeddable":true,"href":"https:\/\/www.ateti.pt\/loja\/wp-json\/wp\/v2\/product_brand?post=40417"},{"taxonomy":"product_cat","embeddable":true,"href":"https:\/\/www.ateti.pt\/loja\/wp-json\/wp\/v2\/product_cat?post=40417"},{"taxonomy":"product_tag","embeddable":true,"href":"https:\/\/www.ateti.pt\/loja\/wp-json\/wp\/v2\/product_tag?post=40417"},{"taxonomy":"woo-feed-brand","embeddable":true,"href":"https:\/\/www.ateti.pt\/loja\/wp-json\/wp\/v2\/woo-feed-brand?post=40417"}],"curies":[{"name":"wp","href":"https:\/\/api.w.org\/{rel}","templated":true}]}}