{"id":40408,"date":"2022-05-04T17:16:33","date_gmt":"2022-05-04T16:16:33","guid":{"rendered":"https:\/\/www.ateti.pt\/loja\/?post_type=product&#038;p=40408"},"modified":"2024-01-09T18:49:47","modified_gmt":"2024-01-09T17:49:47","slug":"oleo-vegetal-spray-espiga-200ml","status":"publish","type":"product","link":"https:\/\/www.ateti.pt\/loja\/produto\/oleo-vegetal-spray-espiga-200ml\/","title":{"rendered":"Spray para Untar com Base de \u00d3leo Vegetal 200ml Espiga"},"content":{"rendered":"<p><strong>Spray para Untar com Base de \u00d3leo Vegetal Espiga<\/strong><\/p>\n<p><strong>Quantidade:<\/strong> 200ml<\/p>\n<p><em>Emuls\u00e3o \u00e0 base de \u00f3leo vegetal em spray para utilizar a frio como desmoldante antiaderente.<\/em><\/p>\n<p><strong>Declara\u00e7\u00e3o Nutricional (por 100ml):\u00a0<\/strong>Energia: 3218kj\/783kcal; L\u00edpidos: 87g; dos quais Saturados: 7,1g; Hidratos de Carbono: &lt;0,5g; dos quais A\u00e7\u00facares: &lt;0,5g; Prote\u00ednas: &lt;0,5g; Sal: &lt;0,01g.<\/p>\n<p>A marca Espiga indica que:<\/p>\n<p><em>Uma alternativa ao m\u00e9todo tradicional. J\u00e1 n\u00e3o precisa de sujar as m\u00e3os para untar as suas formas!<\/em><br \/>\n<em>O Spray para Untar Espiga torna tudo mais f\u00e1cil. Este \u00e9 um produto que os pasteleiros conhecem e aconselham a todos os que gostam de fazer bolos, tartes, quiches e afins.<\/em><\/p>\n<p><em>Utilize tamb\u00e9m para untar a frio woks, grelhas, sert\u00e3s e frigideiras.<\/em><\/p>\n<p><strong>Spray para Untar Espiga<\/strong><br \/>\nEmuls\u00e3o \u00e0 base de \u00d3leo Vegetal em Spray para utilizar como desmoldante antiaderente<\/p>\n<p>Ingredientes: \u00f3leo de colza (55%), emulsionantes (lecitina, mono e diglic\u00e9ridos de \u00e1cidos gordos), \u00e1gua, regulador de acidez (\u00e1cido c\u00edtrico) e g\u00e1s propulsor (E943a e E944).<\/p>\n<p>Pode conter vest\u00edgios de soja e produtos \u00e0 base de soja.<\/p>\n<p>Embalagem: lata de alum\u00ednio.<br \/>\nPeso l\u00edquido: 200 ml.<\/p>\n<p>Conservar em local seco e fresco.<\/p>\n<p>Conselhos de utiliza\u00e7\u00e3o:<br \/>\nAplicar a frio. Agitar bem antes de usar. Aplicar a uma dist\u00e2ncia de 30-40cm. N\u00e3o pulverizar sobre chama aberta ou outra fonte de igni\u00e7\u00e3o.<\/p>\n","protected":false},"excerpt":{"rendered":"<p>19.95\u20ac\/L<\/p>\n","protected":false},"featured_media":42084,"comment_status":"closed","ping_status":"closed","template":"","meta":{"_themeisle_gutenberg_block_has_review":false},"product_brand":[],"product_cat":[156,891,132],"product_tag":[593],"woo-feed-brand":[],"class_list":{"0":"post-40408","1":"product","2":"type-product","3":"status-publish","4":"has-post-thumbnail","6":"product_cat-azeiteseoleos","7":"product_cat-iva-zero","8":"product_cat-mercearia","9":"product_tag-novidades","11":"first","12":"instock","13":"taxable","14":"shipping-taxable","15":"purchasable","16":"product-type-simple"},"_links":{"self":[{"href":"https:\/\/www.ateti.pt\/loja\/wp-json\/wp\/v2\/product\/40408","targetHints":{"allow":["GET"]}}],"collection":[{"href":"https:\/\/www.ateti.pt\/loja\/wp-json\/wp\/v2\/product"}],"about":[{"href":"https:\/\/www.ateti.pt\/loja\/wp-json\/wp\/v2\/types\/product"}],"replies":[{"embeddable":true,"href":"https:\/\/www.ateti.pt\/loja\/wp-json\/wp\/v2\/comments?post=40408"}],"wp:featuredmedia":[{"embeddable":true,"href":"https:\/\/www.ateti.pt\/loja\/wp-json\/wp\/v2\/media\/42084"}],"wp:attachment":[{"href":"https:\/\/www.ateti.pt\/loja\/wp-json\/wp\/v2\/media?parent=40408"}],"wp:term":[{"taxonomy":"product_brand","embeddable":true,"href":"https:\/\/www.ateti.pt\/loja\/wp-json\/wp\/v2\/product_brand?post=40408"},{"taxonomy":"product_cat","embeddable":true,"href":"https:\/\/www.ateti.pt\/loja\/wp-json\/wp\/v2\/product_cat?post=40408"},{"taxonomy":"product_tag","embeddable":true,"href":"https:\/\/www.ateti.pt\/loja\/wp-json\/wp\/v2\/product_tag?post=40408"},{"taxonomy":"woo-feed-brand","embeddable":true,"href":"https:\/\/www.ateti.pt\/loja\/wp-json\/wp\/v2\/woo-feed-brand?post=40408"}],"curies":[{"name":"wp","href":"https:\/\/api.w.org\/{rel}","templated":true}]}}