{"id":40220,"date":"2024-01-09T10:25:08","date_gmt":"2024-01-09T10:25:08","guid":{"rendered":"https:\/\/www.ateti.pt\/loja\/?post_type=product&#038;p=40220"},"modified":"2025-07-15T12:27:06","modified_gmt":"2025-07-15T11:27:06","slug":"cafe-em-capsula-intenso-delta-q-200-capsulas-bonini","status":"publish","type":"product","link":"https:\/\/www.ateti.pt\/loja\/produto\/cafe-em-capsula-intenso-delta-q-200-capsulas-bonini\/","title":{"rendered":"Caf\u00e9 Intenso Compat\u00edveis Delta Q 200 C\u00e1psulas Bonini"},"content":{"rendered":"<p><strong>Caf\u00e9 em C\u00e1psula Intenso Delta Q Bonini 200 c\u00e1psulas<\/strong><\/p>\n<p><strong>Intensidade:<\/strong> 10<\/p>\n<p><strong>Quantidade:<\/strong> 200 c\u00e1psulas de caf\u00e9<\/p>\n<p>Caf\u00e9 em C\u00e1psula Intenso Delta Q 200 c\u00e1psulas Bonini \u00e9 um caf\u00e9 encorpado e equilibrado ao mesmo tempo. Fina uni\u00e3o de for\u00e7a e delicadeza. A presen\u00e7a mista do robusto com suas notas torradas combinadas com o ar\u00e1bica da Am\u00e9rica Central, torrado no ponto certo, garantem como resultado um caf\u00e9 de corpo &#8220;INTENSO&#8221; para os verdadeiros amantes do caf\u00e9 expresso italiano.<\/p>\n<p>Ao mesmo tempo uma mistura de sabor forte com um aroma penetrante e consistente ideal para recarregar energias. Uma experi\u00eancia revigorante!<\/p>\n<p>Este variedade de caf\u00e9 em c\u00e1psula \u00e9 compat\u00edvel com m\u00e1quinas de caf\u00e9 Delta Q.<\/p>\n<p><em>A marca Delta Q\u00ae n\u00e3o \u00e9 propriedade da Bonini S.R.L nem de empresas ligadas \u00e0 mesma. O produto deve ser utilizado em aparelhos de coloca\u00e7\u00e3o de c\u00e1psulas.<\/em><\/p>\n<p>&nbsp;<\/p>\n","protected":false},"excerpt":{"rendered":"<p>0,22\u20ac\/unidade<\/p>\n<p><strong>Intensidade:<\/strong> 10<\/p>\n<p><strong>Quantidade:<\/strong> 200 c\u00e1psulas de caf\u00e9<\/p>\n","protected":false},"featured_media":60372,"comment_status":"closed","ping_status":"closed","template":"","meta":{"_themeisle_gutenberg_block_has_review":false},"product_brand":[],"product_cat":[250,692,694,117,21,256,578,787],"product_tag":[],"woo-feed-brand":[756],"class_list":{"0":"post-40220","1":"product","2":"type-product","3":"status-publish","4":"has-post-thumbnail","6":"product_cat-ate-ti-negocios","7":"product_cat-cafe","8":"product_cat-cafe-capsulas","9":"product_cat-cafe-em-capsula","10":"product_cat-capsulas-delta-q","11":"product_cat-compativeis-cafe-em-capsula","12":"product_cat-cafe-grandes-formatos","13":"product_cat-promocao-bonini","14":"ts_product_brand-bonini","15":"woo-feed-brand-bonini","17":"first","18":"instock","19":"sale","20":"taxable","21":"shipping-taxable","22":"purchasable","23":"product-type-simple"},"_links":{"self":[{"href":"https:\/\/www.ateti.pt\/loja\/wp-json\/wp\/v2\/product\/40220","targetHints":{"allow":["GET"]}}],"collection":[{"href":"https:\/\/www.ateti.pt\/loja\/wp-json\/wp\/v2\/product"}],"about":[{"href":"https:\/\/www.ateti.pt\/loja\/wp-json\/wp\/v2\/types\/product"}],"replies":[{"embeddable":true,"href":"https:\/\/www.ateti.pt\/loja\/wp-json\/wp\/v2\/comments?post=40220"}],"wp:featuredmedia":[{"embeddable":true,"href":"https:\/\/www.ateti.pt\/loja\/wp-json\/wp\/v2\/media\/60372"}],"wp:attachment":[{"href":"https:\/\/www.ateti.pt\/loja\/wp-json\/wp\/v2\/media?parent=40220"}],"wp:term":[{"taxonomy":"product_brand","embeddable":true,"href":"https:\/\/www.ateti.pt\/loja\/wp-json\/wp\/v2\/product_brand?post=40220"},{"taxonomy":"product_cat","embeddable":true,"href":"https:\/\/www.ateti.pt\/loja\/wp-json\/wp\/v2\/product_cat?post=40220"},{"taxonomy":"product_tag","embeddable":true,"href":"https:\/\/www.ateti.pt\/loja\/wp-json\/wp\/v2\/product_tag?post=40220"},{"taxonomy":"woo-feed-brand","embeddable":true,"href":"https:\/\/www.ateti.pt\/loja\/wp-json\/wp\/v2\/woo-feed-brand?post=40220"}],"curies":[{"name":"wp","href":"https:\/\/api.w.org\/{rel}","templated":true}]}}