{"id":40020,"date":"2022-04-22T15:56:37","date_gmt":"2022-04-22T14:56:37","guid":{"rendered":"https:\/\/www.ateti.pt\/loja\/?post_type=product&#038;p=40020"},"modified":"2024-04-04T13:41:18","modified_gmt":"2024-04-04T13:41:18","slug":"croquete-de-carne-congelado-neutura-8un","status":"publish","type":"product","link":"https:\/\/www.ateti.pt\/loja\/produto\/croquete-de-carne-congelado-neutura-8un\/","title":{"rendered":"Croquete de Carne Congelado 8un Neutura"},"content":{"rendered":"<p><strong>Croquete de Carne Congelado Neutura<\/strong><\/p>\n<p><strong>Quantidade:<\/strong> 8un<\/p>\n<p><strong>Ingredientes:\u00a0<\/strong>Farinha de trigo, carne de vaca (28%), \u00e1gua, p\u00e3o ralado (gl\u00faten), floco de batata (batata, emulsionante (E471), antioxidantes (E450i, E340), regulador de acidez (E330), conservantes (E233 (sulfitos)) e especiarias), soja, cebola, sal, condimento \u00e0 base de carne de vaca (farinha de trigo, sal, MSG (E621), aromas, gordura vegetal hidrogenada, vegetais desidratados, carne de vaca (4%9, espessante (E410), amido modificado (E1422), lactose, caramelo corante, molha de soja, prote\u00edna de leite e extratos de especiarias), \u00f3leo de girassol, mat\u00e9rias gordas vegetais ( palma e \u00f3leo de colza) parcialmente hidrogenadas, polpa de tomate (sumo e polpa de tomate concentrado, sal, regulador de acidez (\u00e1cido c\u00edtrico)), alho (sulfitos), caldo de frango (sal, f\u00e9cula de milho, intensificador de sabor (glutamato monos\u00f3dico), a\u00e7\u00facar, gordura vegetal parcialmente hidrogenada de palma, extrato de prote\u00ednas vegetais de soja, extrato de levedura, gordura de frango (1,5%), carne de frango (1,2%), aroma de frango, verduras (cebola, alho, salsa), especiarias (curcuma)). Plantas arom\u00e1ticas e especiarias. Pode conter vest\u00edgios de ovo, peixe, soja, aipo, mostarda, sulfitos e moluscos.<\/p>\n<p><strong>Declara\u00e7\u00e3o Nutricional (por 100g):\u00a0<\/strong>Energia: 813kj\/194kcal; L\u00edpidos: 6g; dos quais Saturados: 2,5g; Hidratos de Carbono: 23g; dos quais A\u00e7\u00facares: 3g; Prote\u00ednas: 11g; sal: 1,87g.<\/p>\n","protected":false},"excerpt":{"rendered":"<p>0,25\u20ac\/un<\/p>\n","protected":false},"featured_media":40039,"comment_status":"closed","ping_status":"closed","template":"","meta":{"_themeisle_gutenberg_block_has_review":false},"product_brand":[],"product_cat":[177,183],"product_tag":[593],"woo-feed-brand":[],"class_list":{"0":"post-40020","1":"product","2":"type-product","3":"status-publish","4":"has-post-thumbnail","6":"product_cat-congelados","7":"product_cat-pre-cozinhados","8":"product_tag-novidades","9":"ts_product_brand-neutura","11":"first","12":"instock","13":"taxable","14":"shipping-taxable","15":"purchasable","16":"product-type-simple"},"_links":{"self":[{"href":"https:\/\/www.ateti.pt\/loja\/wp-json\/wp\/v2\/product\/40020","targetHints":{"allow":["GET"]}}],"collection":[{"href":"https:\/\/www.ateti.pt\/loja\/wp-json\/wp\/v2\/product"}],"about":[{"href":"https:\/\/www.ateti.pt\/loja\/wp-json\/wp\/v2\/types\/product"}],"replies":[{"embeddable":true,"href":"https:\/\/www.ateti.pt\/loja\/wp-json\/wp\/v2\/comments?post=40020"}],"wp:featuredmedia":[{"embeddable":true,"href":"https:\/\/www.ateti.pt\/loja\/wp-json\/wp\/v2\/media\/40039"}],"wp:attachment":[{"href":"https:\/\/www.ateti.pt\/loja\/wp-json\/wp\/v2\/media?parent=40020"}],"wp:term":[{"taxonomy":"product_brand","embeddable":true,"href":"https:\/\/www.ateti.pt\/loja\/wp-json\/wp\/v2\/product_brand?post=40020"},{"taxonomy":"product_cat","embeddable":true,"href":"https:\/\/www.ateti.pt\/loja\/wp-json\/wp\/v2\/product_cat?post=40020"},{"taxonomy":"product_tag","embeddable":true,"href":"https:\/\/www.ateti.pt\/loja\/wp-json\/wp\/v2\/product_tag?post=40020"},{"taxonomy":"woo-feed-brand","embeddable":true,"href":"https:\/\/www.ateti.pt\/loja\/wp-json\/wp\/v2\/woo-feed-brand?post=40020"}],"curies":[{"name":"wp","href":"https:\/\/api.w.org\/{rel}","templated":true}]}}