{"id":39879,"date":"2022-04-18T16:09:37","date_gmt":"2022-04-18T16:09:37","guid":{"rendered":"https:\/\/www.ateti.pt\/loja\/?post_type=product&#038;p=39879"},"modified":"2024-02-19T12:18:24","modified_gmt":"2024-02-19T12:18:24","slug":"farinha-de-trigo-t65-1kg-espiga","status":"publish","type":"product","link":"https:\/\/www.ateti.pt\/loja\/produto\/farinha-de-trigo-t65-1kg-espiga\/","title":{"rendered":"Farinha de Trigo T65 1kg Espiga"},"content":{"rendered":"<p><strong>Farinha de Trigo T65 Espiga<\/strong><\/p>\n<p><strong>Quantidade:\u00a0<\/strong>1kg<\/p>\n<p><em>Farinha de trigo tipo 65, para usos culin\u00e1rios. Cont\u00e9m gl\u00faten.<\/em><\/p>\n<p><em>A farinha de trigo Espiga tipo 65 \u00e9 obtida a partir da moenda do trigo, rigorosamente selecionado, sem quaisquer aditivos ou auxiliares tecnol\u00f3gicos. Pode utilizar a farinha de trigo Espiga tipo 65 em todas as prepara\u00e7\u00f5es culin\u00e1rias. \u00c9 especialmente indicada para confe\u00e7\u00e3o de massas l\u00eavedas, riss\u00f3is, molhos, polmes e fritos. Com esta farinha consegue excelentes resultados na confe\u00e7\u00e3o de p\u00e3o feito em m\u00e1quina ou segundo o m\u00e9todo tradicional.<\/em><\/p>\n<p><strong>Declara\u00e7\u00e3o Nutricional (por 100g):\u00a0<\/strong>Energia: 1478kj\/353kcal; L\u00edpidos: 1,3g; dos quais Saturados: &lt;0,5g; Hidratos de Carbono: 74g; dos quais A\u00e7\u00facares: 3,7g; Fibra: 4,0g; Prote\u00ednas: 9,6g; Sal: &lt;0,03g.<\/p>\n","protected":false},"excerpt":{"rendered":"<p>1,49\u20ac\/kg<\/p>\n","protected":false},"featured_media":61583,"comment_status":"closed","ping_status":"closed","template":"","meta":{"_themeisle_gutenberg_block_has_review":false},"product_brand":[],"product_cat":[188,132],"product_tag":[593],"woo-feed-brand":[],"class_list":{"0":"post-39879","1":"product","2":"type-product","3":"status-publish","4":"has-post-thumbnail","6":"product_cat-farinhaeacucares","7":"product_cat-mercearia","8":"product_tag-novidades","10":"first","11":"instock","12":"taxable","13":"shipping-taxable","14":"purchasable","15":"product-type-simple"},"_links":{"self":[{"href":"https:\/\/www.ateti.pt\/loja\/wp-json\/wp\/v2\/product\/39879","targetHints":{"allow":["GET"]}}],"collection":[{"href":"https:\/\/www.ateti.pt\/loja\/wp-json\/wp\/v2\/product"}],"about":[{"href":"https:\/\/www.ateti.pt\/loja\/wp-json\/wp\/v2\/types\/product"}],"replies":[{"embeddable":true,"href":"https:\/\/www.ateti.pt\/loja\/wp-json\/wp\/v2\/comments?post=39879"}],"wp:featuredmedia":[{"embeddable":true,"href":"https:\/\/www.ateti.pt\/loja\/wp-json\/wp\/v2\/media\/61583"}],"wp:attachment":[{"href":"https:\/\/www.ateti.pt\/loja\/wp-json\/wp\/v2\/media?parent=39879"}],"wp:term":[{"taxonomy":"product_brand","embeddable":true,"href":"https:\/\/www.ateti.pt\/loja\/wp-json\/wp\/v2\/product_brand?post=39879"},{"taxonomy":"product_cat","embeddable":true,"href":"https:\/\/www.ateti.pt\/loja\/wp-json\/wp\/v2\/product_cat?post=39879"},{"taxonomy":"product_tag","embeddable":true,"href":"https:\/\/www.ateti.pt\/loja\/wp-json\/wp\/v2\/product_tag?post=39879"},{"taxonomy":"woo-feed-brand","embeddable":true,"href":"https:\/\/www.ateti.pt\/loja\/wp-json\/wp\/v2\/woo-feed-brand?post=39879"}],"curies":[{"name":"wp","href":"https:\/\/api.w.org\/{rel}","templated":true}]}}