{"id":39820,"date":"2022-04-14T16:51:59","date_gmt":"2022-04-14T15:51:59","guid":{"rendered":"https:\/\/www.ateti.pt\/loja\/?post_type=product&#038;p=39820"},"modified":"2025-02-17T15:33:23","modified_gmt":"2025-02-17T15:33:23","slug":"cereais-corn-flakes-nacional-500g","status":"publish","type":"product","link":"https:\/\/www.ateti.pt\/loja\/produto\/cereais-corn-flakes-nacional-500g\/","title":{"rendered":"Cereais Corn Flakes 500g Nacional"},"content":{"rendered":"<p><strong>Cereais Corn Flakes Nacional<\/strong><\/p>\n<p><strong>Quantidade: <\/strong>500g<\/p>\n<p><em>Flocos de milho tostados<\/em><\/p>\n<p><strong>Ingredientes:\u00a0<\/strong>Milho (90%), a\u00e7\u00facar, sal extrato de malte de cevada (gl\u00faten),emulsionante (mono e diglicer\u00eddeos de \u00e1cidos gordos), vitaminas (tiamina B1, riboflavina B2, niacina B3, \u00e1cido pantot\u00e9nico B5, B6, biotina B8, \u00e1cido f\u00f3lico B9 e B12), ferro e antioxidante (extrato rico em tocofer\u00f3is). Pode conter vest\u00edgios de frutos de casca rija. Conservar em local seco e fresco e ao abrigo da luz. Depois de aberto, dobrar o pacote e fechar bem a caixa, para manter os cereais estaladi\u00e7os.<\/p>\n<p><strong>Declara\u00e7\u00e3o Nutricional (por 100g):\u00a0<\/strong>Energia: 1603kj\/378kcal; L\u00edpidos: 1,1g; dos quais Saturados: 0,5g; Hidratos de Carbono: 84g; dos quais A\u00e7\u00facares: 7,1g; Fibra: 3,4g; Prote\u00ednas: 6,0g; Sal: 1,0g.<\/p>\n<p>&nbsp;<\/p>\n","protected":false},"excerpt":{"rendered":"<p>5,18\u20ac\/kg<\/p>\n","protected":false},"featured_media":39821,"comment_status":"closed","ping_status":"closed","template":"","meta":{"_themeisle_gutenberg_block_has_review":false},"product_brand":[],"product_cat":[144,132,145],"product_tag":[593],"woo-feed-brand":[],"class_list":{"0":"post-39820","1":"product","2":"type-product","3":"status-publish","4":"has-post-thumbnail","6":"product_cat-chocolates-biscoitos-e-cereais","7":"product_cat-mercearia","8":"product_cat-pequeno-almoco-e-cereais","9":"product_tag-novidades","10":"ts_product_brand-nacional","12":"first","13":"instock","14":"taxable","15":"shipping-taxable","16":"purchasable","17":"product-type-simple"},"_links":{"self":[{"href":"https:\/\/www.ateti.pt\/loja\/wp-json\/wp\/v2\/product\/39820","targetHints":{"allow":["GET"]}}],"collection":[{"href":"https:\/\/www.ateti.pt\/loja\/wp-json\/wp\/v2\/product"}],"about":[{"href":"https:\/\/www.ateti.pt\/loja\/wp-json\/wp\/v2\/types\/product"}],"replies":[{"embeddable":true,"href":"https:\/\/www.ateti.pt\/loja\/wp-json\/wp\/v2\/comments?post=39820"}],"wp:featuredmedia":[{"embeddable":true,"href":"https:\/\/www.ateti.pt\/loja\/wp-json\/wp\/v2\/media\/39821"}],"wp:attachment":[{"href":"https:\/\/www.ateti.pt\/loja\/wp-json\/wp\/v2\/media?parent=39820"}],"wp:term":[{"taxonomy":"product_brand","embeddable":true,"href":"https:\/\/www.ateti.pt\/loja\/wp-json\/wp\/v2\/product_brand?post=39820"},{"taxonomy":"product_cat","embeddable":true,"href":"https:\/\/www.ateti.pt\/loja\/wp-json\/wp\/v2\/product_cat?post=39820"},{"taxonomy":"product_tag","embeddable":true,"href":"https:\/\/www.ateti.pt\/loja\/wp-json\/wp\/v2\/product_tag?post=39820"},{"taxonomy":"woo-feed-brand","embeddable":true,"href":"https:\/\/www.ateti.pt\/loja\/wp-json\/wp\/v2\/woo-feed-brand?post=39820"}],"curies":[{"name":"wp","href":"https:\/\/api.w.org\/{rel}","templated":true}]}}