{"id":39818,"date":"2022-04-14T16:21:47","date_gmt":"2022-04-14T15:21:47","guid":{"rendered":"https:\/\/www.ateti.pt\/loja\/?post_type=product&#038;p=39818"},"modified":"2024-09-24T15:02:57","modified_gmt":"2024-09-24T14:02:57","slug":"cereais-linha-zero-nacional-300g","status":"publish","type":"product","link":"https:\/\/www.ateti.pt\/loja\/produto\/cereais-linha-zero-nacional-300g\/","title":{"rendered":"Cereais +Linha Zero 300g Nacional"},"content":{"rendered":"<p><strong>Cereais +Linha Zero Nacional<\/strong><\/p>\n<p><strong>Quantidade:<\/strong>\u00a0300g<\/p>\n<p><em>Cereais de arroz e trigo integral sem adi\u00e7\u00e3o de a\u00e7\u00facares<\/em><\/p>\n<p><em>Sem a\u00e7\u00facares adicionados; Com cereais integrais; Baixo teor de gordura; Alto teor em 8vitaminas do complexo B e ferro.<\/em><\/p>\n<p><strong>Ingredientes:\u00a0<\/strong>Cereais (arroz e trigo integral 11%) (72%), edulcorante (xarope de maltitol), leite em p\u00f3 magro, gl\u00faten de trigo, emulsionante (mono e diglicer\u00eddeos de \u00e1cidos gordos), g\u00e9rmen de trigo, sal, extrato de malte de cevada, vitaminas (tiamina B1, riboflavina B2, niacina B3, \u00e1cido pantot\u00e9nico B5, B6, biotina B8, \u00e1cido f\u00f3lico B9 e B12) e ferro. Pode conter vest\u00edgios de frutos de casca rija. Cont\u00e9m a\u00e7\u00facares naturalmente presentes. O seu consumo excessivo pode ter efeitos laxativos. Conservar em local seco e fresco e ao abrigo da luz. Depois de aberto, dobrar o pacote e fechar bem a caixa, para manter os cereais estaladi\u00e7os.<\/p>\n<p><strong>Declara\u00e7\u00e3o Nutricional (por 100g):\u00a0<\/strong>Energia: 1689kj\/399kcal; L\u00edpidos: 2,2g; dos quais Saturados: 1,1g; Hidratos de Carbono: 79g; dos quais A\u00e7\u00facares: 2,0g; Fibra: 2,2g; Prote\u00ednas: 10g; Sal: 1,0g.<\/p>\n","protected":false},"excerpt":{"rendered":"<p>9.97\u20ac\/kg<\/p>\n","protected":false},"featured_media":66867,"comment_status":"closed","ping_status":"closed","template":"","meta":{"_themeisle_gutenberg_block_has_review":false},"product_brand":[],"product_cat":[144,132,145],"product_tag":[],"woo-feed-brand":[],"class_list":{"0":"post-39818","1":"product","2":"type-product","3":"status-publish","4":"has-post-thumbnail","6":"product_cat-chocolates-biscoitos-e-cereais","7":"product_cat-mercearia","8":"product_cat-pequeno-almoco-e-cereais","9":"ts_product_brand-nacional","11":"first","12":"instock","13":"taxable","14":"shipping-taxable","15":"purchasable","16":"product-type-simple"},"_links":{"self":[{"href":"https:\/\/www.ateti.pt\/loja\/wp-json\/wp\/v2\/product\/39818","targetHints":{"allow":["GET"]}}],"collection":[{"href":"https:\/\/www.ateti.pt\/loja\/wp-json\/wp\/v2\/product"}],"about":[{"href":"https:\/\/www.ateti.pt\/loja\/wp-json\/wp\/v2\/types\/product"}],"replies":[{"embeddable":true,"href":"https:\/\/www.ateti.pt\/loja\/wp-json\/wp\/v2\/comments?post=39818"}],"wp:featuredmedia":[{"embeddable":true,"href":"https:\/\/www.ateti.pt\/loja\/wp-json\/wp\/v2\/media\/66867"}],"wp:attachment":[{"href":"https:\/\/www.ateti.pt\/loja\/wp-json\/wp\/v2\/media?parent=39818"}],"wp:term":[{"taxonomy":"product_brand","embeddable":true,"href":"https:\/\/www.ateti.pt\/loja\/wp-json\/wp\/v2\/product_brand?post=39818"},{"taxonomy":"product_cat","embeddable":true,"href":"https:\/\/www.ateti.pt\/loja\/wp-json\/wp\/v2\/product_cat?post=39818"},{"taxonomy":"product_tag","embeddable":true,"href":"https:\/\/www.ateti.pt\/loja\/wp-json\/wp\/v2\/product_tag?post=39818"},{"taxonomy":"woo-feed-brand","embeddable":true,"href":"https:\/\/www.ateti.pt\/loja\/wp-json\/wp\/v2\/woo-feed-brand?post=39818"}],"curies":[{"name":"wp","href":"https:\/\/api.w.org\/{rel}","templated":true}]}}