{"id":39816,"date":"2022-04-14T15:59:34","date_gmt":"2022-04-14T15:59:34","guid":{"rendered":"https:\/\/www.ateti.pt\/loja\/?post_type=product&#038;p=39816"},"modified":"2025-01-30T11:56:07","modified_gmt":"2025-01-30T11:56:07","slug":"recarga-esfregona-microfibra-premium-2em1-vileda","status":"publish","type":"product","link":"https:\/\/www.ateti.pt\/loja\/produto\/recarga-esfregona-microfibra-premium-2em1-vileda\/","title":{"rendered":"Recarga Esfregona Microfibra Premium 2em1 Vileda"},"content":{"rendered":"<p><strong>Recarga Esfregona Microfibra Premium 2em1 Vileda<\/strong><\/p>\n<p><strong>Quantidade:\u00a0<\/strong>1un<\/p>\n<p><em>Microfibre Premium 2 em 1 \u00e9 uma inivadora esfregona de microfibras com uma grande capacidade de limpeza gra\u00e7as \u00e0 combina\u00e7\u00e3o de 2 tipos de fibras. As fibras vermelhas recolhem +20% de part\u00edculas que as fibras brancas, testado em laborat\u00f3rio. As fibras brancas garantem uma absor\u00e7\u00e3o extra e juntas permitem-no atingir uma limpeza perfeita. O resultado \u00e9 uma limpeza Premium em todo o tipo de pavimentos.<\/em><\/p>\n<p>Nova tecnologia exclusiva da Vileda que reduz a perda de cord\u00f5es com o uso.<\/p>\n","protected":false},"excerpt":{"rendered":"<p>5,99\u20ac\/un<\/p>\n","protected":false},"featured_media":42085,"comment_status":"closed","ping_status":"closed","template":"","meta":{"_themeisle_gutenberg_block_has_review":false},"product_brand":[],"product_cat":[192,190],"product_tag":[593],"woo-feed-brand":[],"class_list":{"0":"post-39816","1":"product","2":"type-product","3":"status-publish","4":"has-post-thumbnail","6":"product_cat-acessorios-de-cozinha-casa-de-banho","7":"product_cat-desinfetantes-e-limpeza","8":"product_tag-novidades","10":"first","11":"instock","12":"taxable","13":"shipping-taxable","14":"purchasable","15":"product-type-simple"},"_links":{"self":[{"href":"https:\/\/www.ateti.pt\/loja\/wp-json\/wp\/v2\/product\/39816","targetHints":{"allow":["GET"]}}],"collection":[{"href":"https:\/\/www.ateti.pt\/loja\/wp-json\/wp\/v2\/product"}],"about":[{"href":"https:\/\/www.ateti.pt\/loja\/wp-json\/wp\/v2\/types\/product"}],"replies":[{"embeddable":true,"href":"https:\/\/www.ateti.pt\/loja\/wp-json\/wp\/v2\/comments?post=39816"}],"wp:featuredmedia":[{"embeddable":true,"href":"https:\/\/www.ateti.pt\/loja\/wp-json\/wp\/v2\/media\/42085"}],"wp:attachment":[{"href":"https:\/\/www.ateti.pt\/loja\/wp-json\/wp\/v2\/media?parent=39816"}],"wp:term":[{"taxonomy":"product_brand","embeddable":true,"href":"https:\/\/www.ateti.pt\/loja\/wp-json\/wp\/v2\/product_brand?post=39816"},{"taxonomy":"product_cat","embeddable":true,"href":"https:\/\/www.ateti.pt\/loja\/wp-json\/wp\/v2\/product_cat?post=39816"},{"taxonomy":"product_tag","embeddable":true,"href":"https:\/\/www.ateti.pt\/loja\/wp-json\/wp\/v2\/product_tag?post=39816"},{"taxonomy":"woo-feed-brand","embeddable":true,"href":"https:\/\/www.ateti.pt\/loja\/wp-json\/wp\/v2\/woo-feed-brand?post=39816"}],"curies":[{"name":"wp","href":"https:\/\/api.w.org\/{rel}","templated":true}]}}