{"id":39810,"date":"2022-04-14T14:45:52","date_gmt":"2022-04-14T13:45:52","guid":{"rendered":"https:\/\/www.ateti.pt\/loja\/?post_type=product&#038;p=39810"},"modified":"2025-11-20T11:52:36","modified_gmt":"2025-11-20T11:52:36","slug":"barras-de-cereais-chocolate-fitness-141g","status":"publish","type":"product","link":"https:\/\/www.ateti.pt\/loja\/produto\/barras-de-cereais-chocolate-fitness-141g\/","title":{"rendered":"Barras de Cereais Fitness Chocolate 141g Nestl\u00e9"},"content":{"rendered":"<p><strong>Barras de Cereais Chocolate Fitness<\/strong><\/p>\n<p><strong>Quantidade: <\/strong>141g (6&#215;23,5g)<\/p>\n<p><em>Barras de cereais com chocolate<\/em><\/p>\n<p><strong>Ingredientes:\u00a0<\/strong>Trigo integral (20,6%), arroz (15,1%), chocolate (14%) [a\u00e7\u00facar, pasta de cacau, manteiga de cacau, leite em p\u00f3 magro, soro de leite em p\u00f3, emulsionantes (lecitina de soja e polirricinoleato de poliglicerol), aroma natural], xarope de glucose, flocos de aveia integral (8,6%), a\u00e7\u00facar, xarope de a\u00e7\u00facar invertido, farinha de trigo integral (4,9%), extrato de malte de cevada, humidificante (glicerol), chocolate preto (3%)[a\u00e7\u00facar, pasta de cacau, emulsionante (lecitina de soja)], \u00f3leo de girassol, carbonato de c\u00e1lcio, extrato de malte de cevada (cevada, cevada malteada), sal, s\u00eamola de milho (0,3%), farinha de arroz (0,2%), cacau magro em p\u00f3, emulsioante (lecitina de girassol), cacau em p\u00f3, mela\u00e7o, aroma natural, antioxidante (extrato rico em tocofer\u00f3is), ferro, niacina, \u00e1cido pantot\u00e9nico, vitamina B6, \u00e1cido f\u00f3lico, riboflavina. Pode conter frutos de casca rija.<\/p>\n<p><strong>Declara\u00e7\u00e3o Nutricional (por 100g):\u00a0<\/strong>Energia: 1624kj\/386kcal; L\u00edpidos: 8,3g; dos quais Saturados: 3,3g; Hidratos de Carbono: 69,2g; dos quais A\u00e7\u00facares: 24,8g; Fibra: 7,0g; Prote\u00ednas: 6,5g; Sal: 0,62g.<\/p>\n","protected":false},"excerpt":{"rendered":"<p>0,63\u20ac\/un<\/p>\n","protected":false},"featured_media":39811,"comment_status":"closed","ping_status":"closed","template":"","meta":{"_themeisle_gutenberg_block_has_review":false},"product_brand":[],"product_cat":[144,132,145],"product_tag":[],"woo-feed-brand":[],"class_list":{"0":"post-39810","1":"product","2":"type-product","3":"status-publish","4":"has-post-thumbnail","6":"product_cat-chocolates-biscoitos-e-cereais","7":"product_cat-mercearia","8":"product_cat-pequeno-almoco-e-cereais","9":"ts_product_brand-nestle","11":"first","12":"instock","13":"taxable","14":"shipping-taxable","15":"purchasable","16":"product-type-simple"},"_links":{"self":[{"href":"https:\/\/www.ateti.pt\/loja\/wp-json\/wp\/v2\/product\/39810","targetHints":{"allow":["GET"]}}],"collection":[{"href":"https:\/\/www.ateti.pt\/loja\/wp-json\/wp\/v2\/product"}],"about":[{"href":"https:\/\/www.ateti.pt\/loja\/wp-json\/wp\/v2\/types\/product"}],"replies":[{"embeddable":true,"href":"https:\/\/www.ateti.pt\/loja\/wp-json\/wp\/v2\/comments?post=39810"}],"wp:featuredmedia":[{"embeddable":true,"href":"https:\/\/www.ateti.pt\/loja\/wp-json\/wp\/v2\/media\/39811"}],"wp:attachment":[{"href":"https:\/\/www.ateti.pt\/loja\/wp-json\/wp\/v2\/media?parent=39810"}],"wp:term":[{"taxonomy":"product_brand","embeddable":true,"href":"https:\/\/www.ateti.pt\/loja\/wp-json\/wp\/v2\/product_brand?post=39810"},{"taxonomy":"product_cat","embeddable":true,"href":"https:\/\/www.ateti.pt\/loja\/wp-json\/wp\/v2\/product_cat?post=39810"},{"taxonomy":"product_tag","embeddable":true,"href":"https:\/\/www.ateti.pt\/loja\/wp-json\/wp\/v2\/product_tag?post=39810"},{"taxonomy":"woo-feed-brand","embeddable":true,"href":"https:\/\/www.ateti.pt\/loja\/wp-json\/wp\/v2\/woo-feed-brand?post=39810"}],"curies":[{"name":"wp","href":"https:\/\/api.w.org\/{rel}","templated":true}]}}