{"id":39753,"date":"2022-04-12T16:43:08","date_gmt":"2022-04-12T16:43:08","guid":{"rendered":"https:\/\/www.ateti.pt\/loja\/?post_type=product&#038;p=39753"},"modified":"2026-02-18T15:25:27","modified_gmt":"2026-02-18T15:25:27","slug":"lava-tudo-madeira-com-sabao-750ml-pronto","status":"publish","type":"product","link":"https:\/\/www.ateti.pt\/loja\/produto\/lava-tudo-madeira-com-sabao-750ml-pronto\/","title":{"rendered":"Lava Tudo Madeira com Sab\u00e3o 750ml Pronto"},"content":{"rendered":"<p><strong>Lava Tudo Madeira com Sab\u00e3o Pronto<\/strong><\/p>\n<p><strong>Quantidade:\u00a0<\/strong>750ml<\/p>\n<p><em>Limpador com sab\u00e3o para madeira tem uma f\u00f3rmula delicada que elimina facilmente a sujidade da madeira sem deixar res\u00edduos pegajosos. Desfrute da limpeza, do ch\u00e3o naturalmente brilhante e de uma fragr\u00e2ncia refrescante.<\/em><\/p>\n<p><em>Ideal Para:\u00a0<\/em>ch\u00e3o de madeira selado, ch\u00e3o de madeira laminada, ch\u00e3o n\u00e3o encerado.<\/p>\n<p><em>Recomendado Para:\u00a0<\/em>m\u00f3veis ou pisos de madeira inacabados, encerados, oleados ou desgastados.<\/p>\n","protected":false},"excerpt":{"rendered":"<p>5.32\u20ac\/L<\/p>\n","protected":false},"featured_media":39754,"comment_status":"closed","ping_status":"closed","template":"","meta":{"_themeisle_gutenberg_block_has_review":false},"product_brand":[],"product_cat":[190,232,204],"product_tag":[593],"woo-feed-brand":[],"class_list":{"0":"post-39753","1":"product","2":"type-product","3":"status-publish","4":"has-post-thumbnail","6":"product_cat-desinfetantes-e-limpeza","7":"product_cat-lava-tudo","8":"product_cat-limpeza","9":"product_tag-novidades","10":"ts_product_brand-pronto","12":"first","13":"instock","14":"taxable","15":"shipping-taxable","16":"purchasable","17":"product-type-simple"},"_links":{"self":[{"href":"https:\/\/www.ateti.pt\/loja\/wp-json\/wp\/v2\/product\/39753","targetHints":{"allow":["GET"]}}],"collection":[{"href":"https:\/\/www.ateti.pt\/loja\/wp-json\/wp\/v2\/product"}],"about":[{"href":"https:\/\/www.ateti.pt\/loja\/wp-json\/wp\/v2\/types\/product"}],"replies":[{"embeddable":true,"href":"https:\/\/www.ateti.pt\/loja\/wp-json\/wp\/v2\/comments?post=39753"}],"wp:featuredmedia":[{"embeddable":true,"href":"https:\/\/www.ateti.pt\/loja\/wp-json\/wp\/v2\/media\/39754"}],"wp:attachment":[{"href":"https:\/\/www.ateti.pt\/loja\/wp-json\/wp\/v2\/media?parent=39753"}],"wp:term":[{"taxonomy":"product_brand","embeddable":true,"href":"https:\/\/www.ateti.pt\/loja\/wp-json\/wp\/v2\/product_brand?post=39753"},{"taxonomy":"product_cat","embeddable":true,"href":"https:\/\/www.ateti.pt\/loja\/wp-json\/wp\/v2\/product_cat?post=39753"},{"taxonomy":"product_tag","embeddable":true,"href":"https:\/\/www.ateti.pt\/loja\/wp-json\/wp\/v2\/product_tag?post=39753"},{"taxonomy":"woo-feed-brand","embeddable":true,"href":"https:\/\/www.ateti.pt\/loja\/wp-json\/wp\/v2\/woo-feed-brand?post=39753"}],"curies":[{"name":"wp","href":"https:\/\/api.w.org\/{rel}","templated":true}]}}