{"id":39520,"date":"2022-04-05T16:40:28","date_gmt":"2022-04-05T15:40:28","guid":{"rendered":"https:\/\/www.ateti.pt\/loja\/?post_type=product&#038;p=39520"},"modified":"2025-01-28T11:34:59","modified_gmt":"2025-01-28T11:34:59","slug":"snacks-barritas-com-sabor-a-frango-100g-activpet-junior","status":"publish","type":"product","link":"https:\/\/www.ateti.pt\/loja\/produto\/snacks-barritas-com-sabor-a-frango-100g-activpet-junior\/","title":{"rendered":"Snacks Barritas J\u00fanior com sabor a Frango 100g ActivPet"},"content":{"rendered":"<p><strong>Snacks Barritas com sabor a Frango ActivPet J\u00fanior<\/strong><\/p>\n<p><strong>Quantidade:\u00a0<\/strong>100g \/ 12un<\/p>\n<p><em>Todas as ra\u00e7as, a partir dos 4meses.<\/em><\/p>\n<p><strong>Composi\u00e7\u00e3o: <\/strong>Carnes e subprodutos animais (frango 4%), cereais, extratos vegetais proteicos, a\u00e7\u00facares, subprodutos de origem vegetal, \u00f3leos e gorduras.<\/p>\n<p><strong>Modo de emprego:\u00a0<\/strong>as barritas j\u00fanior ActivPet s\u00e3o deliciosas e podem ser usadas como complemento \u00e0 alimenta\u00e7\u00e3o do seu c\u00e3o, como recompensa pela pr\u00e1tica de exerc\u00edcio f\u00edsico do animal. Barritas ActivPet foi especialmente concebido para cachorros e c\u00e3es jovens. Tenha aten\u00e7\u00e3o pois o excesso de guloseimas e falta de exerc\u00edcio podem levar ao excesso de peso do seu c\u00e3o. Sirva o produto tal e qual, a qualquer altura do dia. N\u00e3o recomendado para c\u00e3es com menos de 4 meses.<\/p>\n","protected":false},"excerpt":{"rendered":"<p>0,12\u20ac\/un<\/p>\n","protected":false},"featured_media":42089,"comment_status":"closed","ping_status":"closed","template":"","meta":{"_themeisle_gutenberg_block_has_review":false},"product_brand":[],"product_cat":[234,235],"product_tag":[593],"woo-feed-brand":[],"class_list":{"0":"post-39520","1":"product","2":"type-product","3":"status-publish","4":"has-post-thumbnail","6":"product_cat-animais","7":"product_cat-caes","8":"product_tag-novidades","9":"ts_product_brand-activpet","11":"first","12":"instock","13":"taxable","14":"shipping-taxable","15":"purchasable","16":"product-type-simple"},"_links":{"self":[{"href":"https:\/\/www.ateti.pt\/loja\/wp-json\/wp\/v2\/product\/39520","targetHints":{"allow":["GET"]}}],"collection":[{"href":"https:\/\/www.ateti.pt\/loja\/wp-json\/wp\/v2\/product"}],"about":[{"href":"https:\/\/www.ateti.pt\/loja\/wp-json\/wp\/v2\/types\/product"}],"replies":[{"embeddable":true,"href":"https:\/\/www.ateti.pt\/loja\/wp-json\/wp\/v2\/comments?post=39520"}],"wp:featuredmedia":[{"embeddable":true,"href":"https:\/\/www.ateti.pt\/loja\/wp-json\/wp\/v2\/media\/42089"}],"wp:attachment":[{"href":"https:\/\/www.ateti.pt\/loja\/wp-json\/wp\/v2\/media?parent=39520"}],"wp:term":[{"taxonomy":"product_brand","embeddable":true,"href":"https:\/\/www.ateti.pt\/loja\/wp-json\/wp\/v2\/product_brand?post=39520"},{"taxonomy":"product_cat","embeddable":true,"href":"https:\/\/www.ateti.pt\/loja\/wp-json\/wp\/v2\/product_cat?post=39520"},{"taxonomy":"product_tag","embeddable":true,"href":"https:\/\/www.ateti.pt\/loja\/wp-json\/wp\/v2\/product_tag?post=39520"},{"taxonomy":"woo-feed-brand","embeddable":true,"href":"https:\/\/www.ateti.pt\/loja\/wp-json\/wp\/v2\/woo-feed-brand?post=39520"}],"curies":[{"name":"wp","href":"https:\/\/api.w.org\/{rel}","templated":true}]}}