{"id":39509,"date":"2022-04-05T14:34:52","date_gmt":"2022-04-05T13:34:52","guid":{"rendered":"https:\/\/www.ateti.pt\/loja\/?post_type=product&#038;p=39509"},"modified":"2025-11-12T12:50:23","modified_gmt":"2025-11-12T12:50:23","slug":"oleo-alimentar-fula-3l","status":"publish","type":"product","link":"https:\/\/www.ateti.pt\/loja\/produto\/oleo-alimentar-fula-3l\/","title":{"rendered":"\u00d3leo Alimentar 3L Fula"},"content":{"rendered":"<p>\u00d3leo Alimentar Fula 3L<\/p>\n<p>Quantidade: 3L<\/p>\n<p><strong>Descri\u00e7\u00e3o:\u00a0<\/strong><\/p>\n<p><strong>Fula<\/strong>\u00a0\u00e9 um \u00f3leo 100% vegetal de excepcional qualidade, que oferece os melhores resultados em todo o tipo de utiliza\u00e7\u00f5es.<\/p>\n<p>O\u00a0<strong>Fula<\/strong>\u00a0de sempre agora inclui \u00f3leos ess\u00eancias de ervas arom\u00e1ticas que\u00a0<strong>reduzem o cheiro a fritos.<\/strong><\/p>\n<p>Os cozinhados l\u00e1 em casa v\u00e3o continuar deliciosos, porque\u00a0<strong>Fula<\/strong>\u00a0n\u00e3o altera o sabor dos alimentos, mas agora j\u00e1 n\u00e3o tem de se preocupar com os cheiros desagrad\u00e1veis.<\/p>\n<p>9 em cada 10 consumidoras consideram que o\u00a0<strong>Fula<\/strong> \u00e9 de facto eficaz a evitar o cheiro a fritos em casa!<\/p>\n<p><strong>Principal utiliza\u00e7\u00e3o:<\/strong><\/p>\n<p>O \u00d3leo Alimentar Fula 3L \u00e9 mais utilizado para fritar e temperar.<\/p>\n<p><strong>Temperatura m\u00e1xima:<\/strong>\u00a0175\u00baC<\/p>\n<p><strong>Ingredientes:\u00a0<\/strong>\u00d3leo de girassol refinado, \u00f3leo de girassol com alto teor em \u00e1cido oleico refinado, \u00f3leo de milho refinado, aroma natural.<\/p>\n<p><strong>Declara\u00e7\u00e3o nutricional:<\/strong> Energia: 3397kj\/826kcal; L\u00edpidos: 92g, dos quais saturados: 10g; dos quais monoinsaturados: 28g; dos quais polinsaturados: 54g; Hidratos de Carbono:0g; dos quais a\u00e7\u00facares: 0g; Prote\u00ednas:0g; Sal:0g.<\/p>\n<p>&nbsp;<\/p>\n<p>Para ver mais produtos como este v\u00e1 a\u00a0<a href=\"https:\/\/www.ateti.pt\/loja\/categoria\/ate-ti-negocios\/azeites-oleos\/\" target=\"_blank\" rel=\"noopener\">Azeites\/\u00d3leos<\/a> na Categoria At\u00e9 Ti Neg\u00f3cios.<\/p>\n<p>Pode ainda encontrar no At\u00e9 Ti produtos com descontos at\u00e9 50% na Categoria\u00a0<a href=\"https:\/\/www.ateti.pt\/loja\/categoria\/outlet-ate-50\/\" target=\"_blank\" rel=\"noopener\">Outlet ate 50%<\/a>.<\/p>\n<p>Fa\u00e7a as suas compras no seu supermercado online At\u00e9 Ti e receba a sua encomenda comodamente em casa, no trabalho ou onde quiser.<\/p>\n<p>&nbsp;<\/p>\n","protected":false},"excerpt":{"rendered":"<p>2.26\u20ac\/Litro<\/p>\n","protected":false},"featured_media":60931,"comment_status":"closed","ping_status":"closed","template":"","meta":{"_themeisle_gutenberg_block_has_review":false},"product_brand":[],"product_cat":[542,250,691,156,891,132],"product_tag":[],"woo-feed-brand":[],"class_list":{"0":"post-39509","1":"product","2":"type-product","3":"status-publish","4":"has-post-thumbnail","6":"product_cat-alimentacao-office","7":"product_cat-ate-ti-negocios","8":"product_cat-azeites-oleos","9":"product_cat-azeiteseoleos","10":"product_cat-iva-zero","11":"product_cat-mercearia","13":"first","14":"instock","15":"sale","16":"taxable","17":"shipping-taxable","18":"purchasable","19":"product-type-simple"},"_links":{"self":[{"href":"https:\/\/www.ateti.pt\/loja\/wp-json\/wp\/v2\/product\/39509","targetHints":{"allow":["GET"]}}],"collection":[{"href":"https:\/\/www.ateti.pt\/loja\/wp-json\/wp\/v2\/product"}],"about":[{"href":"https:\/\/www.ateti.pt\/loja\/wp-json\/wp\/v2\/types\/product"}],"replies":[{"embeddable":true,"href":"https:\/\/www.ateti.pt\/loja\/wp-json\/wp\/v2\/comments?post=39509"}],"wp:featuredmedia":[{"embeddable":true,"href":"https:\/\/www.ateti.pt\/loja\/wp-json\/wp\/v2\/media\/60931"}],"wp:attachment":[{"href":"https:\/\/www.ateti.pt\/loja\/wp-json\/wp\/v2\/media?parent=39509"}],"wp:term":[{"taxonomy":"product_brand","embeddable":true,"href":"https:\/\/www.ateti.pt\/loja\/wp-json\/wp\/v2\/product_brand?post=39509"},{"taxonomy":"product_cat","embeddable":true,"href":"https:\/\/www.ateti.pt\/loja\/wp-json\/wp\/v2\/product_cat?post=39509"},{"taxonomy":"product_tag","embeddable":true,"href":"https:\/\/www.ateti.pt\/loja\/wp-json\/wp\/v2\/product_tag?post=39509"},{"taxonomy":"woo-feed-brand","embeddable":true,"href":"https:\/\/www.ateti.pt\/loja\/wp-json\/wp\/v2\/woo-feed-brand?post=39509"}],"curies":[{"name":"wp","href":"https:\/\/api.w.org\/{rel}","templated":true}]}}