{"id":39451,"date":"2022-04-04T15:51:13","date_gmt":"2022-04-04T15:51:13","guid":{"rendered":"https:\/\/www.ateti.pt\/loja\/?post_type=product&#038;p=39451"},"modified":"2024-09-25T16:20:17","modified_gmt":"2024-09-25T15:20:17","slug":"cogumelos-laminados-355g-amanhecer","status":"publish","type":"product","link":"https:\/\/www.ateti.pt\/loja\/produto\/cogumelos-laminados-355g-amanhecer\/","title":{"rendered":"Cogumelos Laminados 355g Amanhecer"},"content":{"rendered":"<p><strong>Cogumelos Laminados Amanhecer<\/strong><\/p>\n<p><strong>Peso L\u00edquido:\u00a0<\/strong>355g<\/p>\n<p><strong>Peso L\u00edquido Escorrido:\u00a0<\/strong>185g<\/p>\n<p><strong>Ingredientes:\u00a0<\/strong>Cogumelos (Agaricus Bisporus), \u00e1gua, sal, regulador de acidez (\u00e1cido c\u00edtrico).<\/p>\n<p><strong>Declara\u00e7\u00e3o Nutricional (por 100g):\u00a0<\/strong>Energia: 120kj\/28kcal; L\u00edpidos: 0,7g; dos quais Saturados: 0,3g; Hidratos de Carbono: 0,9g; dos quais A\u00e7\u00facares: 0,7g; Fibra: 3g; Prote\u00ednas: 3,2g; Sal: 0,6g.<\/p>\n","protected":false},"excerpt":{"rendered":"<p>3,63\u20ac\/kg<\/p>\n","protected":false},"featured_media":42314,"comment_status":"closed","ping_status":"closed","template":"","meta":{"_themeisle_gutenberg_block_has_review":false},"product_brand":[],"product_cat":[155,132],"product_tag":[593],"woo-feed-brand":[],"class_list":{"0":"post-39451","1":"product","2":"type-product","3":"status-publish","4":"has-post-thumbnail","6":"product_cat-conservas","7":"product_cat-mercearia","8":"product_tag-novidades","9":"ts_product_brand-amanhecer","11":"first","12":"instock","13":"taxable","14":"shipping-taxable","15":"purchasable","16":"product-type-simple"},"_links":{"self":[{"href":"https:\/\/www.ateti.pt\/loja\/wp-json\/wp\/v2\/product\/39451","targetHints":{"allow":["GET"]}}],"collection":[{"href":"https:\/\/www.ateti.pt\/loja\/wp-json\/wp\/v2\/product"}],"about":[{"href":"https:\/\/www.ateti.pt\/loja\/wp-json\/wp\/v2\/types\/product"}],"replies":[{"embeddable":true,"href":"https:\/\/www.ateti.pt\/loja\/wp-json\/wp\/v2\/comments?post=39451"}],"wp:featuredmedia":[{"embeddable":true,"href":"https:\/\/www.ateti.pt\/loja\/wp-json\/wp\/v2\/media\/42314"}],"wp:attachment":[{"href":"https:\/\/www.ateti.pt\/loja\/wp-json\/wp\/v2\/media?parent=39451"}],"wp:term":[{"taxonomy":"product_brand","embeddable":true,"href":"https:\/\/www.ateti.pt\/loja\/wp-json\/wp\/v2\/product_brand?post=39451"},{"taxonomy":"product_cat","embeddable":true,"href":"https:\/\/www.ateti.pt\/loja\/wp-json\/wp\/v2\/product_cat?post=39451"},{"taxonomy":"product_tag","embeddable":true,"href":"https:\/\/www.ateti.pt\/loja\/wp-json\/wp\/v2\/product_tag?post=39451"},{"taxonomy":"woo-feed-brand","embeddable":true,"href":"https:\/\/www.ateti.pt\/loja\/wp-json\/wp\/v2\/woo-feed-brand?post=39451"}],"curies":[{"name":"wp","href":"https:\/\/api.w.org\/{rel}","templated":true}]}}