{"id":39264,"date":"2023-03-24T17:30:26","date_gmt":"2023-03-24T16:30:26","guid":{"rendered":"https:\/\/www.ateti.pt\/loja\/?post_type=product&#038;p=39264"},"modified":"2025-03-26T12:24:08","modified_gmt":"2025-03-26T12:24:08","slug":"folar-da-pascoa-recheado-500gr","status":"publish","type":"product","link":"https:\/\/www.ateti.pt\/loja\/produto\/folar-da-pascoa-recheado-500gr\/","title":{"rendered":"Folar da P\u00e1scoa Recheado 500gr"},"content":{"rendered":"<p>Folar da P\u00e1scoa Recheado<\/p>\n<p>Quantidade: 500gr<\/p>\n<p>O produto &#8220;Folar da P\u00e1scoa &#8221; tem uma validade at\u00e9 8 dias, pelo que deve considerar menos 3 dias \u00fateis para efeitos de transporte.<\/p>\n<p>&nbsp;<\/p>\n","protected":false},"excerpt":{"rendered":"<p>16.98\u20ac\/Kg<\/p>\n","protected":false},"featured_media":28038,"comment_status":"closed","ping_status":"closed","template":"","meta":{"_themeisle_gutenberg_block_has_review":false},"product_brand":[],"product_cat":[598,619,666],"product_tag":[],"woo-feed-brand":[],"class_list":{"0":"post-39264","1":"product","2":"type-product","3":"status-publish","4":"has-post-thumbnail","6":"product_cat-padaria-pastelaria","7":"product_cat-pascoa","8":"product_cat-pastelaria","10":"first","11":"instock","12":"taxable","13":"shipping-taxable","14":"purchasable","15":"product-type-simple"},"_links":{"self":[{"href":"https:\/\/www.ateti.pt\/loja\/wp-json\/wp\/v2\/product\/39264","targetHints":{"allow":["GET"]}}],"collection":[{"href":"https:\/\/www.ateti.pt\/loja\/wp-json\/wp\/v2\/product"}],"about":[{"href":"https:\/\/www.ateti.pt\/loja\/wp-json\/wp\/v2\/types\/product"}],"replies":[{"embeddable":true,"href":"https:\/\/www.ateti.pt\/loja\/wp-json\/wp\/v2\/comments?post=39264"}],"wp:featuredmedia":[{"embeddable":true,"href":"https:\/\/www.ateti.pt\/loja\/wp-json\/wp\/v2\/media\/28038"}],"wp:attachment":[{"href":"https:\/\/www.ateti.pt\/loja\/wp-json\/wp\/v2\/media?parent=39264"}],"wp:term":[{"taxonomy":"product_brand","embeddable":true,"href":"https:\/\/www.ateti.pt\/loja\/wp-json\/wp\/v2\/product_brand?post=39264"},{"taxonomy":"product_cat","embeddable":true,"href":"https:\/\/www.ateti.pt\/loja\/wp-json\/wp\/v2\/product_cat?post=39264"},{"taxonomy":"product_tag","embeddable":true,"href":"https:\/\/www.ateti.pt\/loja\/wp-json\/wp\/v2\/product_tag?post=39264"},{"taxonomy":"woo-feed-brand","embeddable":true,"href":"https:\/\/www.ateti.pt\/loja\/wp-json\/wp\/v2\/woo-feed-brand?post=39264"}],"curies":[{"name":"wp","href":"https:\/\/api.w.org\/{rel}","templated":true}]}}