{"id":38579,"date":"2022-03-09T14:48:49","date_gmt":"2022-03-09T13:48:49","guid":{"rendered":"https:\/\/www.ateti.pt\/loja\/?post_type=product&#038;p=38579"},"modified":"2024-12-19T17:40:51","modified_gmt":"2024-12-19T17:40:51","slug":"acucar-granulado-branco-saquetas-4g-bonini-500gr","status":"publish","type":"product","link":"https:\/\/www.ateti.pt\/loja\/produto\/acucar-granulado-branco-saquetas-4g-bonini-500gr\/","title":{"rendered":"A\u00e7\u00facar Branco Saquetas 1kg Gourm\u00eas"},"content":{"rendered":"<p><strong>A\u00e7\u00facar Granulado Branco Saquetas\u00a0<\/strong><\/p>\n<p>Quantidade: 1kg<\/p>\n","protected":false},"excerpt":{"rendered":"<p>2.99\u20ac\/Kg<\/p>\n","protected":false},"featured_media":62459,"comment_status":"closed","ping_status":"closed","template":"","meta":{"_themeisle_gutenberg_block_has_review":false},"product_brand":[],"product_cat":[121,250,692,188,693,141,132],"product_tag":[],"woo-feed-brand":[],"class_list":{"0":"post-38579","1":"product","2":"type-product","3":"status-publish","4":"has-post-thumbnail","6":"product_cat-acessorios","7":"product_cat-ate-ti-negocios","8":"product_cat-cafe","9":"product_cat-farinhaeacucares","10":"product_cat-maquinas-de-cafe","11":"product_cat-maquinas-e-acessorios","12":"product_cat-mercearia","13":"ts_product_brand-gourmes","15":"first","16":"instock","17":"taxable","18":"shipping-taxable","19":"purchasable","20":"product-type-simple"},"_links":{"self":[{"href":"https:\/\/www.ateti.pt\/loja\/wp-json\/wp\/v2\/product\/38579","targetHints":{"allow":["GET"]}}],"collection":[{"href":"https:\/\/www.ateti.pt\/loja\/wp-json\/wp\/v2\/product"}],"about":[{"href":"https:\/\/www.ateti.pt\/loja\/wp-json\/wp\/v2\/types\/product"}],"replies":[{"embeddable":true,"href":"https:\/\/www.ateti.pt\/loja\/wp-json\/wp\/v2\/comments?post=38579"}],"wp:featuredmedia":[{"embeddable":true,"href":"https:\/\/www.ateti.pt\/loja\/wp-json\/wp\/v2\/media\/62459"}],"wp:attachment":[{"href":"https:\/\/www.ateti.pt\/loja\/wp-json\/wp\/v2\/media?parent=38579"}],"wp:term":[{"taxonomy":"product_brand","embeddable":true,"href":"https:\/\/www.ateti.pt\/loja\/wp-json\/wp\/v2\/product_brand?post=38579"},{"taxonomy":"product_cat","embeddable":true,"href":"https:\/\/www.ateti.pt\/loja\/wp-json\/wp\/v2\/product_cat?post=38579"},{"taxonomy":"product_tag","embeddable":true,"href":"https:\/\/www.ateti.pt\/loja\/wp-json\/wp\/v2\/product_tag?post=38579"},{"taxonomy":"woo-feed-brand","embeddable":true,"href":"https:\/\/www.ateti.pt\/loja\/wp-json\/wp\/v2\/woo-feed-brand?post=38579"}],"curies":[{"name":"wp","href":"https:\/\/api.w.org\/{rel}","templated":true}]}}