{"id":37985,"date":"2022-02-22T10:32:51","date_gmt":"2022-02-22T09:32:51","guid":{"rendered":"https:\/\/www.ateti.pt\/loja\/?post_type=product&#038;p=37985"},"modified":"2023-07-18T11:53:37","modified_gmt":"2023-07-18T10:53:37","slug":"gomas-sortido-acido-interdoces-150g","status":"publish","type":"product","link":"https:\/\/www.ateti.pt\/loja\/produto\/gomas-sortido-acido-interdoces-150g\/","title":{"rendered":"Gomas Sortido \u00c1cido 150g Interdoces"},"content":{"rendered":"<p><strong>Gomas Sortido \u00c1cido Interdoces<\/strong><\/p>\n<p><strong>Quantidade: <\/strong>150g<\/p>\n<p><strong>Ingredientes:\u00a0<\/strong>Xarope de glucose, a\u00e7\u00facar, amido modificado de milho, gelificante: gelatina, acidificantes: E330, E296, aromas, regulador de acidez: E331, corantes: E100, E120, E133, E171.<\/p>\n<p><strong>Declara\u00e7\u00e3o Nutricional (por 100g):<\/strong> Energia: 330kcal\/1328kj; L\u00edpidos: 0g; dos quais Saturados: 0g; Hidratos de Carbono: 78g, dos quais A\u00e7\u00facares: 39g; Fibra: 0g; Prote\u00ednas: 4g; Sal: 0g.<\/p>\n","protected":false},"excerpt":{"rendered":"<p>10.60\u20ac\/kg<\/p>\n","protected":false},"featured_media":38004,"comment_status":"closed","ping_status":"closed","template":"","meta":{"_themeisle_gutenberg_block_has_review":false},"product_brand":[],"product_cat":[25,144,132],"product_tag":[593],"woo-feed-brand":[],"class_list":{"0":"post-37985","1":"product","2":"type-product","3":"status-publish","4":"has-post-thumbnail","6":"product_cat-chocolates","7":"product_cat-chocolates-biscoitos-e-cereais","8":"product_cat-mercearia","9":"product_tag-novidades","10":"ts_product_brand-interdoces","12":"first","13":"instock","14":"taxable","15":"shipping-taxable","16":"purchasable","17":"product-type-simple"},"_links":{"self":[{"href":"https:\/\/www.ateti.pt\/loja\/wp-json\/wp\/v2\/product\/37985","targetHints":{"allow":["GET"]}}],"collection":[{"href":"https:\/\/www.ateti.pt\/loja\/wp-json\/wp\/v2\/product"}],"about":[{"href":"https:\/\/www.ateti.pt\/loja\/wp-json\/wp\/v2\/types\/product"}],"replies":[{"embeddable":true,"href":"https:\/\/www.ateti.pt\/loja\/wp-json\/wp\/v2\/comments?post=37985"}],"wp:featuredmedia":[{"embeddable":true,"href":"https:\/\/www.ateti.pt\/loja\/wp-json\/wp\/v2\/media\/38004"}],"wp:attachment":[{"href":"https:\/\/www.ateti.pt\/loja\/wp-json\/wp\/v2\/media?parent=37985"}],"wp:term":[{"taxonomy":"product_brand","embeddable":true,"href":"https:\/\/www.ateti.pt\/loja\/wp-json\/wp\/v2\/product_brand?post=37985"},{"taxonomy":"product_cat","embeddable":true,"href":"https:\/\/www.ateti.pt\/loja\/wp-json\/wp\/v2\/product_cat?post=37985"},{"taxonomy":"product_tag","embeddable":true,"href":"https:\/\/www.ateti.pt\/loja\/wp-json\/wp\/v2\/product_tag?post=37985"},{"taxonomy":"woo-feed-brand","embeddable":true,"href":"https:\/\/www.ateti.pt\/loja\/wp-json\/wp\/v2\/woo-feed-brand?post=37985"}],"curies":[{"name":"wp","href":"https:\/\/api.w.org\/{rel}","templated":true}]}}