{"id":37515,"date":"2025-05-02T12:32:25","date_gmt":"2025-05-02T11:32:25","guid":{"rendered":"https:\/\/www.ateti.pt\/loja\/?post_type=product&#038;p=37515"},"modified":"2026-01-16T11:23:43","modified_gmt":"2026-01-16T11:23:43","slug":"bolacha-maria-doses-vieira-12x25g","status":"publish","type":"product","link":"https:\/\/www.ateti.pt\/loja\/produto\/bolacha-maria-doses-vieira-12x25g\/","title":{"rendered":"Bolacha Maria Doses Emb.12un x 25g Vieira"},"content":{"rendered":"<p><strong>Bolacha Maria Doses Vieira<\/strong><\/p>\n<p>Data de validade: 10\/04\/2024<\/p>\n<p><strong>Quantidade: <\/strong>12x25g<\/p>\n<p><strong>Ingredientes:\u00a0<\/strong>Farinha de trigo (gl\u00faten), a\u00e7\u00facar, \u00f3leo de girassol alto oleico (com antioxidantes (extrato rico em tocofer\u00f3is, \u00e9steres de \u00e1cidos gordos do \u00e1cido asc\u00f3rbico)) aprox. 7%,xarope de glucose-frutose, amido de milho, levedantes (hidrogenocarbonato de am\u00f3nio e hidrogenocarbonato de s\u00f3dio), extrato de malte de cevada (gl\u00faten), leite gordo em p\u00f3, aromas, emulsionante (lecitina de soja) e antioxidante (metabissulfito de s\u00f3dio). Pode conter vest\u00edgios de ovos, amendoins, sementes de s\u00e9samo e frutos de casca rija.<\/p>\n<p><strong>Declara\u00e7\u00e3o Nutricional (por 100g):\u00a0<\/strong>Energia: 1777kj\/421kcal; L\u00edpidos: 8,0g; dos quais Saturados: 1,1g; Hidratos de carbono: 77,3g; dos quais A\u00e7\u00facares: 14,8g; Prote\u00ednas: 8,4g; Sal: 1,0g.<\/p>\n","protected":false},"excerpt":{"rendered":"<p>0,28\u20ac\/Dose<\/p>\n","protected":false},"featured_media":61586,"comment_status":"closed","ping_status":"closed","template":"","meta":{"_themeisle_gutenberg_block_has_review":false},"product_brand":[],"product_cat":[134,144,132],"product_tag":[],"woo-feed-brand":[],"class_list":{"0":"post-37515","1":"product","2":"type-product","3":"status-publish","4":"has-post-thumbnail","6":"product_cat-bolachas-biscoitos","7":"product_cat-chocolates-biscoitos-e-cereais","8":"product_cat-mercearia","9":"ts_product_brand-vieira","11":"first","12":"instock","13":"taxable","14":"shipping-taxable","15":"purchasable","16":"product-type-simple"},"_links":{"self":[{"href":"https:\/\/www.ateti.pt\/loja\/wp-json\/wp\/v2\/product\/37515","targetHints":{"allow":["GET"]}}],"collection":[{"href":"https:\/\/www.ateti.pt\/loja\/wp-json\/wp\/v2\/product"}],"about":[{"href":"https:\/\/www.ateti.pt\/loja\/wp-json\/wp\/v2\/types\/product"}],"replies":[{"embeddable":true,"href":"https:\/\/www.ateti.pt\/loja\/wp-json\/wp\/v2\/comments?post=37515"}],"wp:featuredmedia":[{"embeddable":true,"href":"https:\/\/www.ateti.pt\/loja\/wp-json\/wp\/v2\/media\/61586"}],"wp:attachment":[{"href":"https:\/\/www.ateti.pt\/loja\/wp-json\/wp\/v2\/media?parent=37515"}],"wp:term":[{"taxonomy":"product_brand","embeddable":true,"href":"https:\/\/www.ateti.pt\/loja\/wp-json\/wp\/v2\/product_brand?post=37515"},{"taxonomy":"product_cat","embeddable":true,"href":"https:\/\/www.ateti.pt\/loja\/wp-json\/wp\/v2\/product_cat?post=37515"},{"taxonomy":"product_tag","embeddable":true,"href":"https:\/\/www.ateti.pt\/loja\/wp-json\/wp\/v2\/product_tag?post=37515"},{"taxonomy":"woo-feed-brand","embeddable":true,"href":"https:\/\/www.ateti.pt\/loja\/wp-json\/wp\/v2\/woo-feed-brand?post=37515"}],"curies":[{"name":"wp","href":"https:\/\/api.w.org\/{rel}","templated":true}]}}