{"id":37507,"date":"2022-02-04T11:04:35","date_gmt":"2022-02-04T10:04:35","guid":{"rendered":"https:\/\/www.ateti.pt\/loja\/?post_type=product&#038;p=37507"},"modified":"2024-02-19T12:22:56","modified_gmt":"2024-02-19T12:22:56","slug":"batata-frita-palha-amanhecer-200g","status":"publish","type":"product","link":"https:\/\/www.ateti.pt\/loja\/produto\/batata-frita-palha-amanhecer-200g\/","title":{"rendered":"Batata Frita Palha 200g Amanhecer"},"content":{"rendered":"<p><strong>Batata Frita Palha Amanhecer<\/strong><\/p>\n<p><strong>Quantidade: <\/strong>200g<\/p>\n<p><em>Batatas fritas palha fina com sal<\/em><\/p>\n<p><strong>Ingredientes:\u00a0<\/strong>Batatas (64,25%), \u00f3leo de girassol com alto teor em \u00e1cido oleico (35%) e sal (0,75%). Pode conter vest\u00edgios de cereais com gl\u00faten, leite, soja, aipo e mostarda.<\/p>\n<p><em>Frito em \u00f3leo de girassol com alto teor em \u00e1cido oleico, um \u00f3leo monoinsaturado com um perfil nutricional semelhante ao azeite.<\/em><\/p>\n<p><strong>Declara\u00e7\u00e3o Nutricional (por 100g):\u00a0<\/strong>Energia: 2317kj\/557kcal; L\u00edpidos: 37g; dos quais Saturados: 3,8g; Hidratos de Carbono: 47g; dos quais A\u00e7\u00facares: 0,6g; Fibra: 4,8g; Prote\u00ednas: 6,5g; Sal: 0,75g.<\/p>\n","protected":false},"excerpt":{"rendered":"<p>7,45\u20ac\/kg<\/p>\n","protected":false},"featured_media":61587,"comment_status":"closed","ping_status":"closed","template":"","meta":{"_themeisle_gutenberg_block_has_review":false},"product_brand":[],"product_cat":[206,132],"product_tag":[593],"woo-feed-brand":[],"class_list":{"0":"post-37507","1":"product","2":"type-product","3":"status-publish","4":"has-post-thumbnail","6":"product_cat-aperitivos","7":"product_cat-mercearia","8":"product_tag-novidades","10":"first","11":"instock","12":"taxable","13":"shipping-taxable","14":"purchasable","15":"product-type-simple"},"_links":{"self":[{"href":"https:\/\/www.ateti.pt\/loja\/wp-json\/wp\/v2\/product\/37507","targetHints":{"allow":["GET"]}}],"collection":[{"href":"https:\/\/www.ateti.pt\/loja\/wp-json\/wp\/v2\/product"}],"about":[{"href":"https:\/\/www.ateti.pt\/loja\/wp-json\/wp\/v2\/types\/product"}],"replies":[{"embeddable":true,"href":"https:\/\/www.ateti.pt\/loja\/wp-json\/wp\/v2\/comments?post=37507"}],"wp:featuredmedia":[{"embeddable":true,"href":"https:\/\/www.ateti.pt\/loja\/wp-json\/wp\/v2\/media\/61587"}],"wp:attachment":[{"href":"https:\/\/www.ateti.pt\/loja\/wp-json\/wp\/v2\/media?parent=37507"}],"wp:term":[{"taxonomy":"product_brand","embeddable":true,"href":"https:\/\/www.ateti.pt\/loja\/wp-json\/wp\/v2\/product_brand?post=37507"},{"taxonomy":"product_cat","embeddable":true,"href":"https:\/\/www.ateti.pt\/loja\/wp-json\/wp\/v2\/product_cat?post=37507"},{"taxonomy":"product_tag","embeddable":true,"href":"https:\/\/www.ateti.pt\/loja\/wp-json\/wp\/v2\/product_tag?post=37507"},{"taxonomy":"woo-feed-brand","embeddable":true,"href":"https:\/\/www.ateti.pt\/loja\/wp-json\/wp\/v2\/woo-feed-brand?post=37507"}],"curies":[{"name":"wp","href":"https:\/\/api.w.org\/{rel}","templated":true}]}}