{"id":37023,"date":"2022-01-19T18:49:48","date_gmt":"2022-01-19T17:49:48","guid":{"rendered":"https:\/\/www.ateti.pt\/loja\/?post_type=product&#038;p=37023"},"modified":"2023-07-25T16:02:20","modified_gmt":"2023-07-25T15:02:20","slug":"acucar-em-po-rar-250g","status":"publish","type":"product","link":"https:\/\/www.ateti.pt\/loja\/produto\/acucar-em-po-rar-250g\/","title":{"rendered":"A\u00e7\u00facar em P\u00f3 250g RAR"},"content":{"rendered":"<p><strong>A\u00e7\u00facar em P\u00f3 RAR<\/strong><\/p>\n<p><strong>Quantidade: <\/strong>250g<\/p>\n<p><strong>Ingredientes:\u00a0<\/strong>A\u00e7\u00facar branco mo\u00eddo e amido de milho (inferior ou igual a 5%)<\/p>\n<p><strong>Declara\u00e7\u00e3o Nutricional (por 100g):\u00a0<\/strong>Energia: 1698kj\/400g; L\u00edpidos: 0g; dos quais Saturados: 0g; Hidratos de Carbono: 100g; dos quais A\u00e7\u00facares: 100g; Fibra: 0g; Prote\u00ednas: og; Sal: og.<\/p>\n<p><em>Perfeito para decora\u00e7\u00e3o de bolos.<\/em><\/p>\n","protected":false},"excerpt":{"rendered":"<p>5.16\u20ac\/kg<\/p>\n","protected":false},"featured_media":37025,"comment_status":"closed","ping_status":"closed","template":"","meta":{"_themeisle_gutenberg_block_has_review":false},"product_brand":[],"product_cat":[188,132],"product_tag":[593],"woo-feed-brand":[],"class_list":{"0":"post-37023","1":"product","2":"type-product","3":"status-publish","4":"has-post-thumbnail","6":"product_cat-farinhaeacucares","7":"product_cat-mercearia","8":"product_tag-novidades","9":"ts_product_brand-rar","11":"first","12":"instock","13":"taxable","14":"shipping-taxable","15":"purchasable","16":"product-type-simple"},"_links":{"self":[{"href":"https:\/\/www.ateti.pt\/loja\/wp-json\/wp\/v2\/product\/37023","targetHints":{"allow":["GET"]}}],"collection":[{"href":"https:\/\/www.ateti.pt\/loja\/wp-json\/wp\/v2\/product"}],"about":[{"href":"https:\/\/www.ateti.pt\/loja\/wp-json\/wp\/v2\/types\/product"}],"replies":[{"embeddable":true,"href":"https:\/\/www.ateti.pt\/loja\/wp-json\/wp\/v2\/comments?post=37023"}],"wp:featuredmedia":[{"embeddable":true,"href":"https:\/\/www.ateti.pt\/loja\/wp-json\/wp\/v2\/media\/37025"}],"wp:attachment":[{"href":"https:\/\/www.ateti.pt\/loja\/wp-json\/wp\/v2\/media?parent=37023"}],"wp:term":[{"taxonomy":"product_brand","embeddable":true,"href":"https:\/\/www.ateti.pt\/loja\/wp-json\/wp\/v2\/product_brand?post=37023"},{"taxonomy":"product_cat","embeddable":true,"href":"https:\/\/www.ateti.pt\/loja\/wp-json\/wp\/v2\/product_cat?post=37023"},{"taxonomy":"product_tag","embeddable":true,"href":"https:\/\/www.ateti.pt\/loja\/wp-json\/wp\/v2\/product_tag?post=37023"},{"taxonomy":"woo-feed-brand","embeddable":true,"href":"https:\/\/www.ateti.pt\/loja\/wp-json\/wp\/v2\/woo-feed-brand?post=37023"}],"curies":[{"name":"wp","href":"https:\/\/api.w.org\/{rel}","templated":true}]}}