{"id":36863,"date":"2022-03-14T19:04:19","date_gmt":"2022-03-14T18:04:19","guid":{"rendered":"https:\/\/www.ateti.pt\/loja\/?post_type=product&#038;p=36863"},"modified":"2025-11-10T16:20:59","modified_gmt":"2025-11-10T16:20:59","slug":"nespresso-buondi-extreme-10-capsulas","status":"publish","type":"product","link":"https:\/\/www.ateti.pt\/loja\/produto\/nespresso-buondi-extreme-10-capsulas\/","title":{"rendered":"Caf\u00e9 Extreme 10 C\u00e1psulas Nespresso Buondi"},"content":{"rendered":"<p><strong>Caf\u00e9 Nespresso Buondi Extreme<\/strong><\/p>\n<p><strong>Intensidade: <\/strong>12<\/p>\n<p><strong>Quantidade: <\/strong>10 C\u00e1psulas<\/p>\n<p><strong>Peso L\u00edquido :\u00a0<\/strong>56g<\/p>\n<p>&nbsp;<\/p>\n<p>As C\u00e1psulas de Caf\u00e9 Nespresso Buondi Extreme t\u00eam uma intensidade extrema para um prazer extremo. Em cada c\u00e1psula um car\u00e1cter inconfund\u00edvel e um corpo \u00e0 sua altura.<\/p>\n<p>Neste caf\u00e9, cujas origens v\u00e3o da \u00c1sia a \u00c1frica, saltam aos sentidos os aromas torrados, um agrad\u00e1vel amargor, e notas de nozes e cacau.<\/p>\n<p>O resultado \u00e9 um sabor persistente e envolvente. E intenso como nenhum outro.<\/p>\n<p>V\u00ea mais em <a href=\"https:\/\/www.ateti.pt\/loja\/categoria\/cafe-em-capsula\/capsulas-nespresso\/\">C\u00e1psulas de Caf\u00e9 Nespresso<\/a><\/p>\n","protected":false},"excerpt":{"rendered":"<p>0,30\u20ac\/unidade<br \/>\n<strong>Intensidade:<\/strong> 12<br \/>\n<strong>Quantidade:<\/strong> 10 c\u00e1psulas de caf\u00e9<\/p>\n","protected":false},"featured_media":36864,"comment_status":"closed","ping_status":"closed","template":"","meta":{"_themeisle_gutenberg_block_has_review":false},"product_brand":[],"product_cat":[117,140],"product_tag":[],"woo-feed-brand":[],"class_list":{"0":"post-36863","1":"product","2":"type-product","3":"status-publish","4":"has-post-thumbnail","6":"product_cat-cafe-em-capsula","7":"product_cat-capsulas-nespresso","8":"ts_product_brand-buondi","10":"first","11":"instock","12":"sale","13":"taxable","14":"shipping-taxable","15":"purchasable","16":"product-type-simple"},"_links":{"self":[{"href":"https:\/\/www.ateti.pt\/loja\/wp-json\/wp\/v2\/product\/36863","targetHints":{"allow":["GET"]}}],"collection":[{"href":"https:\/\/www.ateti.pt\/loja\/wp-json\/wp\/v2\/product"}],"about":[{"href":"https:\/\/www.ateti.pt\/loja\/wp-json\/wp\/v2\/types\/product"}],"replies":[{"embeddable":true,"href":"https:\/\/www.ateti.pt\/loja\/wp-json\/wp\/v2\/comments?post=36863"}],"wp:featuredmedia":[{"embeddable":true,"href":"https:\/\/www.ateti.pt\/loja\/wp-json\/wp\/v2\/media\/36864"}],"wp:attachment":[{"href":"https:\/\/www.ateti.pt\/loja\/wp-json\/wp\/v2\/media?parent=36863"}],"wp:term":[{"taxonomy":"product_brand","embeddable":true,"href":"https:\/\/www.ateti.pt\/loja\/wp-json\/wp\/v2\/product_brand?post=36863"},{"taxonomy":"product_cat","embeddable":true,"href":"https:\/\/www.ateti.pt\/loja\/wp-json\/wp\/v2\/product_cat?post=36863"},{"taxonomy":"product_tag","embeddable":true,"href":"https:\/\/www.ateti.pt\/loja\/wp-json\/wp\/v2\/product_tag?post=36863"},{"taxonomy":"woo-feed-brand","embeddable":true,"href":"https:\/\/www.ateti.pt\/loja\/wp-json\/wp\/v2\/woo-feed-brand?post=36863"}],"curies":[{"name":"wp","href":"https:\/\/api.w.org\/{rel}","templated":true}]}}