{"id":36462,"date":"2025-01-09T13:27:11","date_gmt":"2025-01-09T13:27:11","guid":{"rendered":"https:\/\/www.ateti.pt\/loja\/?post_type=product&#038;p=36462"},"modified":"2026-02-25T12:21:54","modified_gmt":"2026-02-25T12:21:54","slug":"bolachas-marinhas-natural-sautem-200g","status":"publish","type":"product","link":"https:\/\/www.ateti.pt\/loja\/produto\/bolachas-marinhas-natural-sautem-200g\/","title":{"rendered":"Bolachas Marinhas Natural 200g Salutem"},"content":{"rendered":"<p><strong>Bolachas Marinhas Natural Salutem<\/strong><\/p>\n<p><strong>Quantidade:<\/strong> 200g<\/p>\n<p><em>Elaboradas exclusivamente com ingredientes naturais e n\u00e3o geneticamente modificados, as marinhas Salutem s\u00e3o bolachas finas e secas, inspiradas no p\u00e3o fino dos antigos marinheiros, cozido v\u00e1rias vezes para se preservar durante as longas viagens mar\u00edtimas. As suas marinhas s\u00e3o vers\u00e1teis, leves e muito crocantes. O azeite virgem extra \u00e9 uma fonte natural de \u00e1cidos gordos insaturados.<\/em><\/p>\n<p><strong>Ingredientes: <\/strong>Farinha de trigo,azeite virgem extra (10%), sal e levedante (levedura). Cont\u00e9m gl\u00faten. Pode conter vest\u00edgios de s\u00e9samo e frutos de casca rija.<\/p>\n<p><strong>Declara\u00e7\u00e3o Nutricional (por 100g): <\/strong>Energia: 1751kj\/415kcal; L\u00edpidos: 9,9g; dos quais Saturados: 1,5g; Monoinsaturados: 7,1g; Polinsaturados: 1,3g; Hidratos de Carbono: 67g; dos quais A\u00e7\u00facares: 0,9g; Fibra: 4,1g; Prote\u00ednas: 12,5g; Sal: 1,1g.<\/p>\n<p>V\u00ea mais produtos em\u00a0<a href=\"https:\/\/www.ateti.pt\/loja\/categoria\/bio-saudavel\/\">Bio &amp; Saud\u00e1vel<\/a><\/p>\n","protected":false},"excerpt":{"rendered":"<p>11.95\u20ac\/kg<\/p>\n","protected":false},"featured_media":36505,"comment_status":"closed","ping_status":"closed","template":"","meta":{"_themeisle_gutenberg_block_has_review":false},"product_brand":[],"product_cat":[207,134,144,132,223],"product_tag":[],"woo-feed-brand":[],"class_list":{"0":"post-36462","1":"product","2":"type-product","3":"status-publish","4":"has-post-thumbnail","6":"product_cat-bio-saudavel","7":"product_cat-bolachas-biscoitos","8":"product_cat-chocolates-biscoitos-e-cereais","9":"product_cat-mercearia","10":"product_cat-mercearia-saudavel","11":"ts_product_brand-salutem","13":"first","14":"instock","15":"taxable","16":"shipping-taxable","17":"purchasable","18":"product-type-simple"},"_links":{"self":[{"href":"https:\/\/www.ateti.pt\/loja\/wp-json\/wp\/v2\/product\/36462","targetHints":{"allow":["GET"]}}],"collection":[{"href":"https:\/\/www.ateti.pt\/loja\/wp-json\/wp\/v2\/product"}],"about":[{"href":"https:\/\/www.ateti.pt\/loja\/wp-json\/wp\/v2\/types\/product"}],"replies":[{"embeddable":true,"href":"https:\/\/www.ateti.pt\/loja\/wp-json\/wp\/v2\/comments?post=36462"}],"wp:featuredmedia":[{"embeddable":true,"href":"https:\/\/www.ateti.pt\/loja\/wp-json\/wp\/v2\/media\/36505"}],"wp:attachment":[{"href":"https:\/\/www.ateti.pt\/loja\/wp-json\/wp\/v2\/media?parent=36462"}],"wp:term":[{"taxonomy":"product_brand","embeddable":true,"href":"https:\/\/www.ateti.pt\/loja\/wp-json\/wp\/v2\/product_brand?post=36462"},{"taxonomy":"product_cat","embeddable":true,"href":"https:\/\/www.ateti.pt\/loja\/wp-json\/wp\/v2\/product_cat?post=36462"},{"taxonomy":"product_tag","embeddable":true,"href":"https:\/\/www.ateti.pt\/loja\/wp-json\/wp\/v2\/product_tag?post=36462"},{"taxonomy":"woo-feed-brand","embeddable":true,"href":"https:\/\/www.ateti.pt\/loja\/wp-json\/wp\/v2\/woo-feed-brand?post=36462"}],"curies":[{"name":"wp","href":"https:\/\/api.w.org\/{rel}","templated":true}]}}