{"id":36452,"date":"2025-01-27T09:40:14","date_gmt":"2025-01-27T09:40:14","guid":{"rendered":"https:\/\/www.ateti.pt\/loja\/?post_type=product&#038;p=36452"},"modified":"2025-02-11T09:46:49","modified_gmt":"2025-02-11T09:46:49","slug":"bolachas-marinhas-chia-salutem-200g","status":"publish","type":"product","link":"https:\/\/www.ateti.pt\/loja\/produto\/bolachas-marinhas-chia-salutem-200g\/","title":{"rendered":"Bolachas Marinhas Chia 200g Salutem"},"content":{"rendered":"<p><strong>Bolachas Marinhas Chia Salutem<\/strong><\/p>\n<p><strong>Quantidade: <\/strong>200g<\/p>\n<p><em>Elaboradas exclusivamente com ingredientes naturais e n\u00e3o geneticamente modificados, as marinhas Salutem s\u00e3o bolachas finas e secas, inspiradas no p\u00e3o fino dos antigos marinheiros, cozido v\u00e1rias vezes para se preservar durante as longas viagens mar\u00edtimas. As suas marinhas s\u00e3o vers\u00e1teis, leves e muito crocantes. O azeite virgem extra \u00e9 uma fonte natural de \u00e1cidos gordos insaturados.<\/em><\/p>\n<p><strong>Ingredientes: <\/strong>Farinha de trigo, azeite virgem extra (10%), sementes de chia (2,5%), sal e levedante (levedura). Cont\u00e9m gl\u00faten. Pode conter vest\u00edgios de s\u00e9samo e frutos de casca rija.<\/p>\n<p><strong>Declara\u00e7\u00e3o Nutricional (por 100g): <\/strong>Energia: 1733kj\/411kcal; L\u00edpidos: 10,1g; dos quais Saturados: 1,5g; Monoinsaturados: 6,8g; Polinsaturados: 1,8g; Hidratos de Carbono: 64,5g; dos quais A\u00e7\u00facares: 1,4g; Fibra: 4,8g; Prote\u00ednas: 13,2g; Sal: 0,8g.<\/p>\n<p>V\u00ea mais produtos em\u00a0<a href=\"https:\/\/www.ateti.pt\/loja\/categoria\/bio-saudavel\/\">Bio &amp; Saud\u00e1vel<\/a><\/p>\n","protected":false},"excerpt":{"rendered":"<p>9,55\u20ac\/kg<\/p>\n","protected":false},"featured_media":36502,"comment_status":"closed","ping_status":"closed","template":"","meta":{"_themeisle_gutenberg_block_has_review":false},"product_brand":[],"product_cat":[134,132],"product_tag":[],"woo-feed-brand":[],"class_list":{"0":"post-36452","1":"product","2":"type-product","3":"status-publish","4":"has-post-thumbnail","6":"product_cat-bolachas-biscoitos","7":"product_cat-mercearia","8":"ts_product_brand-salutem","10":"first","11":"instock","12":"taxable","13":"shipping-taxable","14":"purchasable","15":"product-type-simple"},"_links":{"self":[{"href":"https:\/\/www.ateti.pt\/loja\/wp-json\/wp\/v2\/product\/36452","targetHints":{"allow":["GET"]}}],"collection":[{"href":"https:\/\/www.ateti.pt\/loja\/wp-json\/wp\/v2\/product"}],"about":[{"href":"https:\/\/www.ateti.pt\/loja\/wp-json\/wp\/v2\/types\/product"}],"replies":[{"embeddable":true,"href":"https:\/\/www.ateti.pt\/loja\/wp-json\/wp\/v2\/comments?post=36452"}],"wp:featuredmedia":[{"embeddable":true,"href":"https:\/\/www.ateti.pt\/loja\/wp-json\/wp\/v2\/media\/36502"}],"wp:attachment":[{"href":"https:\/\/www.ateti.pt\/loja\/wp-json\/wp\/v2\/media?parent=36452"}],"wp:term":[{"taxonomy":"product_brand","embeddable":true,"href":"https:\/\/www.ateti.pt\/loja\/wp-json\/wp\/v2\/product_brand?post=36452"},{"taxonomy":"product_cat","embeddable":true,"href":"https:\/\/www.ateti.pt\/loja\/wp-json\/wp\/v2\/product_cat?post=36452"},{"taxonomy":"product_tag","embeddable":true,"href":"https:\/\/www.ateti.pt\/loja\/wp-json\/wp\/v2\/product_tag?post=36452"},{"taxonomy":"woo-feed-brand","embeddable":true,"href":"https:\/\/www.ateti.pt\/loja\/wp-json\/wp\/v2\/woo-feed-brand?post=36452"}],"curies":[{"name":"wp","href":"https:\/\/api.w.org\/{rel}","templated":true}]}}