{"id":36444,"date":"2021-12-31T02:03:15","date_gmt":"2021-12-31T01:03:15","guid":{"rendered":"https:\/\/www.ateti.pt\/loja\/?post_type=product&#038;p=36444"},"modified":"2026-03-04T11:20:41","modified_gmt":"2026-03-04T11:20:41","slug":"sal-rosa-dos-himalaias-fino-salutem-240g","status":"publish","type":"product","link":"https:\/\/www.ateti.pt\/loja\/produto\/sal-rosa-dos-himalaias-fino-salutem-240g\/","title":{"rendered":"Sal Rosa dos Himalaias Fino 240g Salutem"},"content":{"rendered":"<p><strong>Sal Rosa dos Himalaias Fino Salutem<\/strong><\/p>\n<p><strong>Quantidade:<\/strong> 240g<\/p>\n<p><strong>Ingredientes: <\/strong>100% sal rosa dos Himalaias. Pode conter vest\u00edgios de gl\u00faten, frutos de casca rija, soja e s\u00e9samo.<\/p>\n<p><em>O sal dos Himalaias, considerado o sal mais puro do mundo, possui uma cor t\u00edpica, que varia entre cristais de cor branca e tons de rosa, resultante da quantidade de minerais que apresenta, como c\u00e1lcio, pot\u00e1ssio e magn\u00e9sio, sal-gema puro, oriundo das profundezas das montanhas dos Himalaias, no Paquist\u00e3o. \u00c9 extra\u00eddo \u00e0 m\u00e3o de minas rochosas, possui cerca de 98% de NaCl e 2% de outros minerais. Devido \u00e0 presen\u00e7a de tantos minerais, este sal possui um sabor suave e agrad\u00e1vel, a solu\u00e7\u00e3o perfeita para preparar as suas refei\u00e7\u00f5es.<\/em><\/p>\n","protected":false},"excerpt":{"rendered":"<p>7.46\u20ac\/kg<\/p>\n","protected":false},"featured_media":61590,"comment_status":"closed","ping_status":"closed","template":"","meta":{"_themeisle_gutenberg_block_has_review":false},"product_brand":[],"product_cat":[132,174],"product_tag":[],"woo-feed-brand":[],"class_list":{"0":"post-36444","1":"product","2":"type-product","3":"status-publish","4":"has-post-thumbnail","6":"product_cat-mercearia","7":"product_cat-temperos-e-molhos","8":"ts_product_brand-salutem","10":"first","11":"instock","12":"taxable","13":"shipping-taxable","14":"purchasable","15":"product-type-simple"},"_links":{"self":[{"href":"https:\/\/www.ateti.pt\/loja\/wp-json\/wp\/v2\/product\/36444","targetHints":{"allow":["GET"]}}],"collection":[{"href":"https:\/\/www.ateti.pt\/loja\/wp-json\/wp\/v2\/product"}],"about":[{"href":"https:\/\/www.ateti.pt\/loja\/wp-json\/wp\/v2\/types\/product"}],"replies":[{"embeddable":true,"href":"https:\/\/www.ateti.pt\/loja\/wp-json\/wp\/v2\/comments?post=36444"}],"wp:featuredmedia":[{"embeddable":true,"href":"https:\/\/www.ateti.pt\/loja\/wp-json\/wp\/v2\/media\/61590"}],"wp:attachment":[{"href":"https:\/\/www.ateti.pt\/loja\/wp-json\/wp\/v2\/media?parent=36444"}],"wp:term":[{"taxonomy":"product_brand","embeddable":true,"href":"https:\/\/www.ateti.pt\/loja\/wp-json\/wp\/v2\/product_brand?post=36444"},{"taxonomy":"product_cat","embeddable":true,"href":"https:\/\/www.ateti.pt\/loja\/wp-json\/wp\/v2\/product_cat?post=36444"},{"taxonomy":"product_tag","embeddable":true,"href":"https:\/\/www.ateti.pt\/loja\/wp-json\/wp\/v2\/product_tag?post=36444"},{"taxonomy":"woo-feed-brand","embeddable":true,"href":"https:\/\/www.ateti.pt\/loja\/wp-json\/wp\/v2\/woo-feed-brand?post=36444"}],"curies":[{"name":"wp","href":"https:\/\/api.w.org\/{rel}","templated":true}]}}