{"id":36430,"date":"2023-06-23T09:01:16","date_gmt":"2023-06-23T08:01:16","guid":{"rendered":"https:\/\/www.ateti.pt\/loja\/?post_type=product&#038;p=36430"},"modified":"2024-08-27T15:46:53","modified_gmt":"2024-08-27T14:46:53","slug":"couscous-integral-salutem-400g","status":"publish","type":"product","link":"https:\/\/www.ateti.pt\/loja\/produto\/couscous-integral-salutem-400g\/","title":{"rendered":"Couscous Integral 400g Salutem"},"content":{"rendered":"<p><strong>Couscous Integral Salutem<\/strong><\/p>\n<p><strong>Quantidade: <\/strong>400g<\/p>\n<p><em>O\u00a0couscous\u00a0\u00e9 produzido a partir da s\u00eamola do trigo duro, tem um baixo teor de gordura, nomeadamente gordura saturada, que uma redu\u00e7\u00e3o do seu consumo contribui para a manuten\u00e7\u00e3o de n\u00edveis normais de colesterol no sangue. Este tamb\u00e9m tem baixo teor de a\u00e7\u00facares e n\u00e3o tem sal. \u00c9 uma fonte de fibra e prote\u00edna, contribuindo para o crescimento e manuten\u00e7\u00e3o de massa muscular, assim como, manuten\u00e7\u00e3o de ossos saud\u00e1veis. Deve ser mantido um regime alimentar variado e equilibrado e um modo de vida saud\u00e1vel.<\/em><\/p>\n<p><strong>Ingredientes: <\/strong>100% de s\u00eamola de trigo duro integral. Cont\u00e9m gl\u00faten. Pode conter vest\u00edgios derivados de soja, s\u00e9samo e frutos de casa rija.<\/p>\n<p><strong>Declara\u00e7\u00e3o Nutricional (por 100g): <\/strong>Energia: 1455kj\/344kcal; L\u00edpidos:2,1g; dos quais Saturados: 0,4g; Hidratos de Carbono: 65g; dos quais A\u00e7\u00facares: 3,5g; Fibra: 8,5g; Prote\u00ednas: 12g; Sal: 0,01g.<\/p>\n<p>V\u00ea mais produtos em\u00a0<a href=\"https:\/\/www.ateti.pt\/loja\/categoria\/bio-saudavel\/\">Bio &amp; Saud\u00e1vel<\/a><\/p>\n","protected":false},"excerpt":{"rendered":"<p>4.98\u20ac\/kg<\/p>\n","protected":false},"featured_media":36431,"comment_status":"closed","ping_status":"closed","template":"","meta":{"_themeisle_gutenberg_block_has_review":false},"product_brand":[],"product_cat":[207,223],"product_tag":[593],"woo-feed-brand":[],"class_list":{"0":"post-36430","1":"product","2":"type-product","3":"status-publish","4":"has-post-thumbnail","6":"product_cat-bio-saudavel","7":"product_cat-mercearia-saudavel","8":"product_tag-novidades","9":"ts_product_brand-salutem","11":"first","12":"instock","13":"taxable","14":"shipping-taxable","15":"purchasable","16":"product-type-simple"},"_links":{"self":[{"href":"https:\/\/www.ateti.pt\/loja\/wp-json\/wp\/v2\/product\/36430","targetHints":{"allow":["GET"]}}],"collection":[{"href":"https:\/\/www.ateti.pt\/loja\/wp-json\/wp\/v2\/product"}],"about":[{"href":"https:\/\/www.ateti.pt\/loja\/wp-json\/wp\/v2\/types\/product"}],"replies":[{"embeddable":true,"href":"https:\/\/www.ateti.pt\/loja\/wp-json\/wp\/v2\/comments?post=36430"}],"wp:featuredmedia":[{"embeddable":true,"href":"https:\/\/www.ateti.pt\/loja\/wp-json\/wp\/v2\/media\/36431"}],"wp:attachment":[{"href":"https:\/\/www.ateti.pt\/loja\/wp-json\/wp\/v2\/media?parent=36430"}],"wp:term":[{"taxonomy":"product_brand","embeddable":true,"href":"https:\/\/www.ateti.pt\/loja\/wp-json\/wp\/v2\/product_brand?post=36430"},{"taxonomy":"product_cat","embeddable":true,"href":"https:\/\/www.ateti.pt\/loja\/wp-json\/wp\/v2\/product_cat?post=36430"},{"taxonomy":"product_tag","embeddable":true,"href":"https:\/\/www.ateti.pt\/loja\/wp-json\/wp\/v2\/product_tag?post=36430"},{"taxonomy":"woo-feed-brand","embeddable":true,"href":"https:\/\/www.ateti.pt\/loja\/wp-json\/wp\/v2\/woo-feed-brand?post=36430"}],"curies":[{"name":"wp","href":"https:\/\/api.w.org\/{rel}","templated":true}]}}