{"id":36366,"date":"2021-12-28T17:13:27","date_gmt":"2021-12-28T16:13:27","guid":{"rendered":"https:\/\/www.ateti.pt\/loja\/?post_type=product&#038;p=36366"},"modified":"2023-03-30T09:15:50","modified_gmt":"2023-03-30T08:15:50","slug":"gel-higiene-intimo-tomilho-e-propolis-freshclean-250ml","status":"publish","type":"product","link":"https:\/\/www.ateti.pt\/loja\/produto\/gel-higiene-intimo-tomilho-e-propolis-freshclean-250ml\/","title":{"rendered":"Gel Higiene \u00cdntimo Tomilho e Pr\u00f3polis 250ml Fresh&amp;Clean"},"content":{"rendered":"<p><strong>Gel Higiene \u00cdntimo Tomilho e Pr\u00f3polis Fresh&amp;Clean<\/strong><\/p>\n<p><strong>Quantidade:<\/strong> 250ml<\/p>\n<p><em>Com a sua f\u00f3rmula suave, dermatologicamente testada, purifica e refresca delicadamente a \u00e1rea \u00edntima da mulher protegendo-a atrav\u00e9s da a\u00e7\u00e3o antibacteriana dos extratos de Tomilho e Pr\u00f3polis 100% Bio. Especialmente adequado para momentos mais suscet\u00edveis a irrita\u00e7\u00f5es (ciclo mestrual, gin\u00e1sios, piscinas, vesti\u00e1rios, praias,&#8230;).<\/em><\/p>\n","protected":false},"excerpt":{"rendered":"<p>13,96\u20ac\/L<\/p>\n","protected":false},"featured_media":36367,"comment_status":"closed","ping_status":"closed","template":"","meta":{"_themeisle_gutenberg_block_has_review":false},"product_brand":[],"product_cat":[203,190,230],"product_tag":[],"woo-feed-brand":[],"class_list":{"0":"post-36366","1":"product","2":"type-product","3":"status-publish","4":"has-post-thumbnail","6":"product_cat-beleza-e-higiene","7":"product_cat-desinfetantes-e-limpeza","8":"product_cat-higiene-feminina","9":"ts_product_brand-freshclean","11":"first","12":"instock","13":"taxable","14":"shipping-taxable","15":"purchasable","16":"product-type-simple"},"_links":{"self":[{"href":"https:\/\/www.ateti.pt\/loja\/wp-json\/wp\/v2\/product\/36366","targetHints":{"allow":["GET"]}}],"collection":[{"href":"https:\/\/www.ateti.pt\/loja\/wp-json\/wp\/v2\/product"}],"about":[{"href":"https:\/\/www.ateti.pt\/loja\/wp-json\/wp\/v2\/types\/product"}],"replies":[{"embeddable":true,"href":"https:\/\/www.ateti.pt\/loja\/wp-json\/wp\/v2\/comments?post=36366"}],"wp:featuredmedia":[{"embeddable":true,"href":"https:\/\/www.ateti.pt\/loja\/wp-json\/wp\/v2\/media\/36367"}],"wp:attachment":[{"href":"https:\/\/www.ateti.pt\/loja\/wp-json\/wp\/v2\/media?parent=36366"}],"wp:term":[{"taxonomy":"product_brand","embeddable":true,"href":"https:\/\/www.ateti.pt\/loja\/wp-json\/wp\/v2\/product_brand?post=36366"},{"taxonomy":"product_cat","embeddable":true,"href":"https:\/\/www.ateti.pt\/loja\/wp-json\/wp\/v2\/product_cat?post=36366"},{"taxonomy":"product_tag","embeddable":true,"href":"https:\/\/www.ateti.pt\/loja\/wp-json\/wp\/v2\/product_tag?post=36366"},{"taxonomy":"woo-feed-brand","embeddable":true,"href":"https:\/\/www.ateti.pt\/loja\/wp-json\/wp\/v2\/woo-feed-brand?post=36366"}],"curies":[{"name":"wp","href":"https:\/\/api.w.org\/{rel}","templated":true}]}}