{"id":36361,"date":"2021-12-28T16:40:28","date_gmt":"2021-12-28T15:40:28","guid":{"rendered":"https:\/\/www.ateti.pt\/loja\/?post_type=product&#038;p=36361"},"modified":"2024-08-27T15:15:20","modified_gmt":"2024-08-27T14:15:20","slug":"sementes-de-linhaca-castanha-salutem-250g","status":"publish","type":"product","link":"https:\/\/www.ateti.pt\/loja\/produto\/sementes-de-linhaca-castanha-salutem-250g\/","title":{"rendered":"Sementes de Linha\u00e7a Castanha 250g Salutem"},"content":{"rendered":"<p><strong>Sementes de Linha\u00e7a Castanha Salutem<\/strong><\/p>\n<p><strong>Quantidade:<\/strong> 250g<\/p>\n<p><strong>Ingredientes:\u00a0<\/strong>Sementes de linha\u00e7a castanha com casca. Pode conter vest\u00edgios de soja, frutos de casca rija, sementes de s\u00e9samo, gl\u00faten e di\u00f3xido de enxofre.<\/p>\n<p><strong>Modo de prepara\u00e7\u00e3o:\u00a0<\/strong>Podem ser consumidas tal qual ou utilizadas como enriquecedor das suas receitas (tortas, p\u00e3o, biscoitos e doces). Quando consumidas tal qual devem ser trituradas, por serem mais facilmente diger\u00edveis, ou colocadas uns minutos em \u00e1gua.<\/p>\n<p><strong>Declara\u00e7\u00e3o Nutricional (por 100g):\u00a0<\/strong>Energia: 2114kj\/512kcal; L\u00edpidos: 40g; dos quais Saturados: 4g; Omega 3(ALA): 20g; Omega 6(LA): 5,8g; Hidratos de Carbono: 6g; dos quais A\u00e7\u00facares: 1,6g; Fibra: 24g; Prote\u00ednas: 20g; Sal: 0,05g.<\/p>\n","protected":false},"excerpt":{"rendered":"<p>5,96\u20ac\/kg<\/p>\n","protected":false},"featured_media":40809,"comment_status":"closed","ping_status":"closed","template":"","meta":{"_themeisle_gutenberg_block_has_review":false},"product_brand":[],"product_cat":[207,223],"product_tag":[],"woo-feed-brand":[],"class_list":{"0":"post-36361","1":"product","2":"type-product","3":"status-publish","4":"has-post-thumbnail","6":"product_cat-bio-saudavel","7":"product_cat-mercearia-saudavel","8":"ts_product_brand-salutem","10":"first","11":"instock","12":"taxable","13":"shipping-taxable","14":"purchasable","15":"product-type-simple"},"_links":{"self":[{"href":"https:\/\/www.ateti.pt\/loja\/wp-json\/wp\/v2\/product\/36361","targetHints":{"allow":["GET"]}}],"collection":[{"href":"https:\/\/www.ateti.pt\/loja\/wp-json\/wp\/v2\/product"}],"about":[{"href":"https:\/\/www.ateti.pt\/loja\/wp-json\/wp\/v2\/types\/product"}],"replies":[{"embeddable":true,"href":"https:\/\/www.ateti.pt\/loja\/wp-json\/wp\/v2\/comments?post=36361"}],"wp:featuredmedia":[{"embeddable":true,"href":"https:\/\/www.ateti.pt\/loja\/wp-json\/wp\/v2\/media\/40809"}],"wp:attachment":[{"href":"https:\/\/www.ateti.pt\/loja\/wp-json\/wp\/v2\/media?parent=36361"}],"wp:term":[{"taxonomy":"product_brand","embeddable":true,"href":"https:\/\/www.ateti.pt\/loja\/wp-json\/wp\/v2\/product_brand?post=36361"},{"taxonomy":"product_cat","embeddable":true,"href":"https:\/\/www.ateti.pt\/loja\/wp-json\/wp\/v2\/product_cat?post=36361"},{"taxonomy":"product_tag","embeddable":true,"href":"https:\/\/www.ateti.pt\/loja\/wp-json\/wp\/v2\/product_tag?post=36361"},{"taxonomy":"woo-feed-brand","embeddable":true,"href":"https:\/\/www.ateti.pt\/loja\/wp-json\/wp\/v2\/woo-feed-brand?post=36361"}],"curies":[{"name":"wp","href":"https:\/\/api.w.org\/{rel}","templated":true}]}}