{"id":36337,"date":"2021-12-27T18:56:24","date_gmt":"2021-12-27T17:56:24","guid":{"rendered":"https:\/\/www.ateti.pt\/loja\/?post_type=product&#038;p=36337"},"modified":"2025-12-04T15:09:00","modified_gmt":"2025-12-04T15:09:00","slug":"creme-de-banho-neutro-morangos-e-mirtilos-biologicos-feno-650ml","status":"publish","type":"product","link":"https:\/\/www.ateti.pt\/loja\/produto\/creme-de-banho-neutro-morangos-e-mirtilos-biologicos-feno-650ml\/","title":{"rendered":"Creme de Banho Morango e Mirtilo 650ml Feno"},"content":{"rendered":"<p>Creme de Banho Morango e Mirtilo Feno<\/p>\n<p><strong>Quantidade:<\/strong> 650ml<\/p>\n<p><em>F\u00d3RMULA HIPOALERG\u00c9NICA<\/em><\/p>\n<p><em>O Creme de Banho Neutro Feno de Portugal <\/em>\u00e9 o amigo natural da pele, com propriedades protectoras e uma deliciosa fragr\u00e2ncia da natureza. A sua f\u00f3rmula hipoalerg\u00e9nica foi especialmente desenvolvida com pH fisiol\u00f3gico e enriquecido com extratos puros de morangos e mirtilos biol\u00f3gicos, ricos em vitaminas (C-B-A), minerais e polifen\u00f3is, com propriedades antioxidantes comprovados, tornando este Creme de Banho ideal para toda a fam\u00edlia.<\/p>\n<p><em>Cl\u00ednica e Dermatologicamente testado.<\/em><\/p>\n","protected":false},"excerpt":{"rendered":"<p>5,84\u20ac\/L<\/p>\n","protected":false},"featured_media":70972,"comment_status":"closed","ping_status":"closed","template":"","meta":{"_themeisle_gutenberg_block_has_review":false},"product_brand":[],"product_cat":[203,212,190],"product_tag":[],"woo-feed-brand":[],"class_list":{"0":"post-36337","1":"product","2":"type-product","3":"status-publish","4":"has-post-thumbnail","6":"product_cat-beleza-e-higiene","7":"product_cat-corpo","8":"product_cat-desinfetantes-e-limpeza","9":"ts_product_brand-feno","11":"first","12":"instock","13":"taxable","14":"shipping-taxable","15":"purchasable","16":"product-type-simple"},"_links":{"self":[{"href":"https:\/\/www.ateti.pt\/loja\/wp-json\/wp\/v2\/product\/36337","targetHints":{"allow":["GET"]}}],"collection":[{"href":"https:\/\/www.ateti.pt\/loja\/wp-json\/wp\/v2\/product"}],"about":[{"href":"https:\/\/www.ateti.pt\/loja\/wp-json\/wp\/v2\/types\/product"}],"replies":[{"embeddable":true,"href":"https:\/\/www.ateti.pt\/loja\/wp-json\/wp\/v2\/comments?post=36337"}],"wp:featuredmedia":[{"embeddable":true,"href":"https:\/\/www.ateti.pt\/loja\/wp-json\/wp\/v2\/media\/70972"}],"wp:attachment":[{"href":"https:\/\/www.ateti.pt\/loja\/wp-json\/wp\/v2\/media?parent=36337"}],"wp:term":[{"taxonomy":"product_brand","embeddable":true,"href":"https:\/\/www.ateti.pt\/loja\/wp-json\/wp\/v2\/product_brand?post=36337"},{"taxonomy":"product_cat","embeddable":true,"href":"https:\/\/www.ateti.pt\/loja\/wp-json\/wp\/v2\/product_cat?post=36337"},{"taxonomy":"product_tag","embeddable":true,"href":"https:\/\/www.ateti.pt\/loja\/wp-json\/wp\/v2\/product_tag?post=36337"},{"taxonomy":"woo-feed-brand","embeddable":true,"href":"https:\/\/www.ateti.pt\/loja\/wp-json\/wp\/v2\/woo-feed-brand?post=36337"}],"curies":[{"name":"wp","href":"https:\/\/api.w.org\/{rel}","templated":true}]}}