{"id":36334,"date":"2021-12-27T18:45:17","date_gmt":"2021-12-27T17:45:17","guid":{"rendered":"https:\/\/www.ateti.pt\/loja\/?post_type=product&#038;p=36334"},"modified":"2025-12-04T15:10:10","modified_gmt":"2025-12-04T15:10:10","slug":"creme-de-banho-oleo-de-oliva-e-camomila-feno-650ml","status":"publish","type":"product","link":"https:\/\/www.ateti.pt\/loja\/produto\/creme-de-banho-oleo-de-oliva-e-camomila-feno-650ml\/","title":{"rendered":"Creme de Banho \u00d3leo de Oliva e Camomila 650ml Feno"},"content":{"rendered":"<p><strong>Creme de Banho Neutro \u00d3leo de Oliva e Camomila Feno<\/strong><\/p>\n<p><strong>Quantidade: <\/strong>700ml<\/p>\n<p><em>F\u00d3RMULA HIPOALERG\u00c9NIO\u00a0<\/em><\/p>\n<p><em>O Creme de Banho Neutro Feno de Portugal\u00a0<\/em>\u00e9 o amigo natural da pele, proporcionando uma suave hidrata\u00e7\u00e3o do corpo, envolvida em deliciosas fragr\u00e2ncias da natureza. A sua f\u00f3rmula hipoalerg\u00e9nica, com creme hidratante, foi especialmente desenvolvida com pH fisiol\u00f3gico para hidratar suave e delicadamente a pele. Enriquecido dom \u00d3leo de Oliva, reconhecido pelas suas propriedades hidratantes e com notas e extratos naturais de Camomila, este Creme de Banho \u00e9 ideal para toda a fam\u00edlia.<\/p>\n<p>Cl\u00ednica e Dermatologicamente testado.<\/p>\n","protected":false},"excerpt":{"rendered":"<p>5,84\u20ac\/L<\/p>\n","protected":false},"featured_media":36336,"comment_status":"closed","ping_status":"closed","template":"","meta":{"_themeisle_gutenberg_block_has_review":false},"product_brand":[],"product_cat":[203,212,190],"product_tag":[],"woo-feed-brand":[],"class_list":{"0":"post-36334","1":"product","2":"type-product","3":"status-publish","4":"has-post-thumbnail","6":"product_cat-beleza-e-higiene","7":"product_cat-corpo","8":"product_cat-desinfetantes-e-limpeza","9":"ts_product_brand-feno","11":"first","12":"instock","13":"taxable","14":"shipping-taxable","15":"purchasable","16":"product-type-simple"},"_links":{"self":[{"href":"https:\/\/www.ateti.pt\/loja\/wp-json\/wp\/v2\/product\/36334","targetHints":{"allow":["GET"]}}],"collection":[{"href":"https:\/\/www.ateti.pt\/loja\/wp-json\/wp\/v2\/product"}],"about":[{"href":"https:\/\/www.ateti.pt\/loja\/wp-json\/wp\/v2\/types\/product"}],"replies":[{"embeddable":true,"href":"https:\/\/www.ateti.pt\/loja\/wp-json\/wp\/v2\/comments?post=36334"}],"wp:featuredmedia":[{"embeddable":true,"href":"https:\/\/www.ateti.pt\/loja\/wp-json\/wp\/v2\/media\/36336"}],"wp:attachment":[{"href":"https:\/\/www.ateti.pt\/loja\/wp-json\/wp\/v2\/media?parent=36334"}],"wp:term":[{"taxonomy":"product_brand","embeddable":true,"href":"https:\/\/www.ateti.pt\/loja\/wp-json\/wp\/v2\/product_brand?post=36334"},{"taxonomy":"product_cat","embeddable":true,"href":"https:\/\/www.ateti.pt\/loja\/wp-json\/wp\/v2\/product_cat?post=36334"},{"taxonomy":"product_tag","embeddable":true,"href":"https:\/\/www.ateti.pt\/loja\/wp-json\/wp\/v2\/product_tag?post=36334"},{"taxonomy":"woo-feed-brand","embeddable":true,"href":"https:\/\/www.ateti.pt\/loja\/wp-json\/wp\/v2\/woo-feed-brand?post=36334"}],"curies":[{"name":"wp","href":"https:\/\/api.w.org\/{rel}","templated":true}]}}