{"id":36331,"date":"2021-12-27T18:29:30","date_gmt":"2021-12-27T17:29:30","guid":{"rendered":"https:\/\/www.ateti.pt\/loja\/?post_type=product&#038;p=36331"},"modified":"2025-12-10T11:17:18","modified_gmt":"2025-12-10T11:17:18","slug":"creme-de-banho-neutro-mel-e-geleia-real-feno-650ml","status":"publish","type":"product","link":"https:\/\/www.ateti.pt\/loja\/produto\/creme-de-banho-neutro-mel-e-geleia-real-feno-650ml\/","title":{"rendered":"Creme de Banho Neutro Mel e Geleia Real 650ml Feno"},"content":{"rendered":"<p><strong>Creme de Banho Neutro Mel e Geleia Real Feno<\/strong><\/p>\n<p><strong>Quantidade:<\/strong> 650ml<\/p>\n<p><em>F\u00d3RMULA HIPOALERG\u00c9NIO\u00a0<\/em><\/p>\n<p><em>O Creme de Banho Neutro Feno de Portugal\u00a0<\/em>\u00e9 o amigo natural da pele, nutre cuidadosamente o corpo, envolvendo-o em deliciosas fragr\u00e2ncias da natureza. A sua formula hipoalerg\u00e9nica, com creme hidratante, foi especialmente desenvolvida com pH fisiol\u00f3gico para cuidar suave e delicadamente a pele. Enriquecido com uma agrad\u00e1vel fragr\u00e2ncia e extratos naturais de Mel e Geleia Real, reconhecidos pelas suas propriedades nutritivas e emolientes, este Creme de Banho \u00e9 ideal para toda a fam\u00edlia.<\/p>\n<p>Cl\u00ednica e Dermatologicamente testado.<\/p>\n","protected":false},"excerpt":{"rendered":"<p>6,29\u20ac\/L<\/p>\n","protected":false},"featured_media":36332,"comment_status":"closed","ping_status":"closed","template":"","meta":{"_themeisle_gutenberg_block_has_review":false},"product_brand":[],"product_cat":[203,212,190],"product_tag":[],"woo-feed-brand":[],"class_list":{"0":"post-36331","1":"product","2":"type-product","3":"status-publish","4":"has-post-thumbnail","6":"product_cat-beleza-e-higiene","7":"product_cat-corpo","8":"product_cat-desinfetantes-e-limpeza","9":"ts_product_brand-feno","11":"first","12":"instock","13":"taxable","14":"shipping-taxable","15":"purchasable","16":"product-type-simple"},"_links":{"self":[{"href":"https:\/\/www.ateti.pt\/loja\/wp-json\/wp\/v2\/product\/36331","targetHints":{"allow":["GET"]}}],"collection":[{"href":"https:\/\/www.ateti.pt\/loja\/wp-json\/wp\/v2\/product"}],"about":[{"href":"https:\/\/www.ateti.pt\/loja\/wp-json\/wp\/v2\/types\/product"}],"replies":[{"embeddable":true,"href":"https:\/\/www.ateti.pt\/loja\/wp-json\/wp\/v2\/comments?post=36331"}],"wp:featuredmedia":[{"embeddable":true,"href":"https:\/\/www.ateti.pt\/loja\/wp-json\/wp\/v2\/media\/36332"}],"wp:attachment":[{"href":"https:\/\/www.ateti.pt\/loja\/wp-json\/wp\/v2\/media?parent=36331"}],"wp:term":[{"taxonomy":"product_brand","embeddable":true,"href":"https:\/\/www.ateti.pt\/loja\/wp-json\/wp\/v2\/product_brand?post=36331"},{"taxonomy":"product_cat","embeddable":true,"href":"https:\/\/www.ateti.pt\/loja\/wp-json\/wp\/v2\/product_cat?post=36331"},{"taxonomy":"product_tag","embeddable":true,"href":"https:\/\/www.ateti.pt\/loja\/wp-json\/wp\/v2\/product_tag?post=36331"},{"taxonomy":"woo-feed-brand","embeddable":true,"href":"https:\/\/www.ateti.pt\/loja\/wp-json\/wp\/v2\/woo-feed-brand?post=36331"}],"curies":[{"name":"wp","href":"https:\/\/api.w.org\/{rel}","templated":true}]}}