{"id":36326,"date":"2021-12-27T17:41:53","date_gmt":"2021-12-27T16:41:53","guid":{"rendered":"https:\/\/www.ateti.pt\/loja\/?post_type=product&#038;p=36326"},"modified":"2026-04-11T19:18:53","modified_gmt":"2026-04-11T18:18:53","slug":"creme-de-corpo-regenera-feno-400ml","status":"publish","type":"product","link":"https:\/\/www.ateti.pt\/loja\/produto\/creme-de-corpo-regenera-feno-400ml\/","title":{"rendered":"Creme de Corpo Regenera 400ml Feno"},"content":{"rendered":"<p><strong>Creme de Corpo Regenera Feno<\/strong><\/p>\n<p><strong>Quantidade:<\/strong> 400ml<\/p>\n<p><em>Para um cuidado e hidrata\u00e7\u00e3o di\u00e1ria da sua pele, experimente o novo creme de corpo dermocosm\u00e9tico Feno de Portugal Dermo Natura: f\u00f3rmulas enriquecidas com 95% de ingredientes ativos de origem natural que ajudam a garantir uma pele naturalmente hidratada com uma agrad\u00e1vel fragr\u00e2ncia da natureza.<\/em><\/p>\n<p><em>Feno de Portugal Dermo Natura Regenera\u00a0<\/em>nutre suavemente at\u00e9 as peles mais secas, proporcionando 48 horas de hidrata\u00e7\u00e3o intensa. Com 95% de ingredientes de origem natural, esta f\u00f3rmula delicada com elevada toler\u00e2ncia cut\u00e2nea que respeita o ph fisiol\u00f3gico da pele, ajuda a garantir os melhores resultados e delicadeza da pele, oferecendo uma sensa\u00e7\u00e3o de regenera\u00e7\u00e3o e bem-estar.<\/p>\n<p><em>Ceramidas:\u00a0<\/em>componentes principais da camada lip\u00eddica da pele, reconhecidas pela sua capacidade de ajudar a manter a elasticidade cut\u00e2nea e a barreira protetora da pele.<\/p>\n<p><em>\u00d3leos Naturais:\u00a0<\/em>reconhecidos pelas suas propriedades nutritivas para uma sensa\u00e7\u00e3o de bem-estar na pele.<\/p>\n","protected":false},"excerpt":{"rendered":"<p>12,73\u20ac\/L<\/p>\n","protected":false},"featured_media":36328,"comment_status":"closed","ping_status":"closed","template":"","meta":{"_themeisle_gutenberg_block_has_review":false},"product_brand":[],"product_cat":[203,212,190],"product_tag":[],"woo-feed-brand":[],"class_list":{"0":"post-36326","1":"product","2":"type-product","3":"status-publish","4":"has-post-thumbnail","6":"product_cat-beleza-e-higiene","7":"product_cat-corpo","8":"product_cat-desinfetantes-e-limpeza","9":"ts_product_brand-feno","11":"first","12":"instock","13":"taxable","14":"shipping-taxable","15":"purchasable","16":"product-type-simple"},"_links":{"self":[{"href":"https:\/\/www.ateti.pt\/loja\/wp-json\/wp\/v2\/product\/36326","targetHints":{"allow":["GET"]}}],"collection":[{"href":"https:\/\/www.ateti.pt\/loja\/wp-json\/wp\/v2\/product"}],"about":[{"href":"https:\/\/www.ateti.pt\/loja\/wp-json\/wp\/v2\/types\/product"}],"replies":[{"embeddable":true,"href":"https:\/\/www.ateti.pt\/loja\/wp-json\/wp\/v2\/comments?post=36326"}],"wp:featuredmedia":[{"embeddable":true,"href":"https:\/\/www.ateti.pt\/loja\/wp-json\/wp\/v2\/media\/36328"}],"wp:attachment":[{"href":"https:\/\/www.ateti.pt\/loja\/wp-json\/wp\/v2\/media?parent=36326"}],"wp:term":[{"taxonomy":"product_brand","embeddable":true,"href":"https:\/\/www.ateti.pt\/loja\/wp-json\/wp\/v2\/product_brand?post=36326"},{"taxonomy":"product_cat","embeddable":true,"href":"https:\/\/www.ateti.pt\/loja\/wp-json\/wp\/v2\/product_cat?post=36326"},{"taxonomy":"product_tag","embeddable":true,"href":"https:\/\/www.ateti.pt\/loja\/wp-json\/wp\/v2\/product_tag?post=36326"},{"taxonomy":"woo-feed-brand","embeddable":true,"href":"https:\/\/www.ateti.pt\/loja\/wp-json\/wp\/v2\/woo-feed-brand?post=36326"}],"curies":[{"name":"wp","href":"https:\/\/api.w.org\/{rel}","templated":true}]}}