{"id":36068,"date":"2022-01-24T08:33:55","date_gmt":"2022-01-24T07:33:55","guid":{"rendered":"https:\/\/www.ateti.pt\/loja\/?post_type=product&#038;p=36068"},"modified":"2025-07-15T12:27:10","modified_gmt":"2025-07-15T11:27:10","slug":"cafe-ristretto-bonini-50-capsulas","status":"publish","type":"product","link":"https:\/\/www.ateti.pt\/loja\/produto\/cafe-ristretto-bonini-50-capsulas\/","title":{"rendered":"Caf\u00e9 Ristretto 50 C\u00e1psulas Bonini Club"},"content":{"rendered":"<p><strong>Caf\u00e9 Ristretto Bonini Club<\/strong><\/p>\n<p>O processo de torrefa\u00e7\u00e3o lento e separado dos gr\u00e3os, atribui um aroma forte e prolongado a este caf\u00e9, conferindo-lhe uma espessura encorpada. As notas de chocolate preto que ecoam agradavelmente no palato! Uma experi\u00eancia \u00fanica!<\/p>\n<h5>Um pouco sobre a Caff\u00e9 Bonini<\/h5>\n<p>De origem italiana a Caff\u00e9 Bonini nasce de uma pequena empresa\u00a0 de torrefa\u00e7\u00e3o situada na regi\u00e3o da Toscana de It\u00e1lia e alia a arte da transforma\u00e7\u00e3o do caf\u00e9, ao sabor de excel\u00eancia de um caf\u00e9.<\/p>\n<p>A Caff\u00e8 Bonini \u00e9 uma marca de caf\u00e9 italiana com abrang\u00eancia mundial\u00a0 com presen\u00e7a no mercado nacional atrav\u00e9s da marca Caff\u00e8 Bonini Portugal. Oferece um sistema patenteado na \u00e1rea do caf\u00e9 em c\u00e1psula, o Bonini Club, que permite a todos os amantes de caf\u00e9 a possibilidade de usufru\u00edrem todos os dias do verdadeiro caf\u00e9 italiano.<\/p>\n<p>As c\u00e1psulas de Caf\u00e9 Ristretto Bonini Club, produzido e torrado na It\u00e1lia, numa c\u00e1psula de forma c\u00f3nica, para tirar o caf\u00e9 criando um efeito de v\u00f3rtice, dando a oportunidade de obter mais creme e mais corpo para um caf\u00e9 perfeito<\/p>\n<p>C\u00e1psulas Bonini Club com v\u00e1rios sabores e intensidades \u00e0 sua escolha.<\/p>\n<h5>Ficha t\u00e9cnica<\/h5>\n<div class=\"row\">\n<div class=\"col-xs-6 pull-left\">\n<div class=\"panel panel-default\">\n<div class=\"panel-heading\">INFORMA\u00c7\u00d5ES GERAIS<\/div>\n<table class=\"table table-bordered\">\n<tbody>\n<tr>\n<td colspan=\"2\">Armazenar em local seco \u00e0 temperatura ambiente<\/td>\n<\/tr>\n<tr>\n<th width=\"30%\">Ingredientes<\/th>\n<td>Caff\u00e8 tostato e macinato. Confezionato in atmosfera protetta.<\/td>\n<\/tr>\n<tr>\n<th>Produtor<\/th>\n<td>Caff\u00e8 Bonini S.r.l.<\/td>\n<\/tr>\n<\/tbody>\n<\/table>\n<\/div>\n<\/div>\n<\/div>\n","protected":false},"excerpt":{"rendered":"<p>0.30\u20ac\/Unidade<\/p>\n<h3>Descri\u00e7\u00e3o<\/h3>\n<p>Uma mistura dedicada a todos os amantes de caf\u00e9 italiano.<\/p>\n","protected":false},"featured_media":60875,"comment_status":"closed","ping_status":"closed","template":"","meta":{"_themeisle_gutenberg_block_has_review":false},"product_brand":[],"product_cat":[16,117,787],"product_tag":[],"woo-feed-brand":[],"class_list":{"0":"post-36068","1":"product","2":"type-product","3":"status-publish","4":"has-post-thumbnail","6":"product_cat-capsulas-bonini","7":"product_cat-cafe-em-capsula","8":"product_cat-promocao-bonini","9":"ts_product_brand-bonini-club","11":"first","12":"instock","13":"taxable","14":"shipping-taxable","15":"purchasable","16":"product-type-simple"},"_links":{"self":[{"href":"https:\/\/www.ateti.pt\/loja\/wp-json\/wp\/v2\/product\/36068","targetHints":{"allow":["GET"]}}],"collection":[{"href":"https:\/\/www.ateti.pt\/loja\/wp-json\/wp\/v2\/product"}],"about":[{"href":"https:\/\/www.ateti.pt\/loja\/wp-json\/wp\/v2\/types\/product"}],"replies":[{"embeddable":true,"href":"https:\/\/www.ateti.pt\/loja\/wp-json\/wp\/v2\/comments?post=36068"}],"wp:featuredmedia":[{"embeddable":true,"href":"https:\/\/www.ateti.pt\/loja\/wp-json\/wp\/v2\/media\/60875"}],"wp:attachment":[{"href":"https:\/\/www.ateti.pt\/loja\/wp-json\/wp\/v2\/media?parent=36068"}],"wp:term":[{"taxonomy":"product_brand","embeddable":true,"href":"https:\/\/www.ateti.pt\/loja\/wp-json\/wp\/v2\/product_brand?post=36068"},{"taxonomy":"product_cat","embeddable":true,"href":"https:\/\/www.ateti.pt\/loja\/wp-json\/wp\/v2\/product_cat?post=36068"},{"taxonomy":"product_tag","embeddable":true,"href":"https:\/\/www.ateti.pt\/loja\/wp-json\/wp\/v2\/product_tag?post=36068"},{"taxonomy":"woo-feed-brand","embeddable":true,"href":"https:\/\/www.ateti.pt\/loja\/wp-json\/wp\/v2\/woo-feed-brand?post=36068"}],"curies":[{"name":"wp","href":"https:\/\/api.w.org\/{rel}","templated":true}]}}