{"id":35560,"date":"2025-05-29T21:17:08","date_gmt":"2025-05-29T20:17:08","guid":{"rendered":"https:\/\/www.ateti.pt\/loja\/?post_type=product&#038;p=35560"},"modified":"2026-05-13T15:45:20","modified_gmt":"2026-05-13T14:45:20","slug":"dolce-gusto-ristretto-ardenza-mega-pack-64-capsulas","status":"publish","type":"product","link":"https:\/\/www.ateti.pt\/loja\/produto\/dolce-gusto-ristretto-ardenza-mega-pack-64-capsulas\/","title":{"rendered":"C\u00e1psulas de Caf\u00e9 Dolce Gusto Ristretto Ardenza Mega Pack 64 C\u00e1psulas"},"content":{"rendered":"<p><strong>C\u00e1psulas de Caf\u00e9 Dolce Gusto Ristretto Ardenza<\/strong><\/p>\n<p><strong>Intensidade:<\/strong> 11<\/p>\n<p><strong>Quantidade:<\/strong> 64 c\u00e1psulas de caf\u00e9<\/p>\n<p><strong>Peso L\u00edquido:<\/strong> 448g<\/p>\n<p>O novo pack <strong>C\u00e1psulas de Caf\u00e9 Dolce Gusto Ristretto Ardenza Mega Pack 64 C\u00e1psulas<\/strong>\u00a0j\u00e1 est\u00e1 dispon\u00edvel online no <a href=\"http:\/\/www.ateti.pt\/loja\">At\u00e9 ti<\/a><\/p>\n<p><strong>Lista de Ingredientes:<\/strong>\u00a0Caf\u00e9 torrado (ingrediente \u00fanico)<\/p>\n<p><strong>Origem:<\/strong>\u00a0Mat\u00e9ria prima oriunda da Col\u00f4mbia, Eti\u00f3pia e Vietname.<\/p>\n<p>Conservar em local fresco e seco.<\/p>\n<p>Descubra <a href=\"https:\/\/www.ateti.pt\/loja\/categoria\/cafe-em-capsula\/?product_brand=260\">NESCAF\u00c9\u00ae Dolce Gusto\u00ae Ristretto Ardenza<\/a>, um expresso ardente, poderoso e impressionante.<\/p>\n<p>Um caf\u00e9 que resulta numa mistura envolvente de frutos secos doces, notas de alca\u00e7uz e bagas de zimbro com um toque apimentado que perdura no paladar.<br \/>\nSinta-se envolvido no calor deste intenso caf\u00e9 de corpo poderoso e deixe-se cativar pelo toque apimentado libertado pelo seu creme denso e dourado.<\/p>\n<p>De intensidade 11, este \u00e9 um dos caf\u00e9s expressos mais intensos dos blends de caf\u00e9s NESCAF\u00c9\u00ae Dolce Gusto\u00ae. Delicie-se com o saboroso NESCAF\u00c9\u00ae Dolce Gusto\u00ae Ristretto Ardenza no conforto de sua casa, a qualquer hora do dia.<\/p>\n<p>Com o sistema <a href=\"https:\/\/www.ateti.pt\/loja\/categoria\/cafe-em-capsula\/?product_brand=260\">NESCAF\u00c9\u00ae Dolce Gusto\u00ae Ristretto Ardenza<\/a>\u00a0de m\u00e1quinas, caf\u00e9s e bebidas, pode saborear mais de 20 cria\u00e7\u00f5es de caf\u00e9. Descubra uma sele\u00e7\u00e3o de fortes Ristrettos, Expressos intensos, caf\u00e9s longos e encorpados, Cappuccinos e Latte Machiatos cremosos, ou at\u00e9 mesmo chocolates quentes, ch\u00e1s e bebidas frias.<\/p>\n<p>Pode criar caf\u00e9s de alta qualidade com cremes aveludados devido ao sistema de alta press\u00e3o das m\u00e1quinas de caf\u00e9 <a href=\"https:\/\/www.ateti.pt\/loja\/categoria\/cafe-em-capsula\/?product_brand=260\">NESCAF\u00c9\u00ae Dolce Gusto\u00ae<\/a>.<\/p>\n<p>Com as c\u00e1psulas hermeticamente seladas que preservam todos os aromas, ir\u00e1 desfrutar de uma deliciosa bebida arom\u00e1tica em cada ch\u00e1vena no conforto de sua casa.<\/p>\n<p>Faz j\u00e1 as tuas compras online no supermercado online At\u00e9 Ti e recebes as tuas c\u00e1psulas de caf\u00e9 NESCAF\u00c9\u00ae Dolce Gusto\u00ae\u00a0comodamente em casa ou onde estiveres.<\/p>\n<p>V\u00ea mais em C\u00e1psulas de <a href=\"https:\/\/www.ateti.pt\/loja\/categoria\/cafe-em-capsula\/?product_brand=260\">Caf\u00e9\u00a0NESCAF\u00c9\u00ae Dolce Gusto\u00ae<\/a><\/p>\n","protected":false},"excerpt":{"rendered":"<p>0,29\u20ac\/unidade<br \/>\n<strong>Intensidade:<\/strong> 11<br \/>\n<strong>Quantidade:<\/strong> 64 c\u00e1psulas de caf\u00e9<\/p>\n","protected":false},"featured_media":60332,"comment_status":"closed","ping_status":"closed","template":"","meta":{"_themeisle_gutenberg_block_has_review":false},"product_brand":[],"product_cat":[117,18,138,578],"product_tag":[],"woo-feed-brand":[758],"class_list":{"0":"post-35560","1":"product","2":"type-product","3":"status-publish","4":"has-post-thumbnail","6":"product_cat-cafe-em-capsula","7":"product_cat-capsulas-dolce-gusto","8":"product_cat-originais-e-compativeis-dg","9":"product_cat-cafe-grandes-formatos","10":"ts_product_brand-dolce-gusto","11":"woo-feed-brand-dolce-gusto","13":"first","14":"instock","15":"sale","16":"taxable","17":"shipping-taxable","18":"purchasable","19":"product-type-simple"},"_links":{"self":[{"href":"https:\/\/www.ateti.pt\/loja\/wp-json\/wp\/v2\/product\/35560","targetHints":{"allow":["GET"]}}],"collection":[{"href":"https:\/\/www.ateti.pt\/loja\/wp-json\/wp\/v2\/product"}],"about":[{"href":"https:\/\/www.ateti.pt\/loja\/wp-json\/wp\/v2\/types\/product"}],"replies":[{"embeddable":true,"href":"https:\/\/www.ateti.pt\/loja\/wp-json\/wp\/v2\/comments?post=35560"}],"wp:featuredmedia":[{"embeddable":true,"href":"https:\/\/www.ateti.pt\/loja\/wp-json\/wp\/v2\/media\/60332"}],"wp:attachment":[{"href":"https:\/\/www.ateti.pt\/loja\/wp-json\/wp\/v2\/media?parent=35560"}],"wp:term":[{"taxonomy":"product_brand","embeddable":true,"href":"https:\/\/www.ateti.pt\/loja\/wp-json\/wp\/v2\/product_brand?post=35560"},{"taxonomy":"product_cat","embeddable":true,"href":"https:\/\/www.ateti.pt\/loja\/wp-json\/wp\/v2\/product_cat?post=35560"},{"taxonomy":"product_tag","embeddable":true,"href":"https:\/\/www.ateti.pt\/loja\/wp-json\/wp\/v2\/product_tag?post=35560"},{"taxonomy":"woo-feed-brand","embeddable":true,"href":"https:\/\/www.ateti.pt\/loja\/wp-json\/wp\/v2\/woo-feed-brand?post=35560"}],"curies":[{"name":"wp","href":"https:\/\/api.w.org\/{rel}","templated":true}]}}