{"id":35534,"date":"2021-11-24T17:19:39","date_gmt":"2021-11-24T16:19:39","guid":{"rendered":"https:\/\/www.ateti.pt\/loja\/?post_type=product&#038;p=35534"},"modified":"2026-03-16T16:28:53","modified_gmt":"2026-03-16T16:28:53","slug":"pessego-em-calda-thomas-820g","status":"publish","type":"product","link":"https:\/\/www.ateti.pt\/loja\/produto\/pessego-em-calda-thomas-820g\/","title":{"rendered":"P\u00eassego em Calda Metades Thomas 820g"},"content":{"rendered":"<p><strong>P\u00eassego em Calda Thomas<\/strong><\/p>\n<p><strong>Quantidade: <\/strong>820g<\/p>\n<p><em>P\u00eassego \u00e1s metades em calda<\/em><\/p>\n<p><strong>Ingredientes:\u00a0<\/strong>P\u00eassego, \u00e1gua, a\u00e7\u00facar e \u00e1cido c\u00edtrico<\/p>\n<p><strong>Declara\u00e7\u00e3o Nutricional (por 100g):\u00a0<\/strong>Energia: 262kj\/62kcal; L\u00edpidos:&lt;0,1g; dos quais Saturados: og; Hidratos de Carbono: 15g; dos quais A\u00e7\u00facares: 13g; Fibra: 1,0g; Prote\u00ednas: &lt;0,5g; Sal: 0,02g.<\/p>\n","protected":false},"excerpt":{"rendered":"<p>3.65\u20ac\/kg<\/p>\n","protected":false},"featured_media":35556,"comment_status":"closed","ping_status":"closed","template":"","meta":{"_themeisle_gutenberg_block_has_review":false},"product_brand":[],"product_cat":[542,250,155,690,132],"product_tag":[],"woo-feed-brand":[],"class_list":{"0":"post-35534","1":"product","2":"type-product","3":"status-publish","4":"has-post-thumbnail","6":"product_cat-alimentacao-office","7":"product_cat-ate-ti-negocios","8":"product_cat-conservas","9":"product_cat-enlatados","10":"product_cat-mercearia","11":"ts_product_brand-thomas","13":"first","14":"instock","15":"taxable","16":"shipping-taxable","17":"purchasable","18":"product-type-simple"},"_links":{"self":[{"href":"https:\/\/www.ateti.pt\/loja\/wp-json\/wp\/v2\/product\/35534","targetHints":{"allow":["GET"]}}],"collection":[{"href":"https:\/\/www.ateti.pt\/loja\/wp-json\/wp\/v2\/product"}],"about":[{"href":"https:\/\/www.ateti.pt\/loja\/wp-json\/wp\/v2\/types\/product"}],"replies":[{"embeddable":true,"href":"https:\/\/www.ateti.pt\/loja\/wp-json\/wp\/v2\/comments?post=35534"}],"wp:featuredmedia":[{"embeddable":true,"href":"https:\/\/www.ateti.pt\/loja\/wp-json\/wp\/v2\/media\/35556"}],"wp:attachment":[{"href":"https:\/\/www.ateti.pt\/loja\/wp-json\/wp\/v2\/media?parent=35534"}],"wp:term":[{"taxonomy":"product_brand","embeddable":true,"href":"https:\/\/www.ateti.pt\/loja\/wp-json\/wp\/v2\/product_brand?post=35534"},{"taxonomy":"product_cat","embeddable":true,"href":"https:\/\/www.ateti.pt\/loja\/wp-json\/wp\/v2\/product_cat?post=35534"},{"taxonomy":"product_tag","embeddable":true,"href":"https:\/\/www.ateti.pt\/loja\/wp-json\/wp\/v2\/product_tag?post=35534"},{"taxonomy":"woo-feed-brand","embeddable":true,"href":"https:\/\/www.ateti.pt\/loja\/wp-json\/wp\/v2\/woo-feed-brand?post=35534"}],"curies":[{"name":"wp","href":"https:\/\/api.w.org\/{rel}","templated":true}]}}