{"id":35424,"date":"2021-11-18T18:01:26","date_gmt":"2021-11-18T17:01:26","guid":{"rendered":"https:\/\/www.ateti.pt\/loja\/?post_type=product&#038;p=35424"},"modified":"2026-02-25T07:43:07","modified_gmt":"2026-02-25T07:43:07","slug":"sabao-azul-confianca-400g","status":"publish","type":"product","link":"https:\/\/www.ateti.pt\/loja\/produto\/sabao-azul-confianca-400g\/","title":{"rendered":"Sab\u00e3o Azul Solavar 400g Confian\u00e7a"},"content":{"rendered":"<p><strong>Sab\u00e3o Azul Confian\u00e7a<\/strong><\/p>\n<p><strong>Quantidade: <\/strong>400g<\/p>\n<p><strong>Composi\u00e7\u00e3o: <\/strong>cont\u00e9m 30% ou superior de sab\u00e3o.<\/p>\n<p><strong>Utiliza\u00e7\u00e3o:\u00a0<\/strong>indicado para a lavagem manual da roupa.<\/p>\n","protected":false},"excerpt":{"rendered":"<p>4,23\u20ac\/kg<\/p>\n","protected":false},"featured_media":60240,"comment_status":"closed","ping_status":"closed","template":"","meta":{"_themeisle_gutenberg_block_has_review":false},"product_brand":[],"product_cat":[190,204,208],"product_tag":[],"woo-feed-brand":[],"class_list":{"0":"post-35424","1":"product","2":"type-product","3":"status-publish","4":"has-post-thumbnail","6":"product_cat-desinfetantes-e-limpeza","7":"product_cat-limpeza","8":"product_cat-roupa","10":"first","11":"instock","12":"taxable","13":"shipping-taxable","14":"purchasable","15":"product-type-simple"},"_links":{"self":[{"href":"https:\/\/www.ateti.pt\/loja\/wp-json\/wp\/v2\/product\/35424","targetHints":{"allow":["GET"]}}],"collection":[{"href":"https:\/\/www.ateti.pt\/loja\/wp-json\/wp\/v2\/product"}],"about":[{"href":"https:\/\/www.ateti.pt\/loja\/wp-json\/wp\/v2\/types\/product"}],"replies":[{"embeddable":true,"href":"https:\/\/www.ateti.pt\/loja\/wp-json\/wp\/v2\/comments?post=35424"}],"wp:featuredmedia":[{"embeddable":true,"href":"https:\/\/www.ateti.pt\/loja\/wp-json\/wp\/v2\/media\/60240"}],"wp:attachment":[{"href":"https:\/\/www.ateti.pt\/loja\/wp-json\/wp\/v2\/media?parent=35424"}],"wp:term":[{"taxonomy":"product_brand","embeddable":true,"href":"https:\/\/www.ateti.pt\/loja\/wp-json\/wp\/v2\/product_brand?post=35424"},{"taxonomy":"product_cat","embeddable":true,"href":"https:\/\/www.ateti.pt\/loja\/wp-json\/wp\/v2\/product_cat?post=35424"},{"taxonomy":"product_tag","embeddable":true,"href":"https:\/\/www.ateti.pt\/loja\/wp-json\/wp\/v2\/product_tag?post=35424"},{"taxonomy":"woo-feed-brand","embeddable":true,"href":"https:\/\/www.ateti.pt\/loja\/wp-json\/wp\/v2\/woo-feed-brand?post=35424"}],"curies":[{"name":"wp","href":"https:\/\/api.w.org\/{rel}","templated":true}]}}