{"id":35292,"date":"2021-11-16T17:43:12","date_gmt":"2021-11-16T16:43:12","guid":{"rendered":"https:\/\/www.ateti.pt\/loja\/?post_type=product&#038;p=35292"},"modified":"2026-05-11T11:34:49","modified_gmt":"2026-05-11T10:34:49","slug":"pastilhas-cafe-delta-descafeinado-16un","status":"publish","type":"product","link":"https:\/\/www.ateti.pt\/loja\/produto\/pastilhas-cafe-delta-descafeinado-16un\/","title":{"rendered":"Pastilhas Descafeinado 16un Delta"},"content":{"rendered":"<p><strong>Pastilhas Caf\u00e9 Delta Descafeinado<\/strong><\/p>\n<p><strong>Quantidade: <\/strong>16un<\/p>\n<p><em>Caf\u00e9 Torrado Mo\u00eddo Descafeinado<\/em><\/p>\n<p><strong>Intensidade:\u00a0<\/strong>6<\/p>\n<p><strong>Declara\u00e7\u00e3o Nutricional (por 100g):\u00a0<\/strong>Energia: 1323kj\/321kcal; L\u00edpidos: 12g; dos quais Saturados: 5,5g; Hidratos de Carbono: 12g; dos quais A\u00e7\u00facares: 0g; Fibra: 54g; Prote\u00ednas: 14g; Sal: 0g.<\/p>\n","protected":false},"excerpt":{"rendered":"<p>0,29\u20ac\/un<\/p>\n","protected":false},"featured_media":35338,"comment_status":"closed","ping_status":"closed","template":"","meta":{"_themeisle_gutenberg_block_has_review":false},"product_brand":[],"product_cat":[117,707],"product_tag":[],"woo-feed-brand":[],"class_list":{"0":"post-35292","1":"product","2":"type-product","3":"status-publish","4":"has-post-thumbnail","6":"product_cat-cafe-em-capsula","7":"product_cat-pastilhas-de-papel","8":"ts_product_brand-delta","10":"first","11":"instock","12":"taxable","13":"shipping-taxable","14":"purchasable","15":"product-type-simple"},"_links":{"self":[{"href":"https:\/\/www.ateti.pt\/loja\/wp-json\/wp\/v2\/product\/35292","targetHints":{"allow":["GET"]}}],"collection":[{"href":"https:\/\/www.ateti.pt\/loja\/wp-json\/wp\/v2\/product"}],"about":[{"href":"https:\/\/www.ateti.pt\/loja\/wp-json\/wp\/v2\/types\/product"}],"replies":[{"embeddable":true,"href":"https:\/\/www.ateti.pt\/loja\/wp-json\/wp\/v2\/comments?post=35292"}],"wp:featuredmedia":[{"embeddable":true,"href":"https:\/\/www.ateti.pt\/loja\/wp-json\/wp\/v2\/media\/35338"}],"wp:attachment":[{"href":"https:\/\/www.ateti.pt\/loja\/wp-json\/wp\/v2\/media?parent=35292"}],"wp:term":[{"taxonomy":"product_brand","embeddable":true,"href":"https:\/\/www.ateti.pt\/loja\/wp-json\/wp\/v2\/product_brand?post=35292"},{"taxonomy":"product_cat","embeddable":true,"href":"https:\/\/www.ateti.pt\/loja\/wp-json\/wp\/v2\/product_cat?post=35292"},{"taxonomy":"product_tag","embeddable":true,"href":"https:\/\/www.ateti.pt\/loja\/wp-json\/wp\/v2\/product_tag?post=35292"},{"taxonomy":"woo-feed-brand","embeddable":true,"href":"https:\/\/www.ateti.pt\/loja\/wp-json\/wp\/v2\/woo-feed-brand?post=35292"}],"curies":[{"name":"wp","href":"https:\/\/api.w.org\/{rel}","templated":true}]}}