{"id":35066,"date":"2021-11-10T18:29:00","date_gmt":"2021-11-10T17:29:00","guid":{"rendered":"https:\/\/www.ateti.pt\/loja\/?post_type=product&#038;p=35066"},"modified":"2026-01-23T12:57:13","modified_gmt":"2026-01-23T12:57:13","slug":"tampao-mini-procomfort-o-b-16-tampoes","status":"publish","type":"product","link":"https:\/\/www.ateti.pt\/loja\/produto\/tampao-mini-procomfort-o-b-16-tampoes\/","title":{"rendered":"Tamp\u00e3o Mini ProComfort 16un O.B."},"content":{"rendered":"<p><strong>Tamp\u00e3o Mini ProComfort O.B.<\/strong><\/p>\n<p><strong>Quantidade: <\/strong>16 tamp\u00f5es<\/p>\n<p><em>ProComfort para conforto extremo e prote\u00e7\u00e3o de confian\u00e7a<\/em><\/p>\n<p>Com tecnologia Dynamic Fit com expans\u00e3o em 3D, adapta-se ao seu corpo assim que \u00e9 colocado e ajuda eficazmente a recolher e redirecionar o fluido para o n\u00facleo interno do tamp\u00e3o, atrav\u00e9s das curvas entrela\u00e7adas. Com cobertura SilkTouch, para uma inser\u00e7\u00e3o f\u00e1cil. Tamb\u00e9m adequado para dias de pouco fluxo.<\/p>\n","protected":false},"excerpt":{"rendered":"<p>0,18\u20ac\/un<\/p>\n","protected":false},"featured_media":35234,"comment_status":"closed","ping_status":"closed","template":"","meta":{"_themeisle_gutenberg_block_has_review":false},"product_brand":[],"product_cat":[203,190,230],"product_tag":[],"woo-feed-brand":[],"class_list":{"0":"post-35066","1":"product","2":"type-product","3":"status-publish","4":"has-post-thumbnail","6":"product_cat-beleza-e-higiene","7":"product_cat-desinfetantes-e-limpeza","8":"product_cat-higiene-feminina","9":"ts_product_brand-o-b","11":"first","12":"instock","13":"taxable","14":"shipping-taxable","15":"purchasable","16":"product-type-simple"},"_links":{"self":[{"href":"https:\/\/www.ateti.pt\/loja\/wp-json\/wp\/v2\/product\/35066","targetHints":{"allow":["GET"]}}],"collection":[{"href":"https:\/\/www.ateti.pt\/loja\/wp-json\/wp\/v2\/product"}],"about":[{"href":"https:\/\/www.ateti.pt\/loja\/wp-json\/wp\/v2\/types\/product"}],"replies":[{"embeddable":true,"href":"https:\/\/www.ateti.pt\/loja\/wp-json\/wp\/v2\/comments?post=35066"}],"wp:featuredmedia":[{"embeddable":true,"href":"https:\/\/www.ateti.pt\/loja\/wp-json\/wp\/v2\/media\/35234"}],"wp:attachment":[{"href":"https:\/\/www.ateti.pt\/loja\/wp-json\/wp\/v2\/media?parent=35066"}],"wp:term":[{"taxonomy":"product_brand","embeddable":true,"href":"https:\/\/www.ateti.pt\/loja\/wp-json\/wp\/v2\/product_brand?post=35066"},{"taxonomy":"product_cat","embeddable":true,"href":"https:\/\/www.ateti.pt\/loja\/wp-json\/wp\/v2\/product_cat?post=35066"},{"taxonomy":"product_tag","embeddable":true,"href":"https:\/\/www.ateti.pt\/loja\/wp-json\/wp\/v2\/product_tag?post=35066"},{"taxonomy":"woo-feed-brand","embeddable":true,"href":"https:\/\/www.ateti.pt\/loja\/wp-json\/wp\/v2\/woo-feed-brand?post=35066"}],"curies":[{"name":"wp","href":"https:\/\/api.w.org\/{rel}","templated":true}]}}