{"id":35024,"date":"2020-11-08T15:40:44","date_gmt":"2020-11-08T14:40:44","guid":{"rendered":"https:\/\/www.ateti.pt\/loja\/?post_type=product&#038;p=35024"},"modified":"2025-07-15T12:27:12","modified_gmt":"2025-07-15T11:27:12","slug":"oferta-kit-bonini-25","status":"publish","type":"product","link":"https:\/\/www.ateti.pt\/loja\/produto\/oferta-kit-bonini-25\/","title":{"rendered":"Oferta Kit Bonini 100 (n\u00e3o dispon\u00edvel para venda)"},"content":{"rendered":"<h3><strong>Oferta Kit Bonini 100 (n\u00e3o dispon\u00edvel para venda)<\/strong><\/h3>\n<p>O Kit Bonini cont\u00e9m 100 copos de papel, 100 pacotes de a\u00e7ucar (4g) e 100 paletinas de madeira.<\/p>\n<p>Oferta v\u00e1lida para o stock existente.<\/p>\n<p>&nbsp;<\/p>\n","protected":false},"excerpt":{"rendered":"<p>Este produto \u00e9 uma oferta associada \u00e0 campanha Oferta Kit Bonini 100 (n\u00e3o dispon\u00edvel para venda).<\/p>\n<p>N\u00e3o pode ser comprado ou adicionado ao carrinho.<\/p>\n","protected":false},"featured_media":35027,"comment_status":"closed","ping_status":"closed","template":"","meta":{"_themeisle_gutenberg_block_has_review":false},"product_brand":[],"product_cat":[117,787],"product_tag":[],"woo-feed-brand":[],"class_list":{"0":"post-35024","1":"product","2":"type-product","3":"status-publish","4":"has-post-thumbnail","6":"product_cat-cafe-em-capsula","7":"product_cat-promocao-bonini","9":"first","10":"instock","11":"sold-individually","12":"taxable","13":"shipping-taxable","14":"purchasable","15":"product-type-simple"},"_links":{"self":[{"href":"https:\/\/www.ateti.pt\/loja\/wp-json\/wp\/v2\/product\/35024","targetHints":{"allow":["GET"]}}],"collection":[{"href":"https:\/\/www.ateti.pt\/loja\/wp-json\/wp\/v2\/product"}],"about":[{"href":"https:\/\/www.ateti.pt\/loja\/wp-json\/wp\/v2\/types\/product"}],"replies":[{"embeddable":true,"href":"https:\/\/www.ateti.pt\/loja\/wp-json\/wp\/v2\/comments?post=35024"}],"wp:featuredmedia":[{"embeddable":true,"href":"https:\/\/www.ateti.pt\/loja\/wp-json\/wp\/v2\/media\/35027"}],"wp:attachment":[{"href":"https:\/\/www.ateti.pt\/loja\/wp-json\/wp\/v2\/media?parent=35024"}],"wp:term":[{"taxonomy":"product_brand","embeddable":true,"href":"https:\/\/www.ateti.pt\/loja\/wp-json\/wp\/v2\/product_brand?post=35024"},{"taxonomy":"product_cat","embeddable":true,"href":"https:\/\/www.ateti.pt\/loja\/wp-json\/wp\/v2\/product_cat?post=35024"},{"taxonomy":"product_tag","embeddable":true,"href":"https:\/\/www.ateti.pt\/loja\/wp-json\/wp\/v2\/product_tag?post=35024"},{"taxonomy":"woo-feed-brand","embeddable":true,"href":"https:\/\/www.ateti.pt\/loja\/wp-json\/wp\/v2\/woo-feed-brand?post=35024"}],"curies":[{"name":"wp","href":"https:\/\/api.w.org\/{rel}","templated":true}]}}