{"id":34580,"date":"2025-01-04T15:10:59","date_gmt":"2025-01-04T15:10:59","guid":{"rendered":"https:\/\/www.ateti.pt\/loja\/?post_type=product&#038;p=34580"},"modified":"2026-03-05T18:13:34","modified_gmt":"2026-03-05T18:13:34","slug":"chocolate-after-eight-200g","status":"publish","type":"product","link":"https:\/\/www.ateti.pt\/loja\/produto\/chocolate-after-eight-200g\/","title":{"rendered":"Chocolate 200g After Eight"},"content":{"rendered":"<p><strong>Chocolate After Eight<\/strong><\/p>\n<p><strong>Quantidade:<\/strong> 200g<\/p>\n<p><em>Chocolate preto recheado de creme com sabor a hortel\u00e3-pimenta<\/em><\/p>\n<p><strong>Ingredientes:\u00a0<\/strong>A\u00e7\u00facar, pasta de cacau, xarope de glucose, manteiga de cacau, \u00f3leo de manteiga, leite em p\u00f3 magro, soro l\u00e1cteo em p\u00f3, estabilizador (invertase), emulsionante (lecitinas), \u00f3leo de hortel\u00e3-pimenta, sal, acidificante (\u00e1cido c\u00edtrico).<\/p>\n<p><strong>Declara\u00e7\u00e3o Nutricional (por 100g):\u00a0<\/strong>Energia: 1789kj\/425kcal; L\u00edpidos: 12,9g; dos quais Saturados: 7,6g; Hidratos de Carbono: 73,3g; dos quais A\u00e7\u00facares: 67,6g; Fibra: 2,8g; Prote\u00ednas: 2,1g; Sal: 0,03g.<\/p>\n","protected":false},"excerpt":{"rendered":"<p>15.45\u20ac\/kg<\/p>\n","protected":false},"featured_media":61595,"comment_status":"closed","ping_status":"closed","template":"","meta":{"_themeisle_gutenberg_block_has_review":false},"product_brand":[],"product_cat":[597,25,144,132,596,748],"product_tag":[],"woo-feed-brand":[],"class_list":{"0":"post-34580","1":"product","2":"type-product","3":"status-publish","4":"has-post-thumbnail","6":"product_cat-chocolates-de-natal","7":"product_cat-chocolates","8":"product_cat-chocolates-biscoitos-e-cereais","9":"product_cat-mercearia","10":"product_cat-natal","11":"product_cat-novidades-ate-ti","12":"ts_product_brand-nestle","14":"first","15":"outofstock","16":"taxable","17":"shipping-taxable","18":"purchasable","19":"product-type-simple"},"_links":{"self":[{"href":"https:\/\/www.ateti.pt\/loja\/wp-json\/wp\/v2\/product\/34580","targetHints":{"allow":["GET"]}}],"collection":[{"href":"https:\/\/www.ateti.pt\/loja\/wp-json\/wp\/v2\/product"}],"about":[{"href":"https:\/\/www.ateti.pt\/loja\/wp-json\/wp\/v2\/types\/product"}],"replies":[{"embeddable":true,"href":"https:\/\/www.ateti.pt\/loja\/wp-json\/wp\/v2\/comments?post=34580"}],"wp:featuredmedia":[{"embeddable":true,"href":"https:\/\/www.ateti.pt\/loja\/wp-json\/wp\/v2\/media\/61595"}],"wp:attachment":[{"href":"https:\/\/www.ateti.pt\/loja\/wp-json\/wp\/v2\/media?parent=34580"}],"wp:term":[{"taxonomy":"product_brand","embeddable":true,"href":"https:\/\/www.ateti.pt\/loja\/wp-json\/wp\/v2\/product_brand?post=34580"},{"taxonomy":"product_cat","embeddable":true,"href":"https:\/\/www.ateti.pt\/loja\/wp-json\/wp\/v2\/product_cat?post=34580"},{"taxonomy":"product_tag","embeddable":true,"href":"https:\/\/www.ateti.pt\/loja\/wp-json\/wp\/v2\/product_tag?post=34580"},{"taxonomy":"woo-feed-brand","embeddable":true,"href":"https:\/\/www.ateti.pt\/loja\/wp-json\/wp\/v2\/woo-feed-brand?post=34580"}],"curies":[{"name":"wp","href":"https:\/\/api.w.org\/{rel}","templated":true}]}}