{"id":34548,"date":"2021-10-29T10:39:40","date_gmt":"2021-10-29T09:39:40","guid":{"rendered":"https:\/\/www.ateti.pt\/loja\/?post_type=product&#038;p=34548"},"modified":"2024-08-29T15:34:12","modified_gmt":"2024-08-29T14:34:12","slug":"bolachas-mini-wafers-milka-110g","status":"publish","type":"product","link":"https:\/\/www.ateti.pt\/loja\/produto\/bolachas-mini-wafers-milka-110g\/","title":{"rendered":"Bolachas Mini Wafers 110g Milka"},"content":{"rendered":"<p><strong>Bolachas Mini Wafers Milka<\/strong><\/p>\n<p><strong>Quantidade: <\/strong>110g<\/p>\n<p><em>Wafer coberto com chocolate de leite dos Alpes (53%) com recheio cremoso (30%)<\/em><\/p>\n<p><strong>Ingredientes:\u00a0<\/strong>A\u00e7\u00facar, farinha de trigo, gorduras vegetais (palma, karit\u00e9), manteiga de cacau, soro de leite em p\u00f3, leite magro em p\u00f3, pasta de cacau, gordura do leite, emulsionantes (lecitinas de soja, E476), agentes de revestimento (goma ar\u00e1bica, goma laca), \u00f3leo de colza, xarope de glucose, caf\u00e9 instant\u00e2neo, sal, aroma, regulador de acidez (\u00e1cido citrico), levedante (carbonatos de s\u00f3dio). Pode conter ovo.<\/p>\n<p><strong>Declara\u00e7\u00e3o Nutricional (por 100g):\u00a0<\/strong>Energia: 2201kj\/527kcal; L\u00edpidos: 29g; dos quais Saturados: 17g; Hidratos de Carbono: 59g; dos quais A\u00e7\u00facares: 47g; Fibra: 1,2g; Prote\u00ednas: 5,4g; Sal: 0,22g.<\/p>\n","protected":false},"excerpt":{"rendered":"<p>18,09\u20ac\/kg<\/p>\n","protected":false},"featured_media":34738,"comment_status":"closed","ping_status":"closed","template":"","meta":{"_themeisle_gutenberg_block_has_review":false},"product_brand":[],"product_cat":[134,144,132],"product_tag":[],"woo-feed-brand":[],"class_list":{"0":"post-34548","1":"product","2":"type-product","3":"status-publish","4":"has-post-thumbnail","6":"product_cat-bolachas-biscoitos","7":"product_cat-chocolates-biscoitos-e-cereais","8":"product_cat-mercearia","9":"ts_product_brand-milka","11":"first","12":"instock","13":"sale","14":"taxable","15":"shipping-taxable","16":"purchasable","17":"product-type-simple"},"_links":{"self":[{"href":"https:\/\/www.ateti.pt\/loja\/wp-json\/wp\/v2\/product\/34548","targetHints":{"allow":["GET"]}}],"collection":[{"href":"https:\/\/www.ateti.pt\/loja\/wp-json\/wp\/v2\/product"}],"about":[{"href":"https:\/\/www.ateti.pt\/loja\/wp-json\/wp\/v2\/types\/product"}],"replies":[{"embeddable":true,"href":"https:\/\/www.ateti.pt\/loja\/wp-json\/wp\/v2\/comments?post=34548"}],"wp:featuredmedia":[{"embeddable":true,"href":"https:\/\/www.ateti.pt\/loja\/wp-json\/wp\/v2\/media\/34738"}],"wp:attachment":[{"href":"https:\/\/www.ateti.pt\/loja\/wp-json\/wp\/v2\/media?parent=34548"}],"wp:term":[{"taxonomy":"product_brand","embeddable":true,"href":"https:\/\/www.ateti.pt\/loja\/wp-json\/wp\/v2\/product_brand?post=34548"},{"taxonomy":"product_cat","embeddable":true,"href":"https:\/\/www.ateti.pt\/loja\/wp-json\/wp\/v2\/product_cat?post=34548"},{"taxonomy":"product_tag","embeddable":true,"href":"https:\/\/www.ateti.pt\/loja\/wp-json\/wp\/v2\/product_tag?post=34548"},{"taxonomy":"woo-feed-brand","embeddable":true,"href":"https:\/\/www.ateti.pt\/loja\/wp-json\/wp\/v2\/woo-feed-brand?post=34548"}],"curies":[{"name":"wp","href":"https:\/\/api.w.org\/{rel}","templated":true}]}}