{"id":34540,"date":"2023-08-22T07:44:46","date_gmt":"2023-08-22T06:44:46","guid":{"rendered":"https:\/\/www.ateti.pt\/loja\/?post_type=product&#038;p=34540"},"modified":"2025-04-15T15:52:51","modified_gmt":"2025-04-15T14:52:51","slug":"gomas-garrafas-cola-interdoces-1kg","status":"publish","type":"product","link":"https:\/\/www.ateti.pt\/loja\/produto\/gomas-garrafas-cola-interdoces-1kg\/","title":{"rendered":"Gomas Coca Cola 1kg Interdoces"},"content":{"rendered":"<p><strong>Gomas Coca Cola 1kg Interdoces<\/strong><\/p>\n<p><strong>Quantidade:<\/strong>\u00a01kg<\/p>\n<p><em>Gomas garrafas cola<\/em><\/p>\n<p><strong>Ingredientes:\u00a0<\/strong>Xarope de glicose, a\u00e7\u00facar, \u00e1gua, amido de milho, gelatina, acidificantes: \u00e1cido c\u00edtrico e \u00e1cido m\u00e1lico, aromas, regulador de acidez: citrato de s\u00f3dio, corantes: E141, E160c, E163.<\/p>\n<p><strong>Declara\u00e7\u00e3o Nutricional (por 100g):\u00a0<\/strong>Energia: 1423kj\/335kcal; L\u00edpidos: 0g; dos quais Saturados: 0g; Hidratos de Carbono: 78g; dos quais A\u00e7\u00facares: 56g; Prote\u00ednas: 4,1g; Sal: 0,13g.<\/p>\n","protected":false},"excerpt":{"rendered":"<p>6.71\u20ac\/kg<\/p>\n","protected":false},"featured_media":34743,"comment_status":"closed","ping_status":"closed","template":"","meta":{"_themeisle_gutenberg_block_has_review":false},"product_brand":[],"product_cat":[25,144,132],"product_tag":[],"woo-feed-brand":[],"class_list":{"0":"post-34540","1":"product","2":"type-product","3":"status-publish","4":"has-post-thumbnail","6":"product_cat-chocolates","7":"product_cat-chocolates-biscoitos-e-cereais","8":"product_cat-mercearia","9":"ts_product_brand-interdoces","11":"first","12":"instock","13":"taxable","14":"shipping-taxable","15":"purchasable","16":"product-type-simple"},"_links":{"self":[{"href":"https:\/\/www.ateti.pt\/loja\/wp-json\/wp\/v2\/product\/34540","targetHints":{"allow":["GET"]}}],"collection":[{"href":"https:\/\/www.ateti.pt\/loja\/wp-json\/wp\/v2\/product"}],"about":[{"href":"https:\/\/www.ateti.pt\/loja\/wp-json\/wp\/v2\/types\/product"}],"replies":[{"embeddable":true,"href":"https:\/\/www.ateti.pt\/loja\/wp-json\/wp\/v2\/comments?post=34540"}],"wp:featuredmedia":[{"embeddable":true,"href":"https:\/\/www.ateti.pt\/loja\/wp-json\/wp\/v2\/media\/34743"}],"wp:attachment":[{"href":"https:\/\/www.ateti.pt\/loja\/wp-json\/wp\/v2\/media?parent=34540"}],"wp:term":[{"taxonomy":"product_brand","embeddable":true,"href":"https:\/\/www.ateti.pt\/loja\/wp-json\/wp\/v2\/product_brand?post=34540"},{"taxonomy":"product_cat","embeddable":true,"href":"https:\/\/www.ateti.pt\/loja\/wp-json\/wp\/v2\/product_cat?post=34540"},{"taxonomy":"product_tag","embeddable":true,"href":"https:\/\/www.ateti.pt\/loja\/wp-json\/wp\/v2\/product_tag?post=34540"},{"taxonomy":"woo-feed-brand","embeddable":true,"href":"https:\/\/www.ateti.pt\/loja\/wp-json\/wp\/v2\/woo-feed-brand?post=34540"}],"curies":[{"name":"wp","href":"https:\/\/api.w.org\/{rel}","templated":true}]}}