{"id":34539,"date":"2021-10-29T11:35:05","date_gmt":"2021-10-29T10:35:05","guid":{"rendered":"https:\/\/www.ateti.pt\/loja\/?post_type=product&#038;p=34539"},"modified":"2023-12-21T19:01:08","modified_gmt":"2023-12-21T18:01:08","slug":"gomas-tijolos-brancos-interdoces-1kg","status":"publish","type":"product","link":"https:\/\/www.ateti.pt\/loja\/produto\/gomas-tijolos-brancos-interdoces-1kg\/","title":{"rendered":"Gomas Tijolos Brancos 1kg Interdoces"},"content":{"rendered":"<p><strong>Gomas Tijolos Brancos Interdoces<\/strong><\/p>\n<p><strong>Quantidade:<\/strong> 1kg<\/p>\n<p><em>Gomas tijolos brancos<\/em><\/p>\n<p><strong>Ingredientes:\u00a0<\/strong>Xarope de glucose-frutose, a\u00e7\u00facar, farinha de trigo, \u00e1gua, amido modificado de milho, acidificantes: E330 e E270, humidificante: E442, gordura vegetal (palma), gelatina, f\u00e9cula de batata, aroma artificial, regulador de acidez: E331, agente de revestimento: \u00f3leo vegetal (palma), emulsionante: E471, corantes: E163, E160a.<\/p>\n<p>Cont\u00e9m Gl\u00faten.<\/p>\n<p><strong>Declara\u00e7\u00e3o Nutricional (por 100g): <\/strong>Energia: 1618kj\/381kcal; L\u00edpidos: 1,1g; dos quais Saturados: 0,5g; Hidratos de Carbono: 87,9g; dos quais A\u00e7\u00facares: 61,9g; Prote\u00ednas: 2,3g; Sal: 0,18g.<\/p>\n","protected":false},"excerpt":{"rendered":"<p>8.79\u20ac\/kg<\/p>\n","protected":false},"featured_media":34745,"comment_status":"closed","ping_status":"closed","template":"","meta":{"_themeisle_gutenberg_block_has_review":false},"product_brand":[],"product_cat":[25,144,132],"product_tag":[],"woo-feed-brand":[],"class_list":{"0":"post-34539","1":"product","2":"type-product","3":"status-publish","4":"has-post-thumbnail","6":"product_cat-chocolates","7":"product_cat-chocolates-biscoitos-e-cereais","8":"product_cat-mercearia","9":"ts_product_brand-interdoces","11":"first","12":"instock","13":"taxable","14":"shipping-taxable","15":"purchasable","16":"product-type-simple"},"_links":{"self":[{"href":"https:\/\/www.ateti.pt\/loja\/wp-json\/wp\/v2\/product\/34539","targetHints":{"allow":["GET"]}}],"collection":[{"href":"https:\/\/www.ateti.pt\/loja\/wp-json\/wp\/v2\/product"}],"about":[{"href":"https:\/\/www.ateti.pt\/loja\/wp-json\/wp\/v2\/types\/product"}],"replies":[{"embeddable":true,"href":"https:\/\/www.ateti.pt\/loja\/wp-json\/wp\/v2\/comments?post=34539"}],"wp:featuredmedia":[{"embeddable":true,"href":"https:\/\/www.ateti.pt\/loja\/wp-json\/wp\/v2\/media\/34745"}],"wp:attachment":[{"href":"https:\/\/www.ateti.pt\/loja\/wp-json\/wp\/v2\/media?parent=34539"}],"wp:term":[{"taxonomy":"product_brand","embeddable":true,"href":"https:\/\/www.ateti.pt\/loja\/wp-json\/wp\/v2\/product_brand?post=34539"},{"taxonomy":"product_cat","embeddable":true,"href":"https:\/\/www.ateti.pt\/loja\/wp-json\/wp\/v2\/product_cat?post=34539"},{"taxonomy":"product_tag","embeddable":true,"href":"https:\/\/www.ateti.pt\/loja\/wp-json\/wp\/v2\/product_tag?post=34539"},{"taxonomy":"woo-feed-brand","embeddable":true,"href":"https:\/\/www.ateti.pt\/loja\/wp-json\/wp\/v2\/woo-feed-brand?post=34539"}],"curies":[{"name":"wp","href":"https:\/\/api.w.org\/{rel}","templated":true}]}}