{"id":34538,"date":"2021-10-29T12:43:35","date_gmt":"2021-10-29T11:43:35","guid":{"rendered":"https:\/\/www.ateti.pt\/loja\/?post_type=product&#038;p=34538"},"modified":"2023-12-21T18:58:25","modified_gmt":"2023-12-21T17:58:25","slug":"gomas-aros-interdoces-1kg","status":"publish","type":"product","link":"https:\/\/www.ateti.pt\/loja\/produto\/gomas-aros-interdoces-1kg\/","title":{"rendered":"Gomas Aros 1kg Interdoces"},"content":{"rendered":"<p><strong>Gomas Aros Interdoces<\/strong><\/p>\n<p><strong>Quantidade: <\/strong>1kg<\/p>\n<p><em>Gomas aros<\/em><\/p>\n<p><strong>Ingredientes:\u00a0<\/strong>Xarope de glicose, \u00e1gua, a\u00e7\u00facar, amido de milho (modificado), gelatina, acidificante: \u00e1cido c\u00edtrico e \u00e1cido m\u00e1lico, aromas, regulador de acidez: citrato de s\u00f3dio, corantes: E102, E129, E133.<\/p>\n<p>E102 e E129: Podem causar efeitos negativos na atividade e na aten\u00e7\u00e3o das crian\u00e7as.<\/p>\n<p><strong>Declara\u00e7\u00e3o Nutricional (por 100g):\u00a0<\/strong>Energia: 1447kj\/340kcal; L\u00edpidos: 0g; dos quais Saturados: 0g; Hidratos de Carbono: 80g; dos quais A\u00e7\u00facares: 61,9g; Prote\u00ednas: 4,1g; Sal: 0,1g.<\/p>\n","protected":false},"excerpt":{"rendered":"<p>8.79\u20ac\/kg<\/p>\n","protected":false},"featured_media":34756,"comment_status":"closed","ping_status":"closed","template":"","meta":{"_themeisle_gutenberg_block_has_review":false},"product_brand":[],"product_cat":[25,144,132],"product_tag":[],"woo-feed-brand":[],"class_list":{"0":"post-34538","1":"product","2":"type-product","3":"status-publish","4":"has-post-thumbnail","6":"product_cat-chocolates","7":"product_cat-chocolates-biscoitos-e-cereais","8":"product_cat-mercearia","9":"ts_product_brand-interdoces","11":"first","12":"instock","13":"taxable","14":"shipping-taxable","15":"purchasable","16":"product-type-simple"},"_links":{"self":[{"href":"https:\/\/www.ateti.pt\/loja\/wp-json\/wp\/v2\/product\/34538","targetHints":{"allow":["GET"]}}],"collection":[{"href":"https:\/\/www.ateti.pt\/loja\/wp-json\/wp\/v2\/product"}],"about":[{"href":"https:\/\/www.ateti.pt\/loja\/wp-json\/wp\/v2\/types\/product"}],"replies":[{"embeddable":true,"href":"https:\/\/www.ateti.pt\/loja\/wp-json\/wp\/v2\/comments?post=34538"}],"wp:featuredmedia":[{"embeddable":true,"href":"https:\/\/www.ateti.pt\/loja\/wp-json\/wp\/v2\/media\/34756"}],"wp:attachment":[{"href":"https:\/\/www.ateti.pt\/loja\/wp-json\/wp\/v2\/media?parent=34538"}],"wp:term":[{"taxonomy":"product_brand","embeddable":true,"href":"https:\/\/www.ateti.pt\/loja\/wp-json\/wp\/v2\/product_brand?post=34538"},{"taxonomy":"product_cat","embeddable":true,"href":"https:\/\/www.ateti.pt\/loja\/wp-json\/wp\/v2\/product_cat?post=34538"},{"taxonomy":"product_tag","embeddable":true,"href":"https:\/\/www.ateti.pt\/loja\/wp-json\/wp\/v2\/product_tag?post=34538"},{"taxonomy":"woo-feed-brand","embeddable":true,"href":"https:\/\/www.ateti.pt\/loja\/wp-json\/wp\/v2\/woo-feed-brand?post=34538"}],"curies":[{"name":"wp","href":"https:\/\/api.w.org\/{rel}","templated":true}]}}