{"id":34537,"date":"2021-10-29T12:06:23","date_gmt":"2021-10-29T11:06:23","guid":{"rendered":"https:\/\/www.ateti.pt\/loja\/?post_type=product&#038;p=34537"},"modified":"2023-12-21T18:59:48","modified_gmt":"2023-12-21T17:59:48","slug":"gomas-minhocas-brilho-interdoces-1kg","status":"publish","type":"product","link":"https:\/\/www.ateti.pt\/loja\/produto\/gomas-minhocas-brilho-interdoces-1kg\/","title":{"rendered":"Gomas Minhocas Brilho 1kg Interdoces"},"content":{"rendered":"<p><strong>Gomas Minhocas Brilho Interdoces<\/strong><\/p>\n<p><strong>Quantidade:<\/strong> 1kg<\/p>\n<p><em>Gomas minhocas brilho<\/em><\/p>\n<p><strong>Ingredientes:\u00a0<\/strong>Xarope de glicose, a\u00e7\u00facar, \u00e1gua, amido de milho, gelatina, acidificante: \u00e1cido c\u00edtrico, aromas, \u00f3leo vegetal (coco), agente de revestimento: cera de carna\u00faba, regulador de acidez: citrato de s\u00f3dio, corantes: E100, E141, E160c, E163, spirulina.<\/p>\n<p><strong>Declara\u00e7\u00e3o Nutricional (por 100g):\u00a0<\/strong>Energia: 1389kj\/327kcal; L\u00edpidos: &lt;0,5g; dos quais Saturados: 0,2g; Hidratos de Carbono: 76g; dos quais A\u00e7\u00facares: 53g; Prote\u00ednas: 4,3g; sal: 0,14g.<\/p>\n","protected":false},"excerpt":{"rendered":"<p>8.79\u20ac\/kg<\/p>\n","protected":false},"featured_media":34748,"comment_status":"closed","ping_status":"closed","template":"","meta":{"_themeisle_gutenberg_block_has_review":false},"product_brand":[],"product_cat":[25,144,132],"product_tag":[],"woo-feed-brand":[],"class_list":{"0":"post-34537","1":"product","2":"type-product","3":"status-publish","4":"has-post-thumbnail","6":"product_cat-chocolates","7":"product_cat-chocolates-biscoitos-e-cereais","8":"product_cat-mercearia","9":"ts_product_brand-interdoces","11":"first","12":"instock","13":"taxable","14":"shipping-taxable","15":"purchasable","16":"product-type-simple"},"_links":{"self":[{"href":"https:\/\/www.ateti.pt\/loja\/wp-json\/wp\/v2\/product\/34537","targetHints":{"allow":["GET"]}}],"collection":[{"href":"https:\/\/www.ateti.pt\/loja\/wp-json\/wp\/v2\/product"}],"about":[{"href":"https:\/\/www.ateti.pt\/loja\/wp-json\/wp\/v2\/types\/product"}],"replies":[{"embeddable":true,"href":"https:\/\/www.ateti.pt\/loja\/wp-json\/wp\/v2\/comments?post=34537"}],"wp:featuredmedia":[{"embeddable":true,"href":"https:\/\/www.ateti.pt\/loja\/wp-json\/wp\/v2\/media\/34748"}],"wp:attachment":[{"href":"https:\/\/www.ateti.pt\/loja\/wp-json\/wp\/v2\/media?parent=34537"}],"wp:term":[{"taxonomy":"product_brand","embeddable":true,"href":"https:\/\/www.ateti.pt\/loja\/wp-json\/wp\/v2\/product_brand?post=34537"},{"taxonomy":"product_cat","embeddable":true,"href":"https:\/\/www.ateti.pt\/loja\/wp-json\/wp\/v2\/product_cat?post=34537"},{"taxonomy":"product_tag","embeddable":true,"href":"https:\/\/www.ateti.pt\/loja\/wp-json\/wp\/v2\/product_tag?post=34537"},{"taxonomy":"woo-feed-brand","embeddable":true,"href":"https:\/\/www.ateti.pt\/loja\/wp-json\/wp\/v2\/woo-feed-brand?post=34537"}],"curies":[{"name":"wp","href":"https:\/\/api.w.org\/{rel}","templated":true}]}}