{"id":34515,"date":"2021-10-19T10:51:47","date_gmt":"2021-10-19T09:51:47","guid":{"rendered":"https:\/\/www.ateti.pt\/loja\/?post_type=product&#038;p=34515"},"modified":"2024-02-19T12:30:59","modified_gmt":"2024-02-19T12:30:59","slug":"gomas-tubaroes-interdoces-1kg","status":"publish","type":"product","link":"https:\/\/www.ateti.pt\/loja\/produto\/gomas-tubaroes-interdoces-1kg\/","title":{"rendered":"Gomas Tubar\u00f5es 1kg Interdoces"},"content":{"rendered":"<p><strong>Gomas Tubar\u00f5es Interdoces<\/strong><\/p>\n<p><strong>Quantidade: <\/strong>1kg<\/p>\n<p><em>Gomas Tubar\u00f5es<\/em><\/p>\n<p><strong>Ingredientes:\u00a0<\/strong>Xarope de glicose, \u00e1gua, a\u00e7\u00facar, amido de milho (modificado), gelatina de porco, acidificante: \u00e1cido c\u00edtrico, aromas, \u00f3leo vegetal (palma\/coco), agente de revestimento: E903, regulador de acidez: citrato de s\u00f3dio, corantes: E100, E120, E133 e E171.<\/p>\n<p><strong>Declara\u00e7\u00e3o Nutricional (por 100g):\u00a0<\/strong>Energia: 1418kj\/334kcal; L\u00edpidos: 0,2g; dos quais Saturados: 0,2g; Hidratos de Carbono: 77,6g; dos quais A\u00e7\u00facares: 55,2g; Prote\u00ednas: 4,3g; Sal: 0,1g.<\/p>\n","protected":false},"excerpt":{"rendered":"<p>8.79\u20ac\/kg<\/p>\n","protected":false},"featured_media":61597,"comment_status":"closed","ping_status":"closed","template":"","meta":{"_themeisle_gutenberg_block_has_review":false},"product_brand":[],"product_cat":[25,144,132],"product_tag":[],"woo-feed-brand":[],"class_list":{"0":"post-34515","1":"product","2":"type-product","3":"status-publish","4":"has-post-thumbnail","6":"product_cat-chocolates","7":"product_cat-chocolates-biscoitos-e-cereais","8":"product_cat-mercearia","9":"ts_product_brand-interdoces","11":"first","12":"instock","13":"taxable","14":"shipping-taxable","15":"purchasable","16":"product-type-simple"},"_links":{"self":[{"href":"https:\/\/www.ateti.pt\/loja\/wp-json\/wp\/v2\/product\/34515","targetHints":{"allow":["GET"]}}],"collection":[{"href":"https:\/\/www.ateti.pt\/loja\/wp-json\/wp\/v2\/product"}],"about":[{"href":"https:\/\/www.ateti.pt\/loja\/wp-json\/wp\/v2\/types\/product"}],"replies":[{"embeddable":true,"href":"https:\/\/www.ateti.pt\/loja\/wp-json\/wp\/v2\/comments?post=34515"}],"wp:featuredmedia":[{"embeddable":true,"href":"https:\/\/www.ateti.pt\/loja\/wp-json\/wp\/v2\/media\/61597"}],"wp:attachment":[{"href":"https:\/\/www.ateti.pt\/loja\/wp-json\/wp\/v2\/media?parent=34515"}],"wp:term":[{"taxonomy":"product_brand","embeddable":true,"href":"https:\/\/www.ateti.pt\/loja\/wp-json\/wp\/v2\/product_brand?post=34515"},{"taxonomy":"product_cat","embeddable":true,"href":"https:\/\/www.ateti.pt\/loja\/wp-json\/wp\/v2\/product_cat?post=34515"},{"taxonomy":"product_tag","embeddable":true,"href":"https:\/\/www.ateti.pt\/loja\/wp-json\/wp\/v2\/product_tag?post=34515"},{"taxonomy":"woo-feed-brand","embeddable":true,"href":"https:\/\/www.ateti.pt\/loja\/wp-json\/wp\/v2\/woo-feed-brand?post=34515"}],"curies":[{"name":"wp","href":"https:\/\/api.w.org\/{rel}","templated":true}]}}